{"id":4581,"date":"2024-11-29T23:24:58","date_gmt":"2024-11-29T23:24:58","guid":{"rendered":"https:\/\/sercoma.online\/?post_type=product&#038;p=4581"},"modified":"2024-11-29T23:26:21","modified_gmt":"2024-11-29T23:26:21","slug":"botella-de-tinta-epson-amarillo-t544","status":"publish","type":"product","link":"https:\/\/sercoma.online\/index.php\/product\/botella-de-tinta-epson-amarillo-t544\/","title":{"rendered":"Botella de Tinta Epson Amarillo T544"},"content":{"rendered":"<p>Las tintas, los papeles especiales y las impresoras Epson est\u00e1n dise\u00f1ados para trabajar juntos y as\u00ed lograr los mejores resultados.<\/p>\n<h4><strong>Caracter\u00edsticas:<\/strong><\/h4>\n<ul>\n<li><strong>Marca<\/strong>: Epson<\/li>\n<li><strong>Color<\/strong>: Amarillo<\/li>\n<li><strong>Contenido<\/strong>: 65ml.<\/li>\n<li><span class=\"list-attribute\"><strong>Tipo de producto:<\/strong>\u00a0Botella de Tinta<\/span>\u00ae<\/li>\n<li><strong>Condici\u00f3n<\/strong>: Original-Nuevo<\/li>\n<li><strong>Compatible con: <\/strong>L1110 \/ L3110 \/ L3150 \/ L5190 \/ \/ L1210 \/ L1250 \/ L3210 \/ L3250 \/ L3260 \/ L3560 \/ L5290 \/ L5590 \/<\/li>\n<\/ul>\n","protected":false},"excerpt":{"rendered":"<p>Las tintas, los papeles especiales y las impresoras Epson est\u00e1n dise\u00f1ados para trabajar juntos y as\u00ed lograr los mejores resultados.<\/p>\n<h4><strong>Caracter\u00edsticas:<\/strong><\/h4>\n<ul>\n<li><strong>Marca<\/strong>: Epson<\/li>\n<li><strong>Color<\/strong>: Amarillo<\/li>\n<li><strong>Contenido<\/strong>: 65ml.<\/li>\n<li><span class=\"list-attribute\"><strong>Tipo de producto:<\/strong>\u00a0Botella de Tinta<\/span>\u00ae<\/li>\n<li><strong>Condici\u00f3n<\/strong>: Original-Nuevo<\/li>\n<li><strong>Compatible con: <\/strong>L1110 \/ L3110 \/ L3150 \/ L5190 \/ \/ L1210 \/ L1250 \/ L3210 \/ L3250 \/ L3260 \/ L3560 \/ L5290 \/ L5590 \/<\/li>\n<\/ul>\n","protected":false},"featured_media":4537,"template":"","meta":{"_uag_custom_page_level_css":"","_monsterinsights_skip_tracking":false,"_monsterinsights_sitenote_active":false,"_monsterinsights_sitenote_note":"","_monsterinsights_sitenote_category":0,"site-sidebar-layout":"default","site-content-layout":"","ast-site-content-layout":"default","site-content-style":"default","site-sidebar-style":"default","ast-global-header-display":"","ast-banner-title-visibility":"","ast-main-header-display":"","ast-hfb-above-header-display":"","ast-hfb-below-header-display":"","ast-hfb-mobile-header-display":"","site-post-title":"","ast-breadcrumbs-content":"","ast-featured-img":"","footer-sml-layout":"","theme-transparent-header-meta":"default","adv-header-id-meta":"","stick-header-meta":"","header-above-stick-meta":"","header-main-stick-meta":"","header-below-stick-meta":"","astra-migrate-meta-layouts":"set","ast-page-background-enabled":"default","ast-page-background-meta":{"desktop":{"background-color":"","background-image":"","background-repeat":"repeat","background-position":"center center","background-size":"auto","background-attachment":"scroll","background-type":"","background-media":"","overlay-type":"","overlay-color":"","overlay-gradient":""},"tablet":{"background-color":"","background-image":"","background-repeat":"repeat","background-position":"center center","background-size":"auto","background-attachment":"scroll","background-type":"","background-media":"","overlay-type":"","overlay-color":"","overlay-gradient":""},"mobile":{"background-color":"","background-image":"","background-repeat":"repeat","background-position":"center center","background-size":"auto","background-attachment":"scroll","background-type":"","background-media":"","overlay-type":"","overlay-color":"","overlay-gradient":""}},"ast-content-background-meta":{"desktop":{"background-color":"var(--ast-global-color-5)","background-image":"","background-repeat":"repeat","background-position":"center center","background-size":"auto","background-attachment":"scroll","background-type":"","background-media":"","overlay-type":"","overlay-color":"","overlay-gradient":""},"tablet":{"background-color":"var(--ast-global-color-5)","background-image":"","background-repeat":"repeat","background-position":"center center","background-size":"auto","background-attachment":"scroll","background-type":"","background-media":"","overlay-type":"","overlay-color":"","overlay-gradient":""},"mobile":{"background-color":"var(--ast-global-color-5)","background-image":"","background-repeat":"repeat","background-position":"center center","background-size":"auto","background-attachment":"scroll","background-type":"","background-media":"","overlay-type":"","overlay-color":"","overlay-gradient":""}}},"product_cat":[56],"product_tag":[63],"class_list":{"0":"post-4581","1":"product","2":"type-product","3":"status-publish","4":"has-post-thumbnail","6":"product_cat-tintas","7":"product_tag-epson","8":"desktop-align-center","9":"tablet-align-center","10":"mobile-align-center","12":"first","13":"instock","14":"taxable","15":"shipping-taxable","16":"product-type-simple"},"aioseo_notices":[],"jetpack_sharing_enabled":true,"uagb_featured_image_src":{"full":["https:\/\/sercoma.online\/wp-content\/uploads\/2024\/11\/Botella-de-Tinta-Epson-Amarillo-T544.jpg",1080,1080,false],"thumbnail":["https:\/\/sercoma.online\/wp-content\/uploads\/2024\/11\/Botella-de-Tinta-Epson-Amarillo-T544-150x150.jpg",150,150,true],"medium":["https:\/\/sercoma.online\/wp-content\/uploads\/2024\/11\/Botella-de-Tinta-Epson-Amarillo-T544-300x300.jpg",300,300,true],"medium_large":["https:\/\/sercoma.online\/wp-content\/uploads\/2024\/11\/Botella-de-Tinta-Epson-Amarillo-T544-768x768.jpg",768,768,true],"large":["https:\/\/sercoma.online\/wp-content\/uploads\/2024\/11\/Botella-de-Tinta-Epson-Amarillo-T544-1024x1024.jpg",1024,1024,true],"1536x1536":["https:\/\/sercoma.online\/wp-content\/uploads\/2024\/11\/Botella-de-Tinta-Epson-Amarillo-T544.jpg",1080,1080,false],"2048x2048":["https:\/\/sercoma.online\/wp-content\/uploads\/2024\/11\/Botella-de-Tinta-Epson-Amarillo-T544.jpg",1080,1080,false],"woocommerce_thumbnail":["https:\/\/sercoma.online\/wp-content\/uploads\/2024\/11\/Botella-de-Tinta-Epson-Amarillo-T544-300x300.jpg",300,300,true],"woocommerce_single":["https:\/\/sercoma.online\/wp-content\/uploads\/2024\/11\/Botella-de-Tinta-Epson-Amarillo-T544-600x600.jpg",600,600,true],"woocommerce_gallery_thumbnail":["https:\/\/sercoma.online\/wp-content\/uploads\/2024\/11\/Botella-de-Tinta-Epson-Amarillo-T544-100x100.jpg",100,100,true]},"uagb_author_info":{"display_name":"sercoma.online","author_link":"https:\/\/sercoma.online\/index.php\/author\/"},"uagb_comment_info":0,"uagb_excerpt":"Las tintas, los papeles especiales y las impresoras Epson est\u00e1n dise\u00f1ados para trabajar juntos y as\u00ed lograr los mejores resultados. Caracter\u00edsticas: Marca: Epson Color: Amarillo Contenido: 65ml. Tipo de producto:\u00a0Botella de Tinta\u00ae Condici\u00f3n: Original-Nuevo Compatible con: L1110 \/ L3110 \/ L3150 \/ L5190 \/ \/ L1210 \/ L1250 \/ L3210 \/ L3250 \/ L3260 \/&hellip;","_links":{"self":[{"href":"https:\/\/sercoma.online\/index.php\/wp-json\/wp\/v2\/product\/4581"}],"collection":[{"href":"https:\/\/sercoma.online\/index.php\/wp-json\/wp\/v2\/product"}],"about":[{"href":"https:\/\/sercoma.online\/index.php\/wp-json\/wp\/v2\/types\/product"}],"version-history":[{"count":1,"href":"https:\/\/sercoma.online\/index.php\/wp-json\/wp\/v2\/product\/4581\/revisions"}],"predecessor-version":[{"id":4582,"href":"https:\/\/sercoma.online\/index.php\/wp-json\/wp\/v2\/product\/4581\/revisions\/4582"}],"wp:featuredmedia":[{"embeddable":true,"href":"https:\/\/sercoma.online\/index.php\/wp-json\/wp\/v2\/media\/4537"}],"wp:attachment":[{"href":"https:\/\/sercoma.online\/index.php\/wp-json\/wp\/v2\/media?parent=4581"}],"wp:term":[{"taxonomy":"product_cat","embeddable":true,"href":"https:\/\/sercoma.online\/index.php\/wp-json\/wp\/v2\/product_cat?post=4581"},{"taxonomy":"product_tag","embeddable":true,"href":"https:\/\/sercoma.online\/index.php\/wp-json\/wp\/v2\/product_tag?post=4581"}],"curies":[{"name":"wp","href":"https:\/\/api.w.org\/{rel}","templated":true}]}}