{"id":4476,"date":"2024-11-25T16:47:52","date_gmt":"2024-11-25T16:47:52","guid":{"rendered":"https:\/\/sercoma.online\/?post_type=product&#038;p=4476"},"modified":"2024-11-29T17:57:14","modified_gmt":"2024-11-29T17:57:14","slug":"botella-de-tinta-epson-cyan-664","status":"publish","type":"product","link":"https:\/\/sercoma.online\/index.php\/product\/botella-de-tinta-epson-cyan-664\/","title":{"rendered":"Botella de Tinta Epson Cyan T664"},"content":{"rendered":"<p>Las tintas, los papeles especiales y las impresoras Epson est\u00e1n dise\u00f1ados para trabajar juntos y as\u00ed lograr los mejores resultados.<\/p>\n<h4><strong>Caracter\u00edsticas:<\/strong><\/h4>\n<ul>\n<li><strong>Marca<\/strong>: Epson<\/li>\n<li><strong>Color<\/strong>: Cyan<\/li>\n<li><strong>Contenido<\/strong>: 70ml.<\/li>\n<li><span class=\"list-attribute\"><strong>Tipo de producto:<\/strong>\u00a0Botella de Tinta<\/span>\u00ae<\/li>\n<li><strong>Condici\u00f3n<\/strong>: Original-Nuevo<\/li>\n<li><strong>Compatible con:\u00a0<\/strong>L110 \/ L120 \/ L200 \/ L210 \/ L220 \/ L300 \/ L310 \/ L350 \/ L355 \/ L365 \/L375 \/ L380 \/ L395 \/ L396 \/ L455 \/ L475 \/ L495 \/ L555 \/ L565 \/ L575 \/ L606 \/ L655 \/ L656 \/ L1300 \/ L1455<\/li>\n<\/ul>\n","protected":false},"excerpt":{"rendered":"<p>Las tintas, los papeles especiales y las impresoras Epson est\u00e1n dise\u00f1ados para trabajar juntos y as\u00ed lograr los mejores resultados.<\/p>\n<h4><strong>Caracter\u00edsticas:<\/strong><\/h4>\n<ul>\n<li><strong>Marca<\/strong>: Epson<\/li>\n<li><strong>Color<\/strong>: Cyan<\/li>\n<li><strong>Contenido<\/strong>: 70ml.<\/li>\n<li><span class=\"list-attribute\"><strong>Tipo de producto:<\/strong>\u00a0Botella de Tinta<\/span>\u00ae<\/li>\n<li><strong>Condici\u00f3n<\/strong>: Original-Nuevo<\/li>\n<li><strong>Compatible con:\u00a0<\/strong>L110 \/ L120 \/ L200 \/ L210 \/ L220 \/ L300 \/ L310 \/ L350 \/ L355 \/ L365 \/L375 \/ L380 \/ L395 \/ L396 \/ L455 \/ L475 \/ L495 \/ L555 \/ L565 \/ L575 \/ L606 \/ L655 \/ L656 \/ L1300 \/ L1455<\/li>\n<\/ul>\n","protected":false},"featured_media":4479,"template":"","meta":{"_uag_custom_page_level_css":"","_monsterinsights_skip_tracking":false,"_monsterinsights_sitenote_active":false,"_monsterinsights_sitenote_note":"","_monsterinsights_sitenote_category":0,"site-sidebar-layout":"default","site-content-layout":"","ast-site-content-layout":"default","site-content-style":"default","site-sidebar-style":"default","ast-global-header-display":"","ast-banner-title-visibility":"","ast-main-header-display":"","ast-hfb-above-header-display":"","ast-hfb-below-header-display":"","ast-hfb-mobile-header-display":"","site-post-title":"","ast-breadcrumbs-content":"","ast-featured-img":"","footer-sml-layout":"","theme-transparent-header-meta":"default","adv-header-id-meta":"","stick-header-meta":"","header-above-stick-meta":"","header-main-stick-meta":"","header-below-stick-meta":"","astra-migrate-meta-layouts":"set","ast-page-background-enabled":"default","ast-page-background-meta":{"desktop":{"background-color":"","background-image":"","background-repeat":"repeat","background-position":"center center","background-size":"auto","background-attachment":"scroll","background-type":"","background-media":"","overlay-type":"","overlay-color":"","overlay-gradient":""},"tablet":{"background-color":"","background-image":"","background-repeat":"repeat","background-position":"center center","background-size":"auto","background-attachment":"scroll","background-type":"","background-media":"","overlay-type":"","overlay-color":"","overlay-gradient":""},"mobile":{"background-color":"","background-image":"","background-repeat":"repeat","background-position":"center center","background-size":"auto","background-attachment":"scroll","background-type":"","background-media":"","overlay-type":"","overlay-color":"","overlay-gradient":""}},"ast-content-background-meta":{"desktop":{"background-color":"var(--ast-global-color-5)","background-image":"","background-repeat":"repeat","background-position":"center center","background-size":"auto","background-attachment":"scroll","background-type":"","background-media":"","overlay-type":"","overlay-color":"","overlay-gradient":""},"tablet":{"background-color":"var(--ast-global-color-5)","background-image":"","background-repeat":"repeat","background-position":"center center","background-size":"auto","background-attachment":"scroll","background-type":"","background-media":"","overlay-type":"","overlay-color":"","overlay-gradient":""},"mobile":{"background-color":"var(--ast-global-color-5)","background-image":"","background-repeat":"repeat","background-position":"center center","background-size":"auto","background-attachment":"scroll","background-type":"","background-media":"","overlay-type":"","overlay-color":"","overlay-gradient":""}}},"product_cat":[56],"product_tag":[63],"class_list":{"0":"post-4476","1":"product","2":"type-product","3":"status-publish","4":"has-post-thumbnail","6":"product_cat-tintas","7":"product_tag-epson","8":"desktop-align-center","9":"tablet-align-center","10":"mobile-align-center","12":"first","13":"instock","14":"taxable","15":"shipping-taxable","16":"product-type-simple"},"aioseo_notices":[],"jetpack_sharing_enabled":true,"uagb_featured_image_src":{"full":["https:\/\/sercoma.online\/wp-content\/uploads\/2024\/11\/Botella-de-Tinta-Epson-Cyan-664.jpg",1080,1080,false],"thumbnail":["https:\/\/sercoma.online\/wp-content\/uploads\/2024\/11\/Botella-de-Tinta-Epson-Cyan-664-150x150.jpg",150,150,true],"medium":["https:\/\/sercoma.online\/wp-content\/uploads\/2024\/11\/Botella-de-Tinta-Epson-Cyan-664-300x300.jpg",300,300,true],"medium_large":["https:\/\/sercoma.online\/wp-content\/uploads\/2024\/11\/Botella-de-Tinta-Epson-Cyan-664-768x768.jpg",768,768,true],"large":["https:\/\/sercoma.online\/wp-content\/uploads\/2024\/11\/Botella-de-Tinta-Epson-Cyan-664-1024x1024.jpg",1024,1024,true],"1536x1536":["https:\/\/sercoma.online\/wp-content\/uploads\/2024\/11\/Botella-de-Tinta-Epson-Cyan-664.jpg",1080,1080,false],"2048x2048":["https:\/\/sercoma.online\/wp-content\/uploads\/2024\/11\/Botella-de-Tinta-Epson-Cyan-664.jpg",1080,1080,false],"woocommerce_thumbnail":["https:\/\/sercoma.online\/wp-content\/uploads\/2024\/11\/Botella-de-Tinta-Epson-Cyan-664-300x300.jpg",300,300,true],"woocommerce_single":["https:\/\/sercoma.online\/wp-content\/uploads\/2024\/11\/Botella-de-Tinta-Epson-Cyan-664-600x600.jpg",600,600,true],"woocommerce_gallery_thumbnail":["https:\/\/sercoma.online\/wp-content\/uploads\/2024\/11\/Botella-de-Tinta-Epson-Cyan-664-100x100.jpg",100,100,true]},"uagb_author_info":{"display_name":"sercoma.online","author_link":"https:\/\/sercoma.online\/index.php\/author\/"},"uagb_comment_info":0,"uagb_excerpt":"Las tintas, los papeles especiales y las impresoras Epson est\u00e1n dise\u00f1ados para trabajar juntos y as\u00ed lograr los mejores resultados. Caracter\u00edsticas: Marca: Epson Color: Cyan Contenido: 70ml. Tipo de producto:\u00a0Botella de Tinta\u00ae Condici\u00f3n: Original-Nuevo Compatible con:\u00a0L110 \/ L120 \/ L200 \/ L210 \/ L220 \/ L300 \/ L310 \/ L350 \/ L355 \/ L365 \/L375&hellip;","_links":{"self":[{"href":"https:\/\/sercoma.online\/index.php\/wp-json\/wp\/v2\/product\/4476"}],"collection":[{"href":"https:\/\/sercoma.online\/index.php\/wp-json\/wp\/v2\/product"}],"about":[{"href":"https:\/\/sercoma.online\/index.php\/wp-json\/wp\/v2\/types\/product"}],"version-history":[{"count":3,"href":"https:\/\/sercoma.online\/index.php\/wp-json\/wp\/v2\/product\/4476\/revisions"}],"predecessor-version":[{"id":4568,"href":"https:\/\/sercoma.online\/index.php\/wp-json\/wp\/v2\/product\/4476\/revisions\/4568"}],"wp:featuredmedia":[{"embeddable":true,"href":"https:\/\/sercoma.online\/index.php\/wp-json\/wp\/v2\/media\/4479"}],"wp:attachment":[{"href":"https:\/\/sercoma.online\/index.php\/wp-json\/wp\/v2\/media?parent=4476"}],"wp:term":[{"taxonomy":"product_cat","embeddable":true,"href":"https:\/\/sercoma.online\/index.php\/wp-json\/wp\/v2\/product_cat?post=4476"},{"taxonomy":"product_tag","embeddable":true,"href":"https:\/\/sercoma.online\/index.php\/wp-json\/wp\/v2\/product_tag?post=4476"}],"curies":[{"name":"wp","href":"https:\/\/api.w.org\/{rel}","templated":true}]}}