{"id":4422,"date":"2024-11-20T14:53:54","date_gmt":"2024-11-20T14:53:54","guid":{"rendered":"https:\/\/sercoma.online\/?post_type=product&#038;p=4422"},"modified":"2024-11-20T15:47:14","modified_gmt":"2024-11-20T15:47:14","slug":"impresora-surecolor-p7570","status":"publish","type":"product","link":"https:\/\/sercoma.online\/index.php\/product\/impresora-surecolor-p7570\/","title":{"rendered":"Impresora Epson SureColor P7570"},"content":{"rendered":"<p>Impresora fotogr\u00e1fica, ideal para pruebas de color en formatos de 24&#8243;. Creemos que la tecnolog\u00eda tiene el poder de empujar los l\u00edmites creativos, superar los l\u00edmites de la imaginaci\u00f3n e impulsar el arte a nuevas alturas. Por eso, despu\u00e9s de 20 a\u00f1os de perfeccionar la tecnolog\u00eda de impresi\u00f3n de gran formato, estamos listos para presentar nuestra impresora m\u00e1s avanzada hasta la fecha, dise\u00f1ada para transformar su visi\u00f3n art\u00edstica en una experiencia verdaderamente inolvidable.<\/p>\n<hr \/>\n<h4><strong>Especificaciones<\/strong><strong>:<\/strong><\/h4>\n<ul>\n<li><strong>Marca<\/strong>: Epson<\/li>\n<li><strong>Peso:<\/strong>269 lb (122 kg)<\/li>\n<li><span class=\"list-attribute\"><strong>Tipo de producto:<\/strong>\u00a0Impresora Fotogr\u00e1fica<\/span><\/li>\n<li><strong>Velocidad de Impresi\u00f3n:<\/strong> Impresiones de 23,4&#8243; x 33,1&#8243; Normal (BEO: apagado) 2:02<\/li>\n<li><strong>Ancho m\u00e1ximo del rollo:<\/strong> 24&#8243; (60,96 cm)<\/li>\n<li><strong>Largo m\u00ednimo de corte autom\u00e1tico:<\/strong> 5,0&#8243; (12,7 cm) con m\u00e1rgenes superior e inferior de m\u00ednimo 5,24&#8243; o 13,3 cm<\/li>\n<li><strong>Impresora inalambrica:\u00a0<\/strong>S\u00ed<\/li>\n<li><strong>Condici\u00f3n<\/strong>: Original-Nuevo<\/li>\n<\/ul>\n<p><span style=\"color: #00a7f8;\"><a style=\"color: #00a7f8;\" title=\"FICHA T\u00c9CNICA\" href=\"https:\/\/mediaserver.goepson.com\/ImConvServlet\/imconv\/b352741a91e9c868f9965d5f776a504abe12b754\/original?assetDescr=Ficha-T%C3%A9cnica-SureColor-P7570\" target=\"_blank\" rel=\"noopener\">[ FICHA T\u00c9CNICA ]<\/a><\/span><\/p>\n<hr \/>\n<h4><strong>Caracteristicas<\/strong><strong>:<\/strong><\/h4>\n<ul>\n<li><strong>Extrema gama de color:<\/strong> las nuevas tintas UltraChrome\u00ae PRO12 con violeta, reproducen colores asombrosos cubriendo hasta el 99% de la gu\u00eda de f\u00f3rmulas de Pantone\u00ae para colores s\u00f3lidos y recubrimientos est\u00e1ndar.<\/li>\n<li><strong>Nuestra impresora de gran formato m\u00e1s avanzada hasta ahora<\/strong> para fotograf\u00eda, reproducci\u00f3n de arte, pruebas de color e impresiones de dise\u00f1o gr\u00e1fico de calidad y rendimiento inigualables.<\/li>\n<li><strong>Impulsada por PrecisionCore\u00ae:<\/strong> el nuevo cabezal MicroTFP\u00ae de 12 canales imprime al doble de la velocidad de las generaciones anteriores.<\/li>\n<li><strong>Cambio en tiempo real de las tintas foto y mate:<\/strong> las boquillas dedicadas para ambos tipos de tinta no requieren intercambio.<\/li>\n<li><strong>\u00cdndices de permanencia l\u00edderes en la industria:<\/strong> reproduce impresiones a color que pueden durar hasta 200 a\u00f1os y hasta 400 a\u00f1os en blanco y negro.<\/li>\n<\/ul>\n","protected":false},"excerpt":{"rendered":"<p>Impresora fotogr\u00e1fica, ideal para pruebas de color en formatos de 24&#8243;. Creemos que la tecnolog\u00eda tiene el poder de empujar los l\u00edmites creativos, superar los l\u00edmites de la imaginaci\u00f3n e impulsar el arte a nuevas alturas. Por eso, despu\u00e9s de 20 a\u00f1os de perfeccionar la tecnolog\u00eda de impresi\u00f3n de gran formato, estamos listos para presentar nuestra impresora m\u00e1s avanzada hasta la fecha, dise\u00f1ada para transformar su visi\u00f3n art\u00edstica en una experiencia verdaderamente inolvidable.<\/p>\n","protected":false},"featured_media":4423,"template":"","meta":{"_uag_custom_page_level_css":"","_monsterinsights_skip_tracking":false,"_monsterinsights_sitenote_active":false,"_monsterinsights_sitenote_note":"","_monsterinsights_sitenote_category":0,"site-sidebar-layout":"default","site-content-layout":"","ast-site-content-layout":"default","site-content-style":"default","site-sidebar-style":"default","ast-global-header-display":"","ast-banner-title-visibility":"","ast-main-header-display":"","ast-hfb-above-header-display":"","ast-hfb-below-header-display":"","ast-hfb-mobile-header-display":"","site-post-title":"","ast-breadcrumbs-content":"","ast-featured-img":"","footer-sml-layout":"","theme-transparent-header-meta":"default","adv-header-id-meta":"","stick-header-meta":"","header-above-stick-meta":"","header-main-stick-meta":"","header-below-stick-meta":"","astra-migrate-meta-layouts":"set","ast-page-background-enabled":"default","ast-page-background-meta":{"desktop":{"background-color":"","background-image":"","background-repeat":"repeat","background-position":"center center","background-size":"auto","background-attachment":"scroll","background-type":"","background-media":"","overlay-type":"","overlay-color":"","overlay-gradient":""},"tablet":{"background-color":"","background-image":"","background-repeat":"repeat","background-position":"center center","background-size":"auto","background-attachment":"scroll","background-type":"","background-media":"","overlay-type":"","overlay-color":"","overlay-gradient":""},"mobile":{"background-color":"","background-image":"","background-repeat":"repeat","background-position":"center center","background-size":"auto","background-attachment":"scroll","background-type":"","background-media":"","overlay-type":"","overlay-color":"","overlay-gradient":""}},"ast-content-background-meta":{"desktop":{"background-color":"var(--ast-global-color-5)","background-image":"","background-repeat":"repeat","background-position":"center center","background-size":"auto","background-attachment":"scroll","background-type":"","background-media":"","overlay-type":"","overlay-color":"","overlay-gradient":""},"tablet":{"background-color":"var(--ast-global-color-5)","background-image":"","background-repeat":"repeat","background-position":"center center","background-size":"auto","background-attachment":"scroll","background-type":"","background-media":"","overlay-type":"","overlay-color":"","overlay-gradient":""},"mobile":{"background-color":"var(--ast-global-color-5)","background-image":"","background-repeat":"repeat","background-position":"center center","background-size":"auto","background-attachment":"scroll","background-type":"","background-media":"","overlay-type":"","overlay-color":"","overlay-gradient":""}}},"product_cat":[54,52],"product_tag":[],"class_list":{"0":"post-4422","1":"product","2":"type-product","3":"status-publish","4":"has-post-thumbnail","6":"product_cat-fotografia-plotters","7":"product_cat-plotters","8":"desktop-align-center","9":"tablet-align-center","10":"mobile-align-center","12":"first","13":"instock","14":"taxable","15":"shipping-taxable","16":"product-type-simple"},"aioseo_notices":[],"jetpack_sharing_enabled":true,"uagb_featured_image_src":{"full":["https:\/\/sercoma.online\/wp-content\/uploads\/2024\/11\/P7570-01.jpg",2080,2080,false],"thumbnail":["https:\/\/sercoma.online\/wp-content\/uploads\/2024\/11\/P7570-01-150x150.jpg",150,150,true],"medium":["https:\/\/sercoma.online\/wp-content\/uploads\/2024\/11\/P7570-01-300x300.jpg",300,300,true],"medium_large":["https:\/\/sercoma.online\/wp-content\/uploads\/2024\/11\/P7570-01-768x768.jpg",768,768,true],"large":["https:\/\/sercoma.online\/wp-content\/uploads\/2024\/11\/P7570-01-1024x1024.jpg",1024,1024,true],"1536x1536":["https:\/\/sercoma.online\/wp-content\/uploads\/2024\/11\/P7570-01-1536x1536.jpg",1536,1536,true],"2048x2048":["https:\/\/sercoma.online\/wp-content\/uploads\/2024\/11\/P7570-01-2048x2048.jpg",2048,2048,true],"woocommerce_thumbnail":["https:\/\/sercoma.online\/wp-content\/uploads\/2024\/11\/P7570-01-300x300.jpg",300,300,true],"woocommerce_single":["https:\/\/sercoma.online\/wp-content\/uploads\/2024\/11\/P7570-01-600x600.jpg",600,600,true],"woocommerce_gallery_thumbnail":["https:\/\/sercoma.online\/wp-content\/uploads\/2024\/11\/P7570-01-100x100.jpg",100,100,true]},"uagb_author_info":{"display_name":"sercoma.online","author_link":"https:\/\/sercoma.online\/index.php\/author\/"},"uagb_comment_info":0,"uagb_excerpt":"Impresora fotogr\u00e1fica, ideal para pruebas de color en formatos de 24\". Creemos que la tecnolog\u00eda tiene el poder de empujar los l\u00edmites creativos, superar los l\u00edmites de la imaginaci\u00f3n e impulsar el arte a nuevas alturas. Por eso, despu\u00e9s de 20 a\u00f1os de perfeccionar la tecnolog\u00eda de impresi\u00f3n de gran formato, estamos listos para presentar&hellip;","_links":{"self":[{"href":"https:\/\/sercoma.online\/index.php\/wp-json\/wp\/v2\/product\/4422"}],"collection":[{"href":"https:\/\/sercoma.online\/index.php\/wp-json\/wp\/v2\/product"}],"about":[{"href":"https:\/\/sercoma.online\/index.php\/wp-json\/wp\/v2\/types\/product"}],"version-history":[{"count":3,"href":"https:\/\/sercoma.online\/index.php\/wp-json\/wp\/v2\/product\/4422\/revisions"}],"predecessor-version":[{"id":4436,"href":"https:\/\/sercoma.online\/index.php\/wp-json\/wp\/v2\/product\/4422\/revisions\/4436"}],"wp:featuredmedia":[{"embeddable":true,"href":"https:\/\/sercoma.online\/index.php\/wp-json\/wp\/v2\/media\/4423"}],"wp:attachment":[{"href":"https:\/\/sercoma.online\/index.php\/wp-json\/wp\/v2\/media?parent=4422"}],"wp:term":[{"taxonomy":"product_cat","embeddable":true,"href":"https:\/\/sercoma.online\/index.php\/wp-json\/wp\/v2\/product_cat?post=4422"},{"taxonomy":"product_tag","embeddable":true,"href":"https:\/\/sercoma.online\/index.php\/wp-json\/wp\/v2\/product_tag?post=4422"}],"curies":[{"name":"wp","href":"https:\/\/api.w.org\/{rel}","templated":true}]}}