{"id":4385,"date":"2024-11-15T15:05:00","date_gmt":"2024-11-15T15:05:00","guid":{"rendered":"https:\/\/sercoma.online\/?post_type=product&#038;p=4385"},"modified":"2024-11-19T00:04:41","modified_gmt":"2024-11-19T00:04:41","slug":"impresora-epson-surecolor-p8000-standard-edition","status":"publish","type":"product","link":"https:\/\/sercoma.online\/index.php\/product\/impresora-epson-surecolor-p8000-standard-edition\/","title":{"rendered":"Impresora Epson SureColor P8000 Standard Edition"},"content":{"rendered":"<p>Alcanza nuevas cotas de calidad en tus fotos profesionales y copias art\u00edsticas con la SC-P8000. Capaz de producir un amplio espectro de colores, incluye un pack de tintas de ocho colores y dispone de cabezal de impresi\u00f3n Epson TFP PrecisionCore para obtener resultados precisos y duraderos. Su avanzada ingenier\u00eda se combina con una gama de caracter\u00edsticas f\u00e1ciles de utilizar que proporcionan a los usuarios la mejor herramienta de impresi\u00f3n.<\/p>\n<hr \/>\n<h4><strong>Especificaciones<\/strong><strong>:<\/strong><\/h4>\n<ul>\n<li><strong>Marca<\/strong>: Epson<\/li>\n<li><strong>Peso: <\/strong>195 kg<\/li>\n<li><span class=\"list-attribute\"><strong>Tipo de producto:<\/strong> Impresora Fotogr\u00e1fica<\/span><\/li>\n<li><strong>Velocidad de Impresi\u00f3n: <\/strong>16&#8243; x 20&#8243; prints from 2:02 to 6:58 Production is 4:16<sup>2<\/sup><\/li>\n<li><strong>Ancho m\u00e1ximo del rollo:<\/strong> Hasta 44&#8243;<\/li>\n<li><strong>Tama\u00f1o M\u00ednimo de las Hojas Sueltas: <\/strong>8.5&#8243; x 11&#8243;<\/li>\n<li><strong>Impresora inalambrica: <\/strong>No<\/li>\n<li><strong>Condici\u00f3n<\/strong>: Original-Nuevo<\/li>\n<\/ul>\n<p><span style=\"color: #00a7f8;\"><a style=\"color: #00a7f8;\" title=\"FICHA T\u00c9CNICA\" href=\"https:\/\/mediaserver.goepson.com\/ImConvServlet\/imconv\/dd73b39963c2a1ed150c5cf7ad3934f781c4955f\/original\" target=\"_blank\" rel=\"noopener\">[ FICHA T\u00c9CNICA ]<\/a><\/span><\/p>\n<hr \/>\n<h4><strong>Caracteristicas<\/strong><strong>:<\/strong><\/h4>\n<ul>\n<li><b>Amplia gama crom\u00e1tica: <\/b>El modelo SC-P8000, que incluye un pack de tintas pigmentadas de 8 colores UltraChrome HD, para la producci\u00f3n de una amplia gama crom\u00e1tica con certificaci\u00f3n Pantone\u00ae a fin de crear resultados de calidad superior y muy precisos con colores brillantes e intensos. Para conseguir copias asombrosas, cuenta con un Modo Avanzado en Blanco y Negro para producir negros ricos y profundos de alta densidad y tonos ultrasuaves.<\/li>\n<li><b>Fiable y eficiente: <\/b>Con el cabezal de impresi\u00f3n Epson TFP PrecisionCore y la funci\u00f3n autom\u00e1tica de comprobaci\u00f3n de inyectores, los usuarios consiguen resultados de calidad \u00f3ptima. La reproducci\u00f3n del color uniforme est\u00e1 garantizada, una y otra vez y sin necesidad de a\u00f1adir caros complementos, gracias a la herramienta Epson Colour Calibration y al SpectroProofer opcional con tecnolog\u00eda X-Rite, que aporta medici\u00f3n del color r\u00e1pida y precisa.<\/li>\n<li><b>F\u00e1cil de usar: <\/b>La impresora se ha dise\u00f1ado, hasta el \u00faltimo detalle, para maximizar su facilidad de uso y fiabilidad. Cambiar de papel resulta sencillo, y navegar por los men\u00fas es c\u00f3modo con el panel de control LCD retroiluminado. Asimismo, la posibilidad de elegir entre cartuchos independientes de 350 ml y 700 ml permite obtener tiradas de impresi\u00f3n de mayor volumen entre reemplazos de cartuchos. Dispone de un disco duro opcional de 320 Gb con el que los usuarios podr\u00e1n liberar su ordenador y donde podr\u00e1n almacenar varios trabajos en la impresora listos para la producci\u00f3n.<\/li>\n<li><b>Resultados duraderos: <\/b>Gracias a su resistencia superior a la luz, las copias mantendr\u00e1n su buen aspecto mucho tiempo una vez impresas. De hecho, las copias en papel fotogr\u00e1fico Premium Glossy Photo Paper pueden durar hasta 60 a\u00f1os.<\/li>\n<\/ul>\n","protected":false},"excerpt":{"rendered":"<p>Alcanza nuevas cotas de calidad en tus fotos profesionales y copias art\u00edsticas con la SC-P8000. Capaz de producir un amplio espectro de colores, incluye un pack de tintas de ocho colores y dispone de cabezal de impresi\u00f3n Epson TFP PrecisionCore para obtener resultados precisos y duraderos. Su avanzada ingenier\u00eda se combina con una gama de caracter\u00edsticas f\u00e1ciles de utilizar que proporcionan a los usuarios la mejor herramienta de impresi\u00f3n.<\/p>\n","protected":false},"featured_media":4398,"template":"","meta":{"_uag_custom_page_level_css":"","_monsterinsights_skip_tracking":false,"_monsterinsights_sitenote_active":false,"_monsterinsights_sitenote_note":"","_monsterinsights_sitenote_category":0,"site-sidebar-layout":"default","site-content-layout":"","ast-site-content-layout":"default","site-content-style":"default","site-sidebar-style":"default","ast-global-header-display":"","ast-banner-title-visibility":"","ast-main-header-display":"","ast-hfb-above-header-display":"","ast-hfb-below-header-display":"","ast-hfb-mobile-header-display":"","site-post-title":"","ast-breadcrumbs-content":"","ast-featured-img":"","footer-sml-layout":"","theme-transparent-header-meta":"default","adv-header-id-meta":"","stick-header-meta":"","header-above-stick-meta":"","header-main-stick-meta":"","header-below-stick-meta":"","astra-migrate-meta-layouts":"set","ast-page-background-enabled":"default","ast-page-background-meta":{"desktop":{"background-color":"","background-image":"","background-repeat":"repeat","background-position":"center center","background-size":"auto","background-attachment":"scroll","background-type":"","background-media":"","overlay-type":"","overlay-color":"","overlay-gradient":""},"tablet":{"background-color":"","background-image":"","background-repeat":"repeat","background-position":"center center","background-size":"auto","background-attachment":"scroll","background-type":"","background-media":"","overlay-type":"","overlay-color":"","overlay-gradient":""},"mobile":{"background-color":"","background-image":"","background-repeat":"repeat","background-position":"center center","background-size":"auto","background-attachment":"scroll","background-type":"","background-media":"","overlay-type":"","overlay-color":"","overlay-gradient":""}},"ast-content-background-meta":{"desktop":{"background-color":"var(--ast-global-color-5)","background-image":"","background-repeat":"repeat","background-position":"center center","background-size":"auto","background-attachment":"scroll","background-type":"","background-media":"","overlay-type":"","overlay-color":"","overlay-gradient":""},"tablet":{"background-color":"var(--ast-global-color-5)","background-image":"","background-repeat":"repeat","background-position":"center center","background-size":"auto","background-attachment":"scroll","background-type":"","background-media":"","overlay-type":"","overlay-color":"","overlay-gradient":""},"mobile":{"background-color":"var(--ast-global-color-5)","background-image":"","background-repeat":"repeat","background-position":"center center","background-size":"auto","background-attachment":"scroll","background-type":"","background-media":"","overlay-type":"","overlay-color":"","overlay-gradient":""}}},"product_cat":[54,52],"product_tag":[],"class_list":{"0":"post-4385","1":"product","2":"type-product","3":"status-publish","4":"has-post-thumbnail","6":"product_cat-fotografia-plotters","7":"product_cat-plotters","8":"desktop-align-center","9":"tablet-align-center","10":"mobile-align-center","12":"first","13":"instock","14":"taxable","15":"shipping-taxable","16":"product-type-simple"},"aioseo_notices":[],"jetpack_sharing_enabled":true,"uagb_featured_image_src":{"full":["https:\/\/sercoma.online\/wp-content\/uploads\/2024\/11\/P8000-1.jpg",2080,2080,false],"thumbnail":["https:\/\/sercoma.online\/wp-content\/uploads\/2024\/11\/P8000-1-150x150.jpg",150,150,true],"medium":["https:\/\/sercoma.online\/wp-content\/uploads\/2024\/11\/P8000-1-300x300.jpg",300,300,true],"medium_large":["https:\/\/sercoma.online\/wp-content\/uploads\/2024\/11\/P8000-1-768x768.jpg",768,768,true],"large":["https:\/\/sercoma.online\/wp-content\/uploads\/2024\/11\/P8000-1-1024x1024.jpg",1024,1024,true],"1536x1536":["https:\/\/sercoma.online\/wp-content\/uploads\/2024\/11\/P8000-1-1536x1536.jpg",1536,1536,true],"2048x2048":["https:\/\/sercoma.online\/wp-content\/uploads\/2024\/11\/P8000-1-2048x2048.jpg",2048,2048,true],"woocommerce_thumbnail":["https:\/\/sercoma.online\/wp-content\/uploads\/2024\/11\/P8000-1-300x300.jpg",300,300,true],"woocommerce_single":["https:\/\/sercoma.online\/wp-content\/uploads\/2024\/11\/P8000-1-600x600.jpg",600,600,true],"woocommerce_gallery_thumbnail":["https:\/\/sercoma.online\/wp-content\/uploads\/2024\/11\/P8000-1-100x100.jpg",100,100,true]},"uagb_author_info":{"display_name":"sercoma.online","author_link":"https:\/\/sercoma.online\/index.php\/author\/"},"uagb_comment_info":0,"uagb_excerpt":"Alcanza nuevas cotas de calidad en tus fotos profesionales y copias art\u00edsticas con la SC-P8000. Capaz de producir un amplio espectro de colores, incluye un pack de tintas de ocho colores y dispone de cabezal de impresi\u00f3n Epson TFP PrecisionCore para obtener resultados precisos y duraderos. Su avanzada ingenier\u00eda se combina con una gama de&hellip;","_links":{"self":[{"href":"https:\/\/sercoma.online\/index.php\/wp-json\/wp\/v2\/product\/4385"}],"collection":[{"href":"https:\/\/sercoma.online\/index.php\/wp-json\/wp\/v2\/product"}],"about":[{"href":"https:\/\/sercoma.online\/index.php\/wp-json\/wp\/v2\/types\/product"}],"version-history":[{"count":4,"href":"https:\/\/sercoma.online\/index.php\/wp-json\/wp\/v2\/product\/4385\/revisions"}],"predecessor-version":[{"id":4395,"href":"https:\/\/sercoma.online\/index.php\/wp-json\/wp\/v2\/product\/4385\/revisions\/4395"}],"wp:featuredmedia":[{"embeddable":true,"href":"https:\/\/sercoma.online\/index.php\/wp-json\/wp\/v2\/media\/4398"}],"wp:attachment":[{"href":"https:\/\/sercoma.online\/index.php\/wp-json\/wp\/v2\/media?parent=4385"}],"wp:term":[{"taxonomy":"product_cat","embeddable":true,"href":"https:\/\/sercoma.online\/index.php\/wp-json\/wp\/v2\/product_cat?post=4385"},{"taxonomy":"product_tag","embeddable":true,"href":"https:\/\/sercoma.online\/index.php\/wp-json\/wp\/v2\/product_tag?post=4385"}],"curies":[{"name":"wp","href":"https:\/\/api.w.org\/{rel}","templated":true}]}}