{"id":4086,"date":"2024-09-06T21:40:55","date_gmt":"2024-09-06T21:40:55","guid":{"rendered":"https:\/\/sercoma.online\/?post_type=product&#038;p=4086"},"modified":"2024-11-15T14:54:25","modified_gmt":"2024-11-15T14:54:25","slug":"impresora-fotografica-epson-surecolor-p6570e-de-formato-ancho-de-24","status":"publish","type":"product","link":"https:\/\/sercoma.online\/index.php\/product\/impresora-fotografica-epson-surecolor-p6570e-de-formato-ancho-de-24\/","title":{"rendered":"Impresora Fotogr\u00e1fica Epson SureColor P6570E de Formato Ancho de 24\u201d"},"content":{"rendered":"<p>Con un dise\u00f1o de impresora completamente renovado, la SureColor P6570E produce impresiones sorprendentes sin problemas a altas velocidades de producci\u00f3n. Lo \u00faltimo lanzamiento de un l\u00edder en calidad de imagen, la SureColor P6570E utiliza tintas UltraChrome\u00ae PRO6 de 6 colores con gris para producir im\u00e1genes v\u00edvidas y hermosas que compiten con impresoras comparables de 8 colores. Dise\u00f1ada para satisfacer sus necesidades \u00fanicas de producci\u00f3n de fotograf\u00edas y artes gr\u00e1ficas, esta impresora vers\u00e1til ofrece caracter\u00edsticas personalizables,y \u00a0f\u00e1cil carga y operaci\u00f3n desde el panel frontal para brindar productividad de nivel superior para su negocio.<\/p>\n<hr \/>\n<h4><strong>Especificaciones<\/strong><strong>:<\/strong><\/h4>\n<ul>\n<li><strong>Marca<\/strong>: Epson<\/li>\n<li><strong>Peso: <\/strong>253 lb<\/li>\n<li><span class=\"list-attribute\"><strong>Tipo de producto:<\/strong> Impresora Fotogr\u00e1fica<\/span><\/li>\n<li><strong>Velocidad de Impresi\u00f3n:<\/strong> (2P) 926 pies cuadrados\/h<\/li>\n<li><strong>Ancho m\u00e1ximo del rollo:<\/strong>\u00a0Hasta 24\u2033<\/li>\n<li><strong>Ancho M\u00ednimo del rollo: <\/strong>10&#8243;\/Hoja: 8&#8243;<\/li>\n<li><strong>Impresora inalambrica:<\/strong>\u00a0S\u00ed<\/li>\n<li><strong>Condici\u00f3n<\/strong>: Original-Nuevo<\/li>\n<\/ul>\n<p><span style=\"color: #00a7f8;\"><a style=\"color: #00a7f8;\" title=\"FICHA T\u00c9CNICA\" href=\"https:\/\/mediaserver.goepson.com\/ImConvServlet\/imconv\/965fb709ce5128330c7b1f89dd0d08db99c0df9b\/original?assetDescr=SureColor%20P6570E%20Specification%20Sheet.pdf\" target=\"_blank\" rel=\"noopener\">[ FICHA T\u00c9CNICA ]<\/a><\/span><\/p>\n<hr \/>\n<h4><strong>Caracteristicas<\/strong><strong>:<\/strong><\/h4>\n<ul>\n<li><strong>Su innovador dise\u00f1o se adapta a casi cualquier flujo de trabajo:<\/strong>\u00a0dise\u00f1o \u00fanico de parte superior plana con completa operaci\u00f3n frontal y carga de rollo autom\u00e1tica simple.<\/li>\n<li><strong>Tama\u00f1o compacto:\u00a0<\/strong>el dise\u00f1o compacto cabe en espacios peque\u00f1os y se puede empujar contra una pared.<\/li>\n<li><strong>Excelente calidad de imagen con seis colores:\u00a0<\/strong>la tinta UltraChrome<sup>\u00ae<\/sup>\u00a0PRO6 con gris produce impresiones vibrantes, ricas y coloridas con gradaciones suaves e im\u00e1genes neutrales en blanco y negro que compiten con impresoras comparables de 8 colores.<\/li>\n<li><strong>Velocidad y rendimiento incre\u00edbles:\u00a0<\/strong>produce impresiones fotogr\u00e1ficas n\u00edtidas, detalladas y coloridas con un cabezal de impresi\u00f3n PrecisionCore<sup>\u00ae<\/sup>\u00a0MicroTFP confiable, que brinda velocidades de impresi\u00f3n notables\u00b9.<\/li>\n<li><strong>Imprima en una amplia gama de soportes para diversas aplicaciones fotogr\u00e1ficas:<\/strong>\u00a0imprima en una amplia gama de soportes, incluidos fotograf\u00edas, arte fino, lienzos y cartulina r\u00edgida de hasta 1,5 mm de grosor.<\/li>\n<li><strong>Productividad perfecta con un solo rollo:\u00a0<\/strong>cargue y descargue automaticamente soportes fotogr\u00e1ficos y de bellas artes.<\/li>\n<li><strong>No requiere ensamblaje:<\/strong>\u00a0est\u00e9 listo e imprima en tan solo 30 minutos; Opciones de USB 3.0 de alta velocidad, Gigabit Ethernet y Wi-Fi<sup>\u00ae<\/sup>\u00a0(2,4 GHz y 5 GHz) para adaptarse virtualmente a cualquier flujo de trabajo.<\/li>\n<li><strong>F\u00e1cil de usar y mantener:\u00a0<\/strong>panel de control de pantalla t\u00e1ctil configurable de 4,3&#8243; para una operaci\u00f3n simple, mantenimiento de rutina automatizado y autoservicio conveniente para el usuario para una operaci\u00f3n a largo plazo.<\/li>\n<li><strong>Funciones de seguridad y herramientas de TI:\u00a0<\/strong>m\u00e1s de 28 funciones de seguridad y de TI para oficinas u oficinas remotas, incluido el cifrado de hardware, la opci\u00f3n de tarjeta IC para control y seguimiento de usuarios, y una gran cantidad de herramientas de administraci\u00f3n de TI.<\/li>\n<li><strong>Maximice la productividad con el paquete de software Epson<sup>\u00ae<\/sup>\u00a0incluido y Epson Cloud Solution PORT\u00b9:<\/strong>\u00a0administre y controle de forma remota su flota de impresoras desde la comodidad de su computadora port\u00e1til o dispositivo inteligente.<\/li>\n<\/ul>\n","protected":false},"excerpt":{"rendered":"<p>Con un dise\u00f1o de impresora completamente renovado, la SureColor P6570E produce impresiones sorprendentes sin problemas a altas velocidades de producci\u00f3n. Lo \u00faltimo lanzamiento de un l\u00edder en calidad de imagen, la SureColor P6570E utiliza tintas UltraChrome\u00ae PRO6 de 6 colores con gris para producir im\u00e1genes v\u00edvidas y hermosas que compiten con impresoras comparables de 8 colores. Dise\u00f1ada para satisfacer sus necesidades \u00fanicas de producci\u00f3n de fotograf\u00edas y artes gr\u00e1ficas, esta impresora vers\u00e1til ofrece caracter\u00edsticas personalizables,y \u00a0f\u00e1cil carga y operaci\u00f3n desde el panel frontal para brindar productividad de nivel superior para su negocio.<\/p>\n","protected":false},"featured_media":4087,"template":"","meta":{"_uag_custom_page_level_css":"","_monsterinsights_skip_tracking":false,"_monsterinsights_sitenote_active":false,"_monsterinsights_sitenote_note":"","_monsterinsights_sitenote_category":0,"site-sidebar-layout":"default","site-content-layout":"","ast-site-content-layout":"default","site-content-style":"default","site-sidebar-style":"default","ast-global-header-display":"","ast-banner-title-visibility":"","ast-main-header-display":"","ast-hfb-above-header-display":"","ast-hfb-below-header-display":"","ast-hfb-mobile-header-display":"","site-post-title":"","ast-breadcrumbs-content":"","ast-featured-img":"","footer-sml-layout":"","theme-transparent-header-meta":"default","adv-header-id-meta":"","stick-header-meta":"","header-above-stick-meta":"","header-main-stick-meta":"","header-below-stick-meta":"","astra-migrate-meta-layouts":"set","ast-page-background-enabled":"default","ast-page-background-meta":{"desktop":{"background-color":"","background-image":"","background-repeat":"repeat","background-position":"center center","background-size":"auto","background-attachment":"scroll","background-type":"","background-media":"","overlay-type":"","overlay-color":"","overlay-gradient":""},"tablet":{"background-color":"","background-image":"","background-repeat":"repeat","background-position":"center center","background-size":"auto","background-attachment":"scroll","background-type":"","background-media":"","overlay-type":"","overlay-color":"","overlay-gradient":""},"mobile":{"background-color":"","background-image":"","background-repeat":"repeat","background-position":"center center","background-size":"auto","background-attachment":"scroll","background-type":"","background-media":"","overlay-type":"","overlay-color":"","overlay-gradient":""}},"ast-content-background-meta":{"desktop":{"background-color":"var(--ast-global-color-5)","background-image":"","background-repeat":"repeat","background-position":"center center","background-size":"auto","background-attachment":"scroll","background-type":"","background-media":"","overlay-type":"","overlay-color":"","overlay-gradient":""},"tablet":{"background-color":"var(--ast-global-color-5)","background-image":"","background-repeat":"repeat","background-position":"center center","background-size":"auto","background-attachment":"scroll","background-type":"","background-media":"","overlay-type":"","overlay-color":"","overlay-gradient":""},"mobile":{"background-color":"var(--ast-global-color-5)","background-image":"","background-repeat":"repeat","background-position":"center center","background-size":"auto","background-attachment":"scroll","background-type":"","background-media":"","overlay-type":"","overlay-color":"","overlay-gradient":""}}},"product_cat":[54,52],"product_tag":[],"class_list":{"0":"post-4086","1":"product","2":"type-product","3":"status-publish","4":"has-post-thumbnail","6":"product_cat-fotografia-plotters","7":"product_cat-plotters","8":"desktop-align-center","9":"tablet-align-center","10":"mobile-align-center","12":"first","13":"instock","14":"taxable","15":"shipping-taxable","16":"product-type-simple"},"aioseo_notices":[],"jetpack_sharing_enabled":true,"uagb_featured_image_src":{"full":["https:\/\/sercoma.online\/wp-content\/uploads\/2024\/09\/P6570E.jpg",2080,2080,false],"thumbnail":["https:\/\/sercoma.online\/wp-content\/uploads\/2024\/09\/P6570E-150x150.jpg",150,150,true],"medium":["https:\/\/sercoma.online\/wp-content\/uploads\/2024\/09\/P6570E-300x300.jpg",300,300,true],"medium_large":["https:\/\/sercoma.online\/wp-content\/uploads\/2024\/09\/P6570E-768x768.jpg",768,768,true],"large":["https:\/\/sercoma.online\/wp-content\/uploads\/2024\/09\/P6570E-1024x1024.jpg",1024,1024,true],"1536x1536":["https:\/\/sercoma.online\/wp-content\/uploads\/2024\/09\/P6570E-1536x1536.jpg",1536,1536,true],"2048x2048":["https:\/\/sercoma.online\/wp-content\/uploads\/2024\/09\/P6570E-2048x2048.jpg",2048,2048,true],"woocommerce_thumbnail":["https:\/\/sercoma.online\/wp-content\/uploads\/2024\/09\/P6570E-300x300.jpg",300,300,true],"woocommerce_single":["https:\/\/sercoma.online\/wp-content\/uploads\/2024\/09\/P6570E-600x600.jpg",600,600,true],"woocommerce_gallery_thumbnail":["https:\/\/sercoma.online\/wp-content\/uploads\/2024\/09\/P6570E-100x100.jpg",100,100,true]},"uagb_author_info":{"display_name":"sercoma.online","author_link":"https:\/\/sercoma.online\/index.php\/author\/"},"uagb_comment_info":0,"uagb_excerpt":"Con un dise\u00f1o de impresora completamente renovado, la SureColor P6570E produce impresiones sorprendentes sin problemas a altas velocidades de producci\u00f3n. Lo \u00faltimo lanzamiento de un l\u00edder en calidad de imagen, la SureColor P6570E utiliza tintas UltraChrome\u00ae PRO6 de 6 colores con gris para producir im\u00e1genes v\u00edvidas y hermosas que compiten con impresoras comparables de 8&hellip;","_links":{"self":[{"href":"https:\/\/sercoma.online\/index.php\/wp-json\/wp\/v2\/product\/4086"}],"collection":[{"href":"https:\/\/sercoma.online\/index.php\/wp-json\/wp\/v2\/product"}],"about":[{"href":"https:\/\/sercoma.online\/index.php\/wp-json\/wp\/v2\/types\/product"}],"version-history":[{"count":3,"href":"https:\/\/sercoma.online\/index.php\/wp-json\/wp\/v2\/product\/4086\/revisions"}],"predecessor-version":[{"id":4384,"href":"https:\/\/sercoma.online\/index.php\/wp-json\/wp\/v2\/product\/4086\/revisions\/4384"}],"wp:featuredmedia":[{"embeddable":true,"href":"https:\/\/sercoma.online\/index.php\/wp-json\/wp\/v2\/media\/4087"}],"wp:attachment":[{"href":"https:\/\/sercoma.online\/index.php\/wp-json\/wp\/v2\/media?parent=4086"}],"wp:term":[{"taxonomy":"product_cat","embeddable":true,"href":"https:\/\/sercoma.online\/index.php\/wp-json\/wp\/v2\/product_cat?post=4086"},{"taxonomy":"product_tag","embeddable":true,"href":"https:\/\/sercoma.online\/index.php\/wp-json\/wp\/v2\/product_tag?post=4086"}],"curies":[{"name":"wp","href":"https:\/\/api.w.org\/{rel}","templated":true}]}}