{"id":4073,"date":"2024-09-06T00:20:03","date_gmt":"2024-09-06T00:20:03","guid":{"rendered":"https:\/\/sercoma.online\/?post_type=product&#038;p=4073"},"modified":"2024-11-14T15:57:09","modified_gmt":"2024-11-14T15:57:09","slug":"impresora-de-escritorio-epson-surecolor-t3170x-24","status":"publish","type":"product","link":"https:\/\/sercoma.online\/index.php\/product\/impresora-de-escritorio-epson-surecolor-t3170x-24\/","title":{"rendered":"Impresora de Escritorio Epson SureColor T3170X 24&#8243;"},"content":{"rendered":"<p>Los mejores costos de impresi\u00f3n del mercado en su segmento: con las botellas de tinta de 140 ml se puede obtener mayor cantidad de impresiones al menor costo del mercado en equipos de 24 pulgadas. Impresi\u00f3n sin cartuchos: botellas de tinta de alta capacidad con sistema EcoFit\u2122 que evita derrames y errores de carga de tinta a trav\u00e9s de su sistema \u00fanico de llenado por color.<\/p>\n<hr \/>\n<h4><strong>Especificaciones<\/strong><strong>:<\/strong><\/h4>\n<ul>\n<li><strong>Marca<\/strong>: Epson<\/li>\n<li><strong>Peso:<\/strong>64 lb (29 kg)<\/li>\n<li><span class=\"list-attribute\"><strong>Tipo de producto:<\/strong> Plotter para oficina<\/span><\/li>\n<li><strong>\u00a0Dimensiones (L. x A. x Alt.):<\/strong> 38&#8243; x 32&#8243; x 10&#8243; (970 mm x 811 mm x 245 mm)<\/li>\n<li><strong>Velocidad de impresi\u00f3n:<\/strong> Impresi\u00f3n en formato A1\/D en 34 segundos<\/li>\n<li><strong>Impresora inalambrica:<\/strong>\u00a0S\u00ed<\/li>\n<li><strong>Condici\u00f3n<\/strong>: Original-Nuevo<\/li>\n<\/ul>\n<p><span style=\"color: #00a7f8;\"><a style=\"color: #00a7f8;\" title=\"FICHA T\u00c9CNICA\" href=\"https:\/\/mediaserver.goepson.com\/ImConvServlet\/imconv\/9a347183b95737716d3590643c9b9be0747293a0\/original?assetDescr=Ficha-T%C3%A9cnica-T3170x\" target=\"_blank\" rel=\"noopener\">[ FICHA T\u00c9CNICA ]<\/a><\/span><\/p>\n<hr \/>\n<h4><strong>Caracteristicas<\/strong><strong>:<\/strong><\/h4>\n<ul>\n<li><strong>Velocidades de impresi\u00f3n ultra r\u00e1pidas:<\/strong>\u00a0el cabezal de impresi\u00f3n PrecisionCore\u00ae MicroTFP\u00ae produce impresiones precisas en tama\u00f1o A1\/D en solo 34 segundos.<\/li>\n<li><strong>Dise\u00f1o compacto y simplificado:<\/strong>\u00a0impresora ultra compacta<sup>2<\/sup>\u00a0con elegante dise\u00f1o minimalista, se integra a los espacios de trabajo ajust\u00e1ndose f\u00e1cilmente sobre la mesa de trabajo o usando un soporte (se vende por separado).<\/li>\n<li><strong>Imprima virtualmente desde cualquier lugar de su oficina:<\/strong>\u00a0imprima f\u00e1cilmente desde tabletas, tel\u00e9fonos m\u00f3viles<sup>3<\/sup>\u00a0y otros dispositivos por medio de Wi-Fi Direct\u00ae, el sistema inal\u00e1mbrico integrado de conexi\u00f3n directa, sin necesidad de enrutador.<\/li>\n<li><strong>F\u00e1cil de usar:<\/strong>\u00a0la pantalla intuitiva LCD de 4,3&#8243; a color, simplifica las tareas de impresi\u00f3n.<\/li>\n<li><strong>Imagen de calidad inigualable:<\/strong>\u00a0el cabezal de impresi\u00f3n PrecisionCore\u00ae MicroTFP\u00ae con precisi\u00f3n de control del goteo, genera una claridad incomparable, adem\u00e1s de una confiabilidad de nivel comercial gracias a la tecnolog\u00eda de verificaci\u00f3n de boquillas.<\/li>\n<li><strong>Manejo vers\u00e1til de medios:<\/strong>\u00a0puede utilizar rollos de hasta 24&#8243; (61 cm) de ancho y hojas de 11&#8243; x 17&#8243; (27,9 cm x 43,2 cm) con el alimentador autom\u00e1tico de hojas sueltas.<\/li>\n<li><strong>Detalles n\u00edtidos y precisos:<\/strong>\u00a0imprima avisos, planos, dibujos lineales y m\u00e1s, en hasta 2400 ppp.<\/li>\n<li><strong>F\u00e1cil instalaci\u00f3n:<\/strong>\u00a0instale en menos de 30 minutos.<\/li>\n<\/ul>\n","protected":false},"excerpt":{"rendered":"<p>Los mejores costos de impresi\u00f3n del mercado en su segmento: con las botellas de tinta de 140 ml se puede obtener mayor cantidad de impresiones al menor costo del mercado en equipos de 24 pulgadas.<\/p>\n<p>Impresi\u00f3n sin cartuchos: botellas de tinta de alta capacidad con sistema EcoFit\u2122 que evita derrames y errores de carga de tinta a trav\u00e9s de su sistema \u00fanico de llenado por color.<\/p>\n","protected":false},"featured_media":4229,"template":"","meta":{"_uag_custom_page_level_css":"","_monsterinsights_skip_tracking":false,"_monsterinsights_sitenote_active":false,"_monsterinsights_sitenote_note":"","_monsterinsights_sitenote_category":0,"site-sidebar-layout":"default","site-content-layout":"","ast-site-content-layout":"default","site-content-style":"default","site-sidebar-style":"default","ast-global-header-display":"","ast-banner-title-visibility":"","ast-main-header-display":"","ast-hfb-above-header-display":"","ast-hfb-below-header-display":"","ast-hfb-mobile-header-display":"","site-post-title":"","ast-breadcrumbs-content":"","ast-featured-img":"","footer-sml-layout":"","theme-transparent-header-meta":"default","adv-header-id-meta":"","stick-header-meta":"","header-above-stick-meta":"","header-main-stick-meta":"","header-below-stick-meta":"","astra-migrate-meta-layouts":"set","ast-page-background-enabled":"default","ast-page-background-meta":{"desktop":{"background-color":"","background-image":"","background-repeat":"repeat","background-position":"center center","background-size":"auto","background-attachment":"scroll","background-type":"","background-media":"","overlay-type":"","overlay-color":"","overlay-gradient":""},"tablet":{"background-color":"","background-image":"","background-repeat":"repeat","background-position":"center center","background-size":"auto","background-attachment":"scroll","background-type":"","background-media":"","overlay-type":"","overlay-color":"","overlay-gradient":""},"mobile":{"background-color":"","background-image":"","background-repeat":"repeat","background-position":"center center","background-size":"auto","background-attachment":"scroll","background-type":"","background-media":"","overlay-type":"","overlay-color":"","overlay-gradient":""}},"ast-content-background-meta":{"desktop":{"background-color":"var(--ast-global-color-5)","background-image":"","background-repeat":"repeat","background-position":"center center","background-size":"auto","background-attachment":"scroll","background-type":"","background-media":"","overlay-type":"","overlay-color":"","overlay-gradient":""},"tablet":{"background-color":"var(--ast-global-color-5)","background-image":"","background-repeat":"repeat","background-position":"center center","background-size":"auto","background-attachment":"scroll","background-type":"","background-media":"","overlay-type":"","overlay-color":"","overlay-gradient":""},"mobile":{"background-color":"var(--ast-global-color-5)","background-image":"","background-repeat":"repeat","background-position":"center center","background-size":"auto","background-attachment":"scroll","background-type":"","background-media":"","overlay-type":"","overlay-color":"","overlay-gradient":""}}},"product_cat":[55,52],"product_tag":[],"class_list":{"0":"post-4073","1":"product","2":"type-product","3":"status-publish","4":"has-post-thumbnail","6":"product_cat-planos","7":"product_cat-plotters","8":"desktop-align-center","9":"tablet-align-center","10":"mobile-align-center","12":"first","13":"instock","14":"taxable","15":"shipping-taxable","16":"product-type-simple"},"aioseo_notices":[],"jetpack_sharing_enabled":true,"uagb_featured_image_src":{"full":["https:\/\/sercoma.online\/wp-content\/uploads\/2024\/09\/sc-t3170x-1.jpg",2080,2080,false],"thumbnail":["https:\/\/sercoma.online\/wp-content\/uploads\/2024\/09\/sc-t3170x-1-150x150.jpg",150,150,true],"medium":["https:\/\/sercoma.online\/wp-content\/uploads\/2024\/09\/sc-t3170x-1-300x300.jpg",300,300,true],"medium_large":["https:\/\/sercoma.online\/wp-content\/uploads\/2024\/09\/sc-t3170x-1-768x768.jpg",768,768,true],"large":["https:\/\/sercoma.online\/wp-content\/uploads\/2024\/09\/sc-t3170x-1-1024x1024.jpg",1024,1024,true],"1536x1536":["https:\/\/sercoma.online\/wp-content\/uploads\/2024\/09\/sc-t3170x-1-1536x1536.jpg",1536,1536,true],"2048x2048":["https:\/\/sercoma.online\/wp-content\/uploads\/2024\/09\/sc-t3170x-1-2048x2048.jpg",2048,2048,true],"woocommerce_thumbnail":["https:\/\/sercoma.online\/wp-content\/uploads\/2024\/09\/sc-t3170x-1-300x300.jpg",300,300,true],"woocommerce_single":["https:\/\/sercoma.online\/wp-content\/uploads\/2024\/09\/sc-t3170x-1-600x600.jpg",600,600,true],"woocommerce_gallery_thumbnail":["https:\/\/sercoma.online\/wp-content\/uploads\/2024\/09\/sc-t3170x-1-100x100.jpg",100,100,true]},"uagb_author_info":{"display_name":"sercoma.online","author_link":"https:\/\/sercoma.online\/index.php\/author\/"},"uagb_comment_info":0,"uagb_excerpt":"Los mejores costos de impresi\u00f3n del mercado en su segmento: con las botellas de tinta de 140 ml se puede obtener mayor cantidad de impresiones al menor costo del mercado en equipos de 24 pulgadas. Impresi\u00f3n sin cartuchos: botellas de tinta de alta capacidad con sistema EcoFit\u2122 que evita derrames y errores de carga de&hellip;","_links":{"self":[{"href":"https:\/\/sercoma.online\/index.php\/wp-json\/wp\/v2\/product\/4073"}],"collection":[{"href":"https:\/\/sercoma.online\/index.php\/wp-json\/wp\/v2\/product"}],"about":[{"href":"https:\/\/sercoma.online\/index.php\/wp-json\/wp\/v2\/types\/product"}],"version-history":[{"count":4,"href":"https:\/\/sercoma.online\/index.php\/wp-json\/wp\/v2\/product\/4073\/revisions"}],"predecessor-version":[{"id":4366,"href":"https:\/\/sercoma.online\/index.php\/wp-json\/wp\/v2\/product\/4073\/revisions\/4366"}],"wp:featuredmedia":[{"embeddable":true,"href":"https:\/\/sercoma.online\/index.php\/wp-json\/wp\/v2\/media\/4229"}],"wp:attachment":[{"href":"https:\/\/sercoma.online\/index.php\/wp-json\/wp\/v2\/media?parent=4073"}],"wp:term":[{"taxonomy":"product_cat","embeddable":true,"href":"https:\/\/sercoma.online\/index.php\/wp-json\/wp\/v2\/product_cat?post=4073"},{"taxonomy":"product_tag","embeddable":true,"href":"https:\/\/sercoma.online\/index.php\/wp-json\/wp\/v2\/product_tag?post=4073"}],"curies":[{"name":"wp","href":"https:\/\/api.w.org\/{rel}","templated":true}]}}