{"id":4068,"date":"2024-09-02T15:55:25","date_gmt":"2024-09-02T15:55:25","guid":{"rendered":"https:\/\/sercoma.online\/?post_type=product&#038;p=4068"},"modified":"2024-11-20T15:31:32","modified_gmt":"2024-11-20T15:31:32","slug":"impresora-fotografica-ecotank-l8050","status":"publish","type":"product","link":"https:\/\/sercoma.online\/index.php\/product\/impresora-fotografica-ecotank-l8050\/","title":{"rendered":"Impresora Fotogr\u00e1fica Epson EcoTank L8050"},"content":{"rendered":"<p>La EcoTank L8050 es una impresora fotogr\u00e1fica accesible y confiable. ideal para productores gr\u00e1ficos, entusiastas y vendedores de fotograf\u00edas que buscan colores vibrantes y de alta calidad con la comodidad de la conectividad Wi-Fi, para imprimir desde dispositivos m\u00f3viles con la aplicaci\u00f3n Epson SmartPanel. Fotograf\u00edas en colores vibrantes gracias al tanque de tinta de 6 colores, imprime fotos de 10&#215;15 cm en 25 segundos, compatible con la aplicaci\u00f3n Epson Smart Panel, impresi\u00f3n en CD, DVD y tarjetas de identificaci\u00f3n de PVC, imprime hasta 2.100 fotos de 10 x 15 cm con un kit de botella de repuesto original de Epson.<\/p>\n<hr \/>\n<h4><strong>Especificaciones<\/strong><strong>:<\/strong><\/h4>\n<ul>\n<li><strong>Marca<\/strong>: Epson<\/li>\n<li><strong>Peso:<\/strong>6 kg<\/li>\n<li><span class=\"list-attribute\"><strong>Tipo de producto:<\/strong> Impresora Fotogr\u00e1fica<\/span><\/li>\n<li><strong>\u00a0Dimensiones (An. x Pr. x Al.):<\/strong> A40,3 cm x 63,3 cm x 29,9 cm<\/li>\n<li><strong>Velocidad de impresi\u00f3n m\u00e1xima:<\/strong> Negro 22 ppm y color 22 ppm (A4\/carta). Fotos a color 4\u201d x 6\u201d (10 cm x 15 cm): 11 segundos (borrador)<\/li>\n<li><strong>\u00c1rea de escaneo m\u00e1xima:<\/strong> No incluye<\/li>\n<li><strong>Impresora inalambrica:<\/strong>\u00a0S\u00ed<\/li>\n<li><strong>Condici\u00f3n<\/strong>: Original-Nuevo<\/li>\n<\/ul>\n<p><span style=\"color: #00a7f8;\"><a style=\"color: #00a7f8;\" title=\"FICHA T\u00c9CNICA\" href=\"https:\/\/mediaserver.goepson.com\/ImConvServlet\/imconv\/b39f395c94f417bb7735a8d7f41079c70c9a6017\/original?assetDescr=Especificaciones-EcoTank-L8050-v4.pdf\" target=\"_blank\" rel=\"noopener\">[ FICHA T\u00c9CNICA ]<\/a><\/span><\/p>\n<hr \/>\n<h4><strong>Caracteristicas<\/strong><strong>:<\/strong><\/h4>\n<div class=\"info-block\">\n<ul>\n<li class=\"item-name\">Despierta emociones con los colores vibrantes de tus fotos, imprime fotograf\u00edas sin bordes de hasta tama\u00f1o A4\/carta con una amplia gama de colores gracias a la combinaci\u00f3n de 6 colores de tinta, incluidos el cian claro y el magenta claro.<\/li>\n<li class=\"item-name\">Imprima m\u00e1s en menos tiempo con la impresi\u00f3n de fotograf\u00edas de alta velocidad. Imprime fotos de 10&#215;15 cm en solo 25 segundos (modo de impresi\u00f3n normal).<\/li>\n<li class=\"item-name\">F\u00e1cil de compartir y conectar, Conecte la impresora a su red a trav\u00e9s de Wi-Fi o Wi-Fi Direct<sup>4<\/sup>\u00a0e imprima, configure y opere su EcoTank desde dispositivos m\u00f3viles con la aplicaci\u00f3n Epson Smart Panel.<\/li>\n<li class=\"item-name\">M\u00e1s posibilidades de impresi\u00f3n. Adem\u00e1s de imprimir fotograf\u00edas asombrosas, la L8050 imprime directamente en CD, DVD y tarjetas de identificaci\u00f3n de PVC.<\/li>\n<\/ul>\n<div class=\"info-block\">\n<div>\n<div class=\"info-block\"><\/div>\n<\/div>\n<\/div>\n<div>\n<div class=\"info-block\"><\/div>\n<\/div>\n<\/div>\n","protected":false},"excerpt":{"rendered":"<p>La EcoTank L8050 es una impresora fotogr\u00e1fica accesible y confiable. ideal para productores gr\u00e1ficos, entusiastas y vendedores de fotograf\u00edas que buscan colores vibrantes y de alta calidad con la comodidad de la conectividad Wi-Fi, para imprimir desde dispositivos m\u00f3viles con la aplicaci\u00f3n Epson SmartPanel.<\/p>\n<ul>\n<li>Fotograf\u00edas en colores vibrantes gracias al tanque de tinta de 6 colores<\/li>\n<li>Imprime fotos de 10&#215;15 cm en 25 segundos<\/li>\n<li>Compatible con la aplicaci\u00f3n Epson Smart Panel<\/li>\n<li>Impresi\u00f3n en CD, DVD y tarjetas de identificaci\u00f3n de PVC<\/li>\n<li>Imprime hasta 2.100 fotos de 10 x 15 cm con un kit de botella de repuesto original de Epson<\/li>\n<\/ul>\n","protected":false},"featured_media":4063,"template":"","meta":{"_uag_custom_page_level_css":"","_monsterinsights_skip_tracking":false,"_monsterinsights_sitenote_active":false,"_monsterinsights_sitenote_note":"","_monsterinsights_sitenote_category":0,"site-sidebar-layout":"default","site-content-layout":"","ast-site-content-layout":"default","site-content-style":"default","site-sidebar-style":"default","ast-global-header-display":"","ast-banner-title-visibility":"","ast-main-header-display":"","ast-hfb-above-header-display":"","ast-hfb-below-header-display":"","ast-hfb-mobile-header-display":"","site-post-title":"","ast-breadcrumbs-content":"","ast-featured-img":"","footer-sml-layout":"","theme-transparent-header-meta":"disabled","adv-header-id-meta":"","stick-header-meta":"","header-above-stick-meta":"","header-main-stick-meta":"","header-below-stick-meta":"","astra-migrate-meta-layouts":"set","ast-page-background-enabled":"default","ast-page-background-meta":{"desktop":{"background-color":"","background-image":"","background-repeat":"repeat","background-position":"center center","background-size":"auto","background-attachment":"scroll","background-type":"","background-media":"","overlay-type":"","overlay-color":"","overlay-gradient":""},"tablet":{"background-color":"","background-image":"","background-repeat":"repeat","background-position":"center center","background-size":"auto","background-attachment":"scroll","background-type":"","background-media":"","overlay-type":"","overlay-color":"","overlay-gradient":""},"mobile":{"background-color":"","background-image":"","background-repeat":"repeat","background-position":"center center","background-size":"auto","background-attachment":"scroll","background-type":"","background-media":"","overlay-type":"","overlay-color":"","overlay-gradient":""}},"ast-content-background-meta":{"desktop":{"background-color":"var(--ast-global-color-5)","background-image":"","background-repeat":"repeat","background-position":"center center","background-size":"auto","background-attachment":"scroll","background-type":"","background-media":"","overlay-type":"","overlay-color":"","overlay-gradient":""},"tablet":{"background-color":"var(--ast-global-color-5)","background-image":"","background-repeat":"repeat","background-position":"center center","background-size":"auto","background-attachment":"scroll","background-type":"","background-media":"","overlay-type":"","overlay-color":"","overlay-gradient":""},"mobile":{"background-color":"var(--ast-global-color-5)","background-image":"","background-repeat":"repeat","background-position":"center center","background-size":"auto","background-attachment":"scroll","background-type":"","background-media":"","overlay-type":"","overlay-color":"","overlay-gradient":""}}},"product_cat":[45,23],"product_tag":[],"class_list":{"0":"post-4068","1":"product","2":"type-product","3":"status-publish","4":"has-post-thumbnail","6":"product_cat-fotografia","7":"product_cat-impresoras","8":"desktop-align-center","9":"tablet-align-center","10":"mobile-align-center","12":"first","13":"instock","14":"taxable","15":"shipping-taxable","16":"product-type-simple"},"aioseo_notices":[],"jetpack_sharing_enabled":true,"uagb_featured_image_src":{"full":["https:\/\/sercoma.online\/wp-content\/uploads\/2024\/09\/L8050.jpg",2080,2080,false],"thumbnail":["https:\/\/sercoma.online\/wp-content\/uploads\/2024\/09\/L8050-150x150.jpg",150,150,true],"medium":["https:\/\/sercoma.online\/wp-content\/uploads\/2024\/09\/L8050-300x300.jpg",300,300,true],"medium_large":["https:\/\/sercoma.online\/wp-content\/uploads\/2024\/09\/L8050-768x768.jpg",768,768,true],"large":["https:\/\/sercoma.online\/wp-content\/uploads\/2024\/09\/L8050-1024x1024.jpg",1024,1024,true],"1536x1536":["https:\/\/sercoma.online\/wp-content\/uploads\/2024\/09\/L8050-1536x1536.jpg",1536,1536,true],"2048x2048":["https:\/\/sercoma.online\/wp-content\/uploads\/2024\/09\/L8050-2048x2048.jpg",2048,2048,true],"woocommerce_thumbnail":["https:\/\/sercoma.online\/wp-content\/uploads\/2024\/09\/L8050-300x300.jpg",300,300,true],"woocommerce_single":["https:\/\/sercoma.online\/wp-content\/uploads\/2024\/09\/L8050-600x600.jpg",600,600,true],"woocommerce_gallery_thumbnail":["https:\/\/sercoma.online\/wp-content\/uploads\/2024\/09\/L8050-100x100.jpg",100,100,true]},"uagb_author_info":{"display_name":"sercoma.online","author_link":"https:\/\/sercoma.online\/index.php\/author\/"},"uagb_comment_info":0,"uagb_excerpt":"La EcoTank L8050 es una impresora fotogr\u00e1fica accesible y confiable. ideal para productores gr\u00e1ficos, entusiastas y vendedores de fotograf\u00edas que buscan colores vibrantes y de alta calidad con la comodidad de la conectividad Wi-Fi, para imprimir desde dispositivos m\u00f3viles con la aplicaci\u00f3n Epson SmartPanel. Fotograf\u00edas en colores vibrantes gracias al tanque de tinta de 6&hellip;","_links":{"self":[{"href":"https:\/\/sercoma.online\/index.php\/wp-json\/wp\/v2\/product\/4068"}],"collection":[{"href":"https:\/\/sercoma.online\/index.php\/wp-json\/wp\/v2\/product"}],"about":[{"href":"https:\/\/sercoma.online\/index.php\/wp-json\/wp\/v2\/types\/product"}],"version-history":[{"count":6,"href":"https:\/\/sercoma.online\/index.php\/wp-json\/wp\/v2\/product\/4068\/revisions"}],"predecessor-version":[{"id":4432,"href":"https:\/\/sercoma.online\/index.php\/wp-json\/wp\/v2\/product\/4068\/revisions\/4432"}],"wp:featuredmedia":[{"embeddable":true,"href":"https:\/\/sercoma.online\/index.php\/wp-json\/wp\/v2\/media\/4063"}],"wp:attachment":[{"href":"https:\/\/sercoma.online\/index.php\/wp-json\/wp\/v2\/media?parent=4068"}],"wp:term":[{"taxonomy":"product_cat","embeddable":true,"href":"https:\/\/sercoma.online\/index.php\/wp-json\/wp\/v2\/product_cat?post=4068"},{"taxonomy":"product_tag","embeddable":true,"href":"https:\/\/sercoma.online\/index.php\/wp-json\/wp\/v2\/product_tag?post=4068"}],"curies":[{"name":"wp","href":"https:\/\/api.w.org\/{rel}","templated":true}]}}