{"id":4062,"date":"2024-09-02T15:49:29","date_gmt":"2024-09-02T15:49:29","guid":{"rendered":"https:\/\/sercoma.online\/?post_type=product&#038;p=4062"},"modified":"2024-10-03T15:34:42","modified_gmt":"2024-10-03T15:34:42","slug":"impresora-multifuncional-epson-ecotank-l8180","status":"publish","type":"product","link":"https:\/\/sercoma.online\/index.php\/product\/impresora-multifuncional-epson-ecotank-l8180\/","title":{"rendered":"Impresora Fotogr\u00e1fica Multifuncional Epson EcoTank L8180"},"content":{"rendered":"<p>La EcoTank L8180 es una impresora de fotos 3 en 1 que ofrece una excelente calidad de impresi\u00f3n fotogr\u00e1fica de hasta A3+, con su configuraci\u00f3n \u00fanica de tinta Claria ET 6, que incluye gris y negro pigmentado, con la conveniencia del reemplazo de alto rendimiento y ultra bajo costo de EcoTank, con botellas de tinta que rinden hasta 2.300 fotograf\u00edas 4X6&#8243;<\/p>\n<hr \/>\n<h4><strong>Especificaciones<\/strong><strong>:<\/strong><\/h4>\n<ul>\n<li><strong>Marca<\/strong>: Epson<\/li>\n<li><strong>Peso: <\/strong>11,1 kg<\/li>\n<li><span class=\"list-attribute\"><strong>Tipo de producto:<\/strong> Impresora Fotogr\u00e1fica 3 en 1<\/span><\/li>\n<li><strong>\u00a0Dimensiones (An. x Pr. x Al.):<\/strong> 523 mm x 379 mm x 169 mm<\/li>\n<li><strong>Velocidad de impresi\u00f3n m\u00e1xima:<\/strong> Simplex: negro 32 ppm y color 32 ppm (borrador, A4\/carta). Fotos a color 4&#8243; x 6&#8243; (10 cm x 15 cm): 15 segundos (borrador)<\/li>\n<li><strong>\u00c1rea de escaneo m\u00e1xima:<\/strong> 215,9 mm x 355,6 mm<\/li>\n<li><strong>Impresora inalambrica:<\/strong>\u00a0S\u00ed<\/li>\n<li><strong>Condici\u00f3n<\/strong>: Original-Nuevo<\/li>\n<\/ul>\n<p><span style=\"color: #00a7f8;\"><a style=\"color: #00a7f8;\" title=\"FICHA T\u00c9CNICA\" href=\"https:\/\/mediaserver.goepson.com\/ImConvServlet\/imconv\/7d82c2d66d874b48eb614bd15852657223301c2a\/original?assetDescr=Ficha-t%C3%A9cnica-EcoTank-L8180.pdf\" target=\"_blank\" rel=\"noopener\">[ FICHA T\u00c9CNICA ]<\/a><\/span><\/p>\n<hr \/>\n<h4><strong>Caracteristicas<\/strong><strong>:<\/strong><\/h4>\n<div class=\"info-block\">\n<ul>\n<li><strong>Excelente calidad de impresi\u00f3n:<\/strong>\u00a0ofrece un rendimiento superior de fotograf\u00edas en color y en blanco y negro y textos de alta calidad gracias a las 6 tintas Claria ET, que incluyen gris y negro pigmentado.<\/li>\n<li><strong>Vers\u00e1til 3 en 1:<\/strong>\u00a0imprime hasta A3 +, copia y escanea hasta Oficio con conectividad Wi-Fi 4 + Ethernet 10\/100 e impresi\u00f3n m\u00f3vil<\/li>\n<li><strong>Creatividad mejorada:<\/strong>\u00a0maneja una variedad de medios con fuentes de medios de 5 v\u00edas, incluido el de paso directo para imprimir en medios gruesos de hasta 1,3 mm<\/li>\n<li><strong>Alta productividad:<\/strong>\u00a0altas velocidades de impresi\u00f3n, d\u00faplex autom\u00e1tico (A4 \/ Carta) y rendimiento de hasta 2.300 fotos con botellas de repuesto de bajo costo<sup>9.<\/sup><\/li>\n<li><strong>F\u00e1cil de conectar y compartir:<\/strong>\u00a0con Wi-Fi 4, Wi-Fi Direct, Ethernet 10\/100 e impresi\u00f3n m\u00f3vil (Apple Airprint, Mopria, impresi\u00f3n desde Chromebook)<\/li>\n<li><strong>Cuenta con 5 entradas de papel:<\/strong>\u00a02 bandejas frontales, incluida una bandeja de fotograf\u00edas dedicada de hasta 5 x 7&#8243;, CD \/ DVD, alimentaci\u00f3n de papel posterior (A3 +) y nuevo paso directo para imprimir papeles gruesos de hasta 1,3 mm<\/li>\n<li><strong>Alta productividad:<\/strong>\u00a0velocidades m\u00e1ximas de impresi\u00f3n de hasta 32 ppm en negro y color y 25 segundos para imprimir una foto de 4&#215;6 en calidad est\u00e1ndar, con impresi\u00f3n autom\u00e1tica a doble cara (A4 \/ Carta)<\/li>\n<\/ul>\n<\/div>\n","protected":false},"excerpt":{"rendered":"<p>La EcoTank L8180 es una impresora de fotos 3 en 1 que ofrece una excelente calidad de impresi\u00f3n fotogr\u00e1fica de hasta A3+, con su configuraci\u00f3n \u00fanica de tinta Claria ET 6, que incluye gris y negro pigmentado, con la conveniencia del reemplazo de alto rendimiento y ultra bajo costo de EcoTank, con botellas de tinta que rinden hasta 2.300 fotograf\u00edas 4X6&#8243;<\/p>\n","protected":false},"featured_media":4064,"template":"","meta":{"_uag_custom_page_level_css":"","_monsterinsights_skip_tracking":false,"_monsterinsights_sitenote_active":false,"_monsterinsights_sitenote_note":"","_monsterinsights_sitenote_category":0,"site-sidebar-layout":"default","site-content-layout":"","ast-site-content-layout":"default","site-content-style":"default","site-sidebar-style":"default","ast-global-header-display":"","ast-banner-title-visibility":"","ast-main-header-display":"","ast-hfb-above-header-display":"","ast-hfb-below-header-display":"","ast-hfb-mobile-header-display":"","site-post-title":"","ast-breadcrumbs-content":"","ast-featured-img":"","footer-sml-layout":"","theme-transparent-header-meta":"default","adv-header-id-meta":"","stick-header-meta":"","header-above-stick-meta":"","header-main-stick-meta":"","header-below-stick-meta":"","astra-migrate-meta-layouts":"set","ast-page-background-enabled":"default","ast-page-background-meta":{"desktop":{"background-color":"","background-image":"","background-repeat":"repeat","background-position":"center center","background-size":"auto","background-attachment":"scroll","background-type":"","background-media":"","overlay-type":"","overlay-color":"","overlay-gradient":""},"tablet":{"background-color":"","background-image":"","background-repeat":"repeat","background-position":"center center","background-size":"auto","background-attachment":"scroll","background-type":"","background-media":"","overlay-type":"","overlay-color":"","overlay-gradient":""},"mobile":{"background-color":"","background-image":"","background-repeat":"repeat","background-position":"center center","background-size":"auto","background-attachment":"scroll","background-type":"","background-media":"","overlay-type":"","overlay-color":"","overlay-gradient":""}},"ast-content-background-meta":{"desktop":{"background-color":"var(--ast-global-color-5)","background-image":"","background-repeat":"repeat","background-position":"center center","background-size":"auto","background-attachment":"scroll","background-type":"","background-media":"","overlay-type":"","overlay-color":"","overlay-gradient":""},"tablet":{"background-color":"var(--ast-global-color-5)","background-image":"","background-repeat":"repeat","background-position":"center center","background-size":"auto","background-attachment":"scroll","background-type":"","background-media":"","overlay-type":"","overlay-color":"","overlay-gradient":""},"mobile":{"background-color":"var(--ast-global-color-5)","background-image":"","background-repeat":"repeat","background-position":"center center","background-size":"auto","background-attachment":"scroll","background-type":"","background-media":"","overlay-type":"","overlay-color":"","overlay-gradient":""}}},"product_cat":[45,23],"product_tag":[],"class_list":{"0":"post-4062","1":"product","2":"type-product","3":"status-publish","4":"has-post-thumbnail","6":"product_cat-fotografia","7":"product_cat-impresoras","8":"desktop-align-center","9":"tablet-align-center","10":"mobile-align-center","12":"first","13":"instock","14":"taxable","15":"shipping-taxable","16":"product-type-simple"},"aioseo_notices":[],"jetpack_sharing_enabled":true,"uagb_featured_image_src":{"full":["https:\/\/sercoma.online\/wp-content\/uploads\/2024\/09\/L8180.jpg",2080,2080,false],"thumbnail":["https:\/\/sercoma.online\/wp-content\/uploads\/2024\/09\/L8180-150x150.jpg",150,150,true],"medium":["https:\/\/sercoma.online\/wp-content\/uploads\/2024\/09\/L8180-300x300.jpg",300,300,true],"medium_large":["https:\/\/sercoma.online\/wp-content\/uploads\/2024\/09\/L8180-768x768.jpg",768,768,true],"large":["https:\/\/sercoma.online\/wp-content\/uploads\/2024\/09\/L8180-1024x1024.jpg",1024,1024,true],"1536x1536":["https:\/\/sercoma.online\/wp-content\/uploads\/2024\/09\/L8180-1536x1536.jpg",1536,1536,true],"2048x2048":["https:\/\/sercoma.online\/wp-content\/uploads\/2024\/09\/L8180-2048x2048.jpg",2048,2048,true],"woocommerce_thumbnail":["https:\/\/sercoma.online\/wp-content\/uploads\/2024\/09\/L8180-300x300.jpg",300,300,true],"woocommerce_single":["https:\/\/sercoma.online\/wp-content\/uploads\/2024\/09\/L8180-600x600.jpg",600,600,true],"woocommerce_gallery_thumbnail":["https:\/\/sercoma.online\/wp-content\/uploads\/2024\/09\/L8180-100x100.jpg",100,100,true]},"uagb_author_info":{"display_name":"sercoma.online","author_link":"https:\/\/sercoma.online\/index.php\/author\/"},"uagb_comment_info":0,"uagb_excerpt":"La EcoTank L8180 es una impresora de fotos 3 en 1 que ofrece una excelente calidad de impresi\u00f3n fotogr\u00e1fica de hasta A3+, con su configuraci\u00f3n \u00fanica de tinta Claria ET 6, que incluye gris y negro pigmentado, con la conveniencia del reemplazo de alto rendimiento y ultra bajo costo de EcoTank, con botellas de tinta&hellip;","_links":{"self":[{"href":"https:\/\/sercoma.online\/index.php\/wp-json\/wp\/v2\/product\/4062"}],"collection":[{"href":"https:\/\/sercoma.online\/index.php\/wp-json\/wp\/v2\/product"}],"about":[{"href":"https:\/\/sercoma.online\/index.php\/wp-json\/wp\/v2\/types\/product"}],"version-history":[{"count":4,"href":"https:\/\/sercoma.online\/index.php\/wp-json\/wp\/v2\/product\/4062\/revisions"}],"predecessor-version":[{"id":4219,"href":"https:\/\/sercoma.online\/index.php\/wp-json\/wp\/v2\/product\/4062\/revisions\/4219"}],"wp:featuredmedia":[{"embeddable":true,"href":"https:\/\/sercoma.online\/index.php\/wp-json\/wp\/v2\/media\/4064"}],"wp:attachment":[{"href":"https:\/\/sercoma.online\/index.php\/wp-json\/wp\/v2\/media?parent=4062"}],"wp:term":[{"taxonomy":"product_cat","embeddable":true,"href":"https:\/\/sercoma.online\/index.php\/wp-json\/wp\/v2\/product_cat?post=4062"},{"taxonomy":"product_tag","embeddable":true,"href":"https:\/\/sercoma.online\/index.php\/wp-json\/wp\/v2\/product_tag?post=4062"}],"curies":[{"name":"wp","href":"https:\/\/api.w.org\/{rel}","templated":true}]}}