{"id":4059,"date":"2024-08-30T21:49:09","date_gmt":"2024-08-30T21:49:09","guid":{"rendered":"https:\/\/sercoma.online\/?post_type=product&#038;p=4059"},"modified":"2024-09-18T21:03:54","modified_gmt":"2024-09-18T21:03:54","slug":"impresora-multifuncional-epson-ecotank-l15150","status":"publish","type":"product","link":"https:\/\/sercoma.online\/index.php\/product\/impresora-multifuncional-epson-ecotank-l15150\/","title":{"rendered":"Impresora Multifuncional Epson EcoTank L15150"},"content":{"rendered":"<p>Multifuncional A3 a color con dise\u00f1o compacto para impresiones a bajo costo. Menos intervenciones y tiempo de inactividad: Capacidad de hasta 500 hojas en las dos bandejas frontales y botellas de reemplazo de tinta que permiten imprimir hasta 7.500 p\u00e1ginas ISO (negro) y hasta 6.000 p\u00e1ginas ISO (color)1. Cuenta con la tecnolog\u00eda sin calor PrecisionCore Heat-Free Technology\u2122.<\/p>\n<hr \/>\n<h4><strong>Especificaciones<\/strong><strong>:<\/strong><\/h4>\n<ul>\n<li><strong>Marca<\/strong>: Epson<\/li>\n<li><strong>Peso:<\/strong>21,2 kg<\/li>\n<li><span class=\"list-attribute\"><strong>Tipo de producto:<\/strong> Impresora multifuncional A3<\/span><\/li>\n<li><strong>\u00a0Dimensiones (An. x Pr. x Al.):<\/strong> 51,5 cm x 50 cm x 35 cm<\/li>\n<li><strong>Velocidad de impresi\u00f3n m\u00e1xima:<\/strong> Hasta 25 ISO ppm negro y 12 ISO ppm color<\/li>\n<li><strong>Tama\u00f1o m\u00e1ximo de copia:<\/strong> Copia y escanea hasta 28 cm x 43 cm (11&#8243; x 17&#8243;)<\/li>\n<li><strong>Impresora inalambrica:<\/strong>\u00a0S\u00ed<\/li>\n<li><strong>Condici\u00f3n<\/strong>: Original-Nuevo<\/li>\n<\/ul>\n<p><span style=\"color: #00a7f8;\"><a style=\"color: #00a7f8;\" title=\"FICHA T\u00c9CNICA\" href=\"https:\/\/mediaserver.goepson.com\/ImConvServlet\/imconv\/12685ed6e4f02c657c9ebf65f6b7b22d7cc11cfa\/original?assetDescr=Chatsheet-L15150-esp.pdf\" target=\"_blank\" rel=\"noopener\">[ FICHA T\u00c9CNICA ]<\/a><\/span><\/p>\n<hr \/>\n<h4><strong>Caracteristicas<\/strong><strong>:<\/strong><\/h4>\n<ul>\n<li><strong>Productividad a bajo costo:<\/strong>\u00a0velocidad de impresi\u00f3n de hasta 25 ISO ppm negro y 12 ISO ppm color\u2020, d\u00faplex autom\u00e1tico e integraci\u00f3n del software ScanSmart para gesti\u00f3n de documentos, a un bajo costo total de operaci\u00f3n.<\/li>\n<li><strong>Alta calidad de impresi\u00f3n:<\/strong>\u00a0impresiones de calidad empresarial gracias a la tinta pigmentada que logra detalles extra n\u00edtidos y con colores vibrantes en impresiones monocrom\u00e1ticas y a color.<\/li>\n<li><strong>Versatilidad para tipos de papel:<\/strong>\u00a0imprime p\u00e1ginas de hasta 33 cm x 48 cm (13&#8243; x 19&#8243;), copia y escanea hasta 28 cm x 43 cm (11&#8243; x 17&#8243;), alimentaci\u00f3n trasera para sobres, papel fotogr\u00e1fico o papeles gruesos.<\/li>\n<li><strong>Dise\u00f1o compacto y elegante:<\/strong>\u00a0tama\u00f1o reducido para adecuarse a cualquier entorno.<\/li>\n<li><strong>Conectividad inal\u00e1mbrica y de red<sup>2<\/sup>:<\/strong>\u00a0impresi\u00f3n f\u00e1cil desde iPad\u00ae, iPhone\u00ae, tabletas y smartphones AndroidTM. Incluye Wi-Fi Direct\u00ae3 y Ethernet.<\/li>\n<li><strong>Tecnolog\u00eda EcoFitTM:<\/strong>\u00a0sistema de botellas inteligentes que vienen codificadas y con llenado autom\u00e1tico para no generar derrames.<\/li>\n<\/ul>\n","protected":false},"excerpt":{"rendered":"<p>Multifuncional A3 a color con dise\u00f1o compacto para impresiones a bajo costo<br \/>\nenos intervenciones y tiempo de inactividad: Capacidad de hasta 500 hojas en las dos bandejas frontales y botellas de reemplazo de tinta que permiten imprimir hasta 7.500 p\u00e1ginas ISO (negro) y hasta 6.000 p\u00e1ginas ISO (color)1. Cuenta con la tecnolog\u00eda sin calor PrecisionCore Heat-Free Technology\u2122.<\/p>\n","protected":false},"featured_media":4060,"template":"","meta":{"_uag_custom_page_level_css":"","_monsterinsights_skip_tracking":false,"_monsterinsights_sitenote_active":false,"_monsterinsights_sitenote_note":"","_monsterinsights_sitenote_category":0,"site-sidebar-layout":"default","site-content-layout":"","ast-site-content-layout":"default","site-content-style":"default","site-sidebar-style":"default","ast-global-header-display":"","ast-banner-title-visibility":"","ast-main-header-display":"","ast-hfb-above-header-display":"","ast-hfb-below-header-display":"","ast-hfb-mobile-header-display":"","site-post-title":"","ast-breadcrumbs-content":"","ast-featured-img":"","footer-sml-layout":"","theme-transparent-header-meta":"default","adv-header-id-meta":"","stick-header-meta":"","header-above-stick-meta":"","header-main-stick-meta":"","header-below-stick-meta":"","astra-migrate-meta-layouts":"set","ast-page-background-enabled":"default","ast-page-background-meta":{"desktop":{"background-color":"","background-image":"","background-repeat":"repeat","background-position":"center center","background-size":"auto","background-attachment":"scroll","background-type":"","background-media":"","overlay-type":"","overlay-color":"","overlay-gradient":""},"tablet":{"background-color":"","background-image":"","background-repeat":"repeat","background-position":"center center","background-size":"auto","background-attachment":"scroll","background-type":"","background-media":"","overlay-type":"","overlay-color":"","overlay-gradient":""},"mobile":{"background-color":"","background-image":"","background-repeat":"repeat","background-position":"center center","background-size":"auto","background-attachment":"scroll","background-type":"","background-media":"","overlay-type":"","overlay-color":"","overlay-gradient":""}},"ast-content-background-meta":{"desktop":{"background-color":"var(--ast-global-color-5)","background-image":"","background-repeat":"repeat","background-position":"center center","background-size":"auto","background-attachment":"scroll","background-type":"","background-media":"","overlay-type":"","overlay-color":"","overlay-gradient":""},"tablet":{"background-color":"var(--ast-global-color-5)","background-image":"","background-repeat":"repeat","background-position":"center center","background-size":"auto","background-attachment":"scroll","background-type":"","background-media":"","overlay-type":"","overlay-color":"","overlay-gradient":""},"mobile":{"background-color":"var(--ast-global-color-5)","background-image":"","background-repeat":"repeat","background-position":"center center","background-size":"auto","background-attachment":"scroll","background-type":"","background-media":"","overlay-type":"","overlay-color":"","overlay-gradient":""}}},"product_cat":[23,49],"product_tag":[],"class_list":{"0":"post-4059","1":"product","2":"type-product","3":"status-publish","4":"has-post-thumbnail","6":"product_cat-impresoras","7":"product_cat-oficina","8":"desktop-align-center","9":"tablet-align-center","10":"mobile-align-center","12":"first","13":"instock","14":"taxable","15":"shipping-taxable","16":"product-type-simple"},"aioseo_notices":[],"jetpack_sharing_enabled":true,"uagb_featured_image_src":{"full":["https:\/\/sercoma.online\/wp-content\/uploads\/2024\/08\/L15150.jpg",2080,2080,false],"thumbnail":["https:\/\/sercoma.online\/wp-content\/uploads\/2024\/08\/L15150-150x150.jpg",150,150,true],"medium":["https:\/\/sercoma.online\/wp-content\/uploads\/2024\/08\/L15150-300x300.jpg",300,300,true],"medium_large":["https:\/\/sercoma.online\/wp-content\/uploads\/2024\/08\/L15150-768x768.jpg",768,768,true],"large":["https:\/\/sercoma.online\/wp-content\/uploads\/2024\/08\/L15150-1024x1024.jpg",1024,1024,true],"1536x1536":["https:\/\/sercoma.online\/wp-content\/uploads\/2024\/08\/L15150-1536x1536.jpg",1536,1536,true],"2048x2048":["https:\/\/sercoma.online\/wp-content\/uploads\/2024\/08\/L15150-2048x2048.jpg",2048,2048,true],"woocommerce_thumbnail":["https:\/\/sercoma.online\/wp-content\/uploads\/2024\/08\/L15150-300x300.jpg",300,300,true],"woocommerce_single":["https:\/\/sercoma.online\/wp-content\/uploads\/2024\/08\/L15150-600x600.jpg",600,600,true],"woocommerce_gallery_thumbnail":["https:\/\/sercoma.online\/wp-content\/uploads\/2024\/08\/L15150-100x100.jpg",100,100,true]},"uagb_author_info":{"display_name":"sercoma.online","author_link":"https:\/\/sercoma.online\/index.php\/author\/"},"uagb_comment_info":0,"uagb_excerpt":"Multifuncional A3 a color con dise\u00f1o compacto para impresiones a bajo costo enos intervenciones y tiempo de inactividad: Capacidad de hasta 500 hojas en las dos bandejas frontales y botellas de reemplazo de tinta que permiten imprimir hasta 7.500 p\u00e1ginas ISO (negro) y hasta 6.000 p\u00e1ginas ISO (color)1. Cuenta con la tecnolog\u00eda sin calor PrecisionCore&hellip;","_links":{"self":[{"href":"https:\/\/sercoma.online\/index.php\/wp-json\/wp\/v2\/product\/4059"}],"collection":[{"href":"https:\/\/sercoma.online\/index.php\/wp-json\/wp\/v2\/product"}],"about":[{"href":"https:\/\/sercoma.online\/index.php\/wp-json\/wp\/v2\/types\/product"}],"version-history":[{"count":5,"href":"https:\/\/sercoma.online\/index.php\/wp-json\/wp\/v2\/product\/4059\/revisions"}],"predecessor-version":[{"id":4187,"href":"https:\/\/sercoma.online\/index.php\/wp-json\/wp\/v2\/product\/4059\/revisions\/4187"}],"wp:featuredmedia":[{"embeddable":true,"href":"https:\/\/sercoma.online\/index.php\/wp-json\/wp\/v2\/media\/4060"}],"wp:attachment":[{"href":"https:\/\/sercoma.online\/index.php\/wp-json\/wp\/v2\/media?parent=4059"}],"wp:term":[{"taxonomy":"product_cat","embeddable":true,"href":"https:\/\/sercoma.online\/index.php\/wp-json\/wp\/v2\/product_cat?post=4059"},{"taxonomy":"product_tag","embeddable":true,"href":"https:\/\/sercoma.online\/index.php\/wp-json\/wp\/v2\/product_tag?post=4059"}],"curies":[{"name":"wp","href":"https:\/\/api.w.org\/{rel}","templated":true}]}}