{"id":4044,"date":"2024-08-29T23:48:45","date_gmt":"2024-08-29T23:48:45","guid":{"rendered":"https:\/\/sercoma.online\/?post_type=product&#038;p=4044"},"modified":"2024-11-20T15:33:01","modified_gmt":"2024-11-20T15:33:01","slug":"impresora-multifuncional-inlambrica-ecotank-l3250","status":"publish","type":"product","link":"https:\/\/sercoma.online\/index.php\/product\/impresora-multifuncional-inlambrica-ecotank-l3250\/","title":{"rendered":"Impresora Multifuncional Inal\u00e1mbrica Epson EcoTank L3250"},"content":{"rendered":"<p>La Impresora multifuncional 3 en 1 Epson EcoTank L3250 ofrece a las familias, estudiantes y profesionales un costo de impresi\u00f3n ultra bajo, que te permite imprimir hasta 4.500 p\u00e1ginas en negro o 7.500 p\u00e1ginas a color<sup>5<\/sup>\u00a0con cada juego de botellas de repuesto. La EcoTank L3250 ofrece total confiabilidad gracias a la tecnolog\u00eda Heat-Free de Epson, adem\u00e1s de una experiencia de recarga f\u00e1cil, limpia y sin errores con la tecnolog\u00eda EcoFit<sup>TM<\/sup>. Dise\u00f1ado para integrarse en su estilo de vida, est\u00e1 completamente conectado con WiFi, WiFi Direct\u00ae y capacidades de impresi\u00f3n m\u00f3vil a trav\u00e9s de la nueva e intuitiva aplicaci\u00f3n Epson Smart Panel y cuenta con un dise\u00f1o de tanque frontal s\u00faper compacto que ocupa poco espacio y permite verificar f\u00e1cilmente los niveles de tinta. Con una garant\u00eda limitada y extendida hasta de 2 a\u00f1os<sup>4<\/sup>, Epson te respalda totalmente para que pueda imprimir sin cartuchos y sin preocupaciones.<\/p>\n<hr \/>\n<h4><strong>Especificaciones<\/strong><strong>:<\/strong><\/h4>\n<ul>\n<li><strong>Marca<\/strong>: Epson<\/li>\n<li><strong>Peso: <\/strong>3,9 kg<\/li>\n<li><span class=\"list-attribute\"><strong>Tipo de producto:<\/strong> Impresora multifuncional 3 en 1<\/span><\/li>\n<li><strong>\u00a0Dimensiones (An. x Pr. x Al.):<\/strong> Abierto: 37.5 cm x 57.8 cm x 25.3 cm &#8211; Cerrado: 37.5 cm x 34.7 cm x 17.9 cm<\/li>\n<li><strong>Velocidad de impresi\u00f3n m\u00e1xima:<\/strong> Negro 33 ppm y color 15 ppm (borrador, A4\/carta)<\/li>\n<li><strong>\u00c1rea de escaneo m\u00e1xima:<\/strong> 216 mm x 297 mm<\/li>\n<li><strong>Impresora inalambrica:<\/strong>\u00a0S\u00ed<\/li>\n<li><strong>Condici\u00f3n<\/strong>: Original-Nuevo<\/li>\n<\/ul>\n<p><span style=\"color: #00a7f8;\"><a style=\"color: #00a7f8;\" title=\"FICHA T\u00c9CNICA\" href=\"https:\/\/mediaserver.goepson.com\/ImConvServlet\/imconv\/51ac14c0dbb725885f382fa8b498b081038b2c73\/original?assetDescr=Especificaciones-EcoTank-L3250-v2.pdf\" target=\"_blank\" rel=\"noopener\">[ FICHA T\u00c9CNICA ]<\/a><\/span><\/p>\n<hr \/>\n<h4><strong>Caracteristicas<\/strong><strong>:<\/strong><\/h4>\n<ul>\n<li><strong>Econ\u00f3mica:<\/strong>\u00a0100% Sin cartuchos, sin cartuchos ni cabezales que reemplazar<\/li>\n<li><strong>Confiable:<\/strong>\u00a0Mayor tranquilidad con la tecnolog\u00eda sin calor Epson Heat Free, que brinda una alta confiabilidad y un \u00f3ptimo desempe\u00f1o<\/li>\n<li><strong>Conveniencia:<\/strong>\u00a0Se integra en su estilo de vida, compatible con la nueva aplicaci\u00f3n Smart Panel para una nueva y excepcional experiencia en impresi\u00f3n desde sus dispositivos m\u00f3viles, con conectividad WiFi y\u00a0 funciones de impresi\u00f3n, copiado y escaneo. Es muy f\u00e1cil de configurar y usar, y fue dise\u00f1ada para ocupar poco espacio<\/li>\n<li><strong>Garant\u00eda:<\/strong> limitada y extendida de 2 a\u00f1os con registro.<\/li>\n<\/ul>\n","protected":false},"excerpt":{"rendered":"<p>La Impresora multifuncional 3 en 1 Epson EcoTank L3250 ofrece a las familias, estudiantes y profesionales un costo de impresi\u00f3n ultra bajo, que te permite imprimir hasta 4.500 p\u00e1ginas en negro o 7.500 p\u00e1ginas a color<sup>5<\/sup>\u00a0con cada juego de botellas de repuesto. La EcoTank L3250 ofrece total confiabilidad gracias a la tecnolog\u00eda Heat-Free de Epson, adem\u00e1s de una experiencia de recarga f\u00e1cil, limpia y sin errores con la tecnolog\u00eda EcoFit<sup>TM<\/sup>. Dise\u00f1ado para integrarse en su estilo de vida, est\u00e1 completamente conectado con WiFi, WiFi Direct\u00ae y capacidades de impresi\u00f3n m\u00f3vil a trav\u00e9s de la nueva e intuitiva aplicaci\u00f3n Epson Smart Panel y cuenta con un dise\u00f1o de tanque frontal s\u00faper compacto que ocupa poco espacio y permite verificar f\u00e1cilmente los niveles de tinta. Con una garant\u00eda limitada y extendida hasta de 2 a\u00f1os<sup>4<\/sup>, Epson te respalda totalmente para que pueda imprimir sin cartuchos y sin preocupaciones.<\/p>\n","protected":false},"featured_media":4045,"template":"","meta":{"_uag_custom_page_level_css":"","_monsterinsights_skip_tracking":false,"_monsterinsights_sitenote_active":false,"_monsterinsights_sitenote_note":"","_monsterinsights_sitenote_category":0,"site-sidebar-layout":"default","site-content-layout":"","ast-site-content-layout":"default","site-content-style":"default","site-sidebar-style":"default","ast-global-header-display":"","ast-banner-title-visibility":"","ast-main-header-display":"","ast-hfb-above-header-display":"","ast-hfb-below-header-display":"","ast-hfb-mobile-header-display":"","site-post-title":"","ast-breadcrumbs-content":"","ast-featured-img":"","footer-sml-layout":"","theme-transparent-header-meta":"default","adv-header-id-meta":"","stick-header-meta":"","header-above-stick-meta":"","header-main-stick-meta":"","header-below-stick-meta":"","astra-migrate-meta-layouts":"set","ast-page-background-enabled":"default","ast-page-background-meta":{"desktop":{"background-color":"","background-image":"","background-repeat":"repeat","background-position":"center center","background-size":"auto","background-attachment":"scroll","background-type":"","background-media":"","overlay-type":"","overlay-color":"","overlay-gradient":""},"tablet":{"background-color":"","background-image":"","background-repeat":"repeat","background-position":"center center","background-size":"auto","background-attachment":"scroll","background-type":"","background-media":"","overlay-type":"","overlay-color":"","overlay-gradient":""},"mobile":{"background-color":"","background-image":"","background-repeat":"repeat","background-position":"center center","background-size":"auto","background-attachment":"scroll","background-type":"","background-media":"","overlay-type":"","overlay-color":"","overlay-gradient":""}},"ast-content-background-meta":{"desktop":{"background-color":"var(--ast-global-color-5)","background-image":"","background-repeat":"repeat","background-position":"center center","background-size":"auto","background-attachment":"scroll","background-type":"","background-media":"","overlay-type":"","overlay-color":"","overlay-gradient":""},"tablet":{"background-color":"var(--ast-global-color-5)","background-image":"","background-repeat":"repeat","background-position":"center center","background-size":"auto","background-attachment":"scroll","background-type":"","background-media":"","overlay-type":"","overlay-color":"","overlay-gradient":""},"mobile":{"background-color":"var(--ast-global-color-5)","background-image":"","background-repeat":"repeat","background-position":"center center","background-size":"auto","background-attachment":"scroll","background-type":"","background-media":"","overlay-type":"","overlay-color":"","overlay-gradient":""}}},"product_cat":[48,23],"product_tag":[],"class_list":{"0":"post-4044","1":"product","2":"type-product","3":"status-publish","4":"has-post-thumbnail","6":"product_cat-hogar","7":"product_cat-impresoras","8":"desktop-align-center","9":"tablet-align-center","10":"mobile-align-center","12":"first","13":"instock","14":"taxable","15":"shipping-taxable","16":"product-type-simple"},"aioseo_notices":[],"jetpack_sharing_enabled":true,"uagb_featured_image_src":{"full":["https:\/\/sercoma.online\/wp-content\/uploads\/2024\/08\/L3210.jpg",2080,2080,false],"thumbnail":["https:\/\/sercoma.online\/wp-content\/uploads\/2024\/08\/L3210-150x150.jpg",150,150,true],"medium":["https:\/\/sercoma.online\/wp-content\/uploads\/2024\/08\/L3210-300x300.jpg",300,300,true],"medium_large":["https:\/\/sercoma.online\/wp-content\/uploads\/2024\/08\/L3210-768x768.jpg",768,768,true],"large":["https:\/\/sercoma.online\/wp-content\/uploads\/2024\/08\/L3210-1024x1024.jpg",1024,1024,true],"1536x1536":["https:\/\/sercoma.online\/wp-content\/uploads\/2024\/08\/L3210-1536x1536.jpg",1536,1536,true],"2048x2048":["https:\/\/sercoma.online\/wp-content\/uploads\/2024\/08\/L3210-2048x2048.jpg",2048,2048,true],"woocommerce_thumbnail":["https:\/\/sercoma.online\/wp-content\/uploads\/2024\/08\/L3210-300x300.jpg",300,300,true],"woocommerce_single":["https:\/\/sercoma.online\/wp-content\/uploads\/2024\/08\/L3210-600x600.jpg",600,600,true],"woocommerce_gallery_thumbnail":["https:\/\/sercoma.online\/wp-content\/uploads\/2024\/08\/L3210-100x100.jpg",100,100,true]},"uagb_author_info":{"display_name":"sercoma.online","author_link":"https:\/\/sercoma.online\/index.php\/author\/"},"uagb_comment_info":0,"uagb_excerpt":"La Impresora multifuncional 3 en 1 Epson EcoTank L3250 ofrece a las familias, estudiantes y profesionales un costo de impresi\u00f3n ultra bajo, que te permite imprimir hasta 4.500 p\u00e1ginas en negro o 7.500 p\u00e1ginas a color5\u00a0con cada juego de botellas de repuesto. La EcoTank L3250 ofrece total confiabilidad gracias a la tecnolog\u00eda Heat-Free de Epson,&hellip;","_links":{"self":[{"href":"https:\/\/sercoma.online\/index.php\/wp-json\/wp\/v2\/product\/4044"}],"collection":[{"href":"https:\/\/sercoma.online\/index.php\/wp-json\/wp\/v2\/product"}],"about":[{"href":"https:\/\/sercoma.online\/index.php\/wp-json\/wp\/v2\/types\/product"}],"version-history":[{"count":5,"href":"https:\/\/sercoma.online\/index.php\/wp-json\/wp\/v2\/product\/4044\/revisions"}],"predecessor-version":[{"id":4434,"href":"https:\/\/sercoma.online\/index.php\/wp-json\/wp\/v2\/product\/4044\/revisions\/4434"}],"wp:featuredmedia":[{"embeddable":true,"href":"https:\/\/sercoma.online\/index.php\/wp-json\/wp\/v2\/media\/4045"}],"wp:attachment":[{"href":"https:\/\/sercoma.online\/index.php\/wp-json\/wp\/v2\/media?parent=4044"}],"wp:term":[{"taxonomy":"product_cat","embeddable":true,"href":"https:\/\/sercoma.online\/index.php\/wp-json\/wp\/v2\/product_cat?post=4044"},{"taxonomy":"product_tag","embeddable":true,"href":"https:\/\/sercoma.online\/index.php\/wp-json\/wp\/v2\/product_tag?post=4044"}],"curies":[{"name":"wp","href":"https:\/\/api.w.org\/{rel}","templated":true}]}}