{"id":4041,"date":"2024-08-29T16:45:18","date_gmt":"2024-08-29T16:45:18","guid":{"rendered":"https:\/\/sercoma.online\/?post_type=product&#038;p=4041"},"modified":"2024-11-20T15:32:27","modified_gmt":"2024-11-20T15:32:27","slug":"impresora-inalambrica-ecotank-l1250","status":"publish","type":"product","link":"https:\/\/sercoma.online\/index.php\/product\/impresora-inalambrica-ecotank-l1250\/","title":{"rendered":"Impresora Inal\u00e1mbrica Epson EcoTank L1250"},"content":{"rendered":"<p>Impresora inal\u00e1mbrica econ\u00f3mica para familias y estudiantes. Ofrece costos de impresi\u00f3n ultrabajos gracias al sistema EcoTank de Epson que imprime 4.500 p\u00e1ginas a blanco y negro \u00f3 7.500\u00a0p\u00e1ginas a color por cada juego de botellas de repuesto. Dise\u00f1ada para integrarse en su estilo de vida, est\u00e1 totalmente conectada con Wi-Fi, Wi-Fi Direct, y ofrece funciones de impresi\u00f3n m\u00f3vil y copia\/escaneo con c\u00e1mara a trav\u00e9s de la nueva aplicaci\u00f3n Epson Smart Panel, adem\u00e1s de ser compatible con la operaci\u00f3n por voz a trav\u00e9s de Alexa.<\/p>\n<hr \/>\n<h4><strong>Especificaciones<\/strong><strong>:<\/strong><\/h4>\n<ul>\n<li><strong>Marca<\/strong>: Epson<\/li>\n<li><strong>Peso: <\/strong>2,9 kg<\/li>\n<li><span class=\"list-attribute\"><strong>Tipo de producto:<\/strong> Impresora Inal\u00e1mbrica<\/span><\/li>\n<li><strong>\u00a0Dimensiones (An. x Pr. x Al.):<\/strong> Abierto: 37,5 cm x 57,8 cm x 25,3 cm &#8211; Cerrado: 37,5 cm x 34,7 cm x 16,9 cm<\/li>\n<li><strong>Velocidad de impresi\u00f3n m\u00e1xima:<\/strong> Negro 33 ppm y color 15 ppm (borrador, A4\/carta)<\/li>\n<li><strong>Impresora inalambrica:<\/strong>\u00a0S\u00ed<\/li>\n<li><strong>Condici\u00f3n<\/strong>: Original-Nuevo<\/li>\n<\/ul>\n<p><span style=\"color: #00a7f8;\"><a style=\"color: #00a7f8;\" title=\"FICHA T\u00c9CNICA\" href=\"https:\/\/cdn.cs.1worldsync.com\/syndication\/mediaserverredirect\/cb876b750d755cd1ada580fd0b624369\/original.pdf\" target=\"_blank\" rel=\"noopener\">[ FICHA T\u00c9CNICA ]<\/a><\/span><\/p>\n<hr \/>\n<h4><strong>Caracteristicas<\/strong><strong>:<\/strong><\/h4>\n<ul>\n<li><strong>Productividad a bajo costo:<\/strong> velocidad de impresi\u00f3n de hasta Velocidad m\u00e1xima de 33 ppm en negro\u2075 y 15 ppm a color\u2075.<\/li>\n<li><strong>Alta calidad de impresi\u00f3n:<\/strong> Imprime hasta 4.500 p\u00e1ginas en negro, o bien 7.500 p\u00e1ginas en color con un kit de botellas de tinta de reemplazo.<\/li>\n<li><strong>Versatilidad para tipos de papel:<\/strong> Est\u00e1ndar: A4, Carta, Oficio (21,59 cm x 35,56 cm), M\u00e9xico-Oficio (21,59 cm x 34,04 cm), Oficio 9 (21,49 cm x 31,5 cm), Folio (21,59 cm x 33,02 cm), Ejecutivo, Media Carta, A6, Sobres: #10 (105 mm x 241 mm) &#8211; Definido por el usuario: 54 mm x 86 mm &#8211; 215,9 mm x 1.200 mm<\/li>\n<li><strong>Dise\u00f1o compacto y elegante:<\/strong>\u00a0tama\u00f1o reducido para adecuarse a cualquier entorno.<\/li>\n<li><strong>Conectividad inal\u00e1mbrica y de red:<\/strong>\u00a0impresi\u00f3n f\u00e1cil desde iPad\u00ae, iPhone\u00ae, tabletas y smartphones AndroidTM. Incluye Wi-Fi Direct\u00ae3 y Ethernet.<\/li>\n<\/ul>\n","protected":false},"excerpt":{"rendered":"<p>Impresora inal\u00e1mbrica econ\u00f3mica para familias y estudiantes. Ofrece costos de impresi\u00f3n ultrabajos gracias al sistema EcoTank de Epson que imprime 4.500 p\u00e1ginas a blanco y negro \u00f3 7.500\u00a0p\u00e1ginas a color por cada juego de botellas de repuesto. Dise\u00f1ada para integrarse en su estilo de vida, est\u00e1 totalmente conectada con Wi-Fi, Wi-Fi Direct, y ofrece funciones de impresi\u00f3n m\u00f3vil y copia\/escaneo con c\u00e1mara a trav\u00e9s de la nueva aplicaci\u00f3n Epson Smart Panel, adem\u00e1s de ser compatible con la operaci\u00f3n por voz a trav\u00e9s de Alexa.<\/p>\n","protected":false},"featured_media":4042,"template":"","meta":{"_uag_custom_page_level_css":"","_monsterinsights_skip_tracking":false,"_monsterinsights_sitenote_active":false,"_monsterinsights_sitenote_note":"","_monsterinsights_sitenote_category":0,"site-sidebar-layout":"default","site-content-layout":"","ast-site-content-layout":"default","site-content-style":"default","site-sidebar-style":"default","ast-global-header-display":"","ast-banner-title-visibility":"","ast-main-header-display":"","ast-hfb-above-header-display":"","ast-hfb-below-header-display":"","ast-hfb-mobile-header-display":"","site-post-title":"","ast-breadcrumbs-content":"","ast-featured-img":"","footer-sml-layout":"","theme-transparent-header-meta":"default","adv-header-id-meta":"","stick-header-meta":"","header-above-stick-meta":"","header-main-stick-meta":"","header-below-stick-meta":"","astra-migrate-meta-layouts":"set","ast-page-background-enabled":"default","ast-page-background-meta":{"desktop":{"background-color":"","background-image":"","background-repeat":"repeat","background-position":"center center","background-size":"auto","background-attachment":"scroll","background-type":"","background-media":"","overlay-type":"","overlay-color":"","overlay-gradient":""},"tablet":{"background-color":"","background-image":"","background-repeat":"repeat","background-position":"center center","background-size":"auto","background-attachment":"scroll","background-type":"","background-media":"","overlay-type":"","overlay-color":"","overlay-gradient":""},"mobile":{"background-color":"","background-image":"","background-repeat":"repeat","background-position":"center center","background-size":"auto","background-attachment":"scroll","background-type":"","background-media":"","overlay-type":"","overlay-color":"","overlay-gradient":""}},"ast-content-background-meta":{"desktop":{"background-color":"var(--ast-global-color-5)","background-image":"","background-repeat":"repeat","background-position":"center center","background-size":"auto","background-attachment":"scroll","background-type":"","background-media":"","overlay-type":"","overlay-color":"","overlay-gradient":""},"tablet":{"background-color":"var(--ast-global-color-5)","background-image":"","background-repeat":"repeat","background-position":"center center","background-size":"auto","background-attachment":"scroll","background-type":"","background-media":"","overlay-type":"","overlay-color":"","overlay-gradient":""},"mobile":{"background-color":"var(--ast-global-color-5)","background-image":"","background-repeat":"repeat","background-position":"center center","background-size":"auto","background-attachment":"scroll","background-type":"","background-media":"","overlay-type":"","overlay-color":"","overlay-gradient":""}}},"product_cat":[48,23],"product_tag":[],"class_list":{"0":"post-4041","1":"product","2":"type-product","3":"status-publish","4":"has-post-thumbnail","6":"product_cat-hogar","7":"product_cat-impresoras","8":"desktop-align-center","9":"tablet-align-center","10":"mobile-align-center","12":"first","13":"instock","14":"taxable","15":"shipping-taxable","16":"product-type-simple"},"aioseo_notices":[],"jetpack_sharing_enabled":true,"uagb_featured_image_src":{"full":["https:\/\/sercoma.online\/wp-content\/uploads\/2024\/08\/L1250.jpg",2080,2080,false],"thumbnail":["https:\/\/sercoma.online\/wp-content\/uploads\/2024\/08\/L1250-150x150.jpg",150,150,true],"medium":["https:\/\/sercoma.online\/wp-content\/uploads\/2024\/08\/L1250-300x300.jpg",300,300,true],"medium_large":["https:\/\/sercoma.online\/wp-content\/uploads\/2024\/08\/L1250-768x768.jpg",768,768,true],"large":["https:\/\/sercoma.online\/wp-content\/uploads\/2024\/08\/L1250-1024x1024.jpg",1024,1024,true],"1536x1536":["https:\/\/sercoma.online\/wp-content\/uploads\/2024\/08\/L1250-1536x1536.jpg",1536,1536,true],"2048x2048":["https:\/\/sercoma.online\/wp-content\/uploads\/2024\/08\/L1250-2048x2048.jpg",2048,2048,true],"woocommerce_thumbnail":["https:\/\/sercoma.online\/wp-content\/uploads\/2024\/08\/L1250-300x300.jpg",300,300,true],"woocommerce_single":["https:\/\/sercoma.online\/wp-content\/uploads\/2024\/08\/L1250-600x600.jpg",600,600,true],"woocommerce_gallery_thumbnail":["https:\/\/sercoma.online\/wp-content\/uploads\/2024\/08\/L1250-100x100.jpg",100,100,true]},"uagb_author_info":{"display_name":"sercoma.online","author_link":"https:\/\/sercoma.online\/index.php\/author\/"},"uagb_comment_info":0,"uagb_excerpt":"Impresora inal\u00e1mbrica econ\u00f3mica para familias y estudiantes. Ofrece costos de impresi\u00f3n ultrabajos gracias al sistema EcoTank de Epson que imprime 4.500 p\u00e1ginas a blanco y negro \u00f3 7.500\u00a0p\u00e1ginas a color por cada juego de botellas de repuesto. Dise\u00f1ada para integrarse en su estilo de vida, est\u00e1 totalmente conectada con Wi-Fi, Wi-Fi Direct, y ofrece funciones&hellip;","_links":{"self":[{"href":"https:\/\/sercoma.online\/index.php\/wp-json\/wp\/v2\/product\/4041"}],"collection":[{"href":"https:\/\/sercoma.online\/index.php\/wp-json\/wp\/v2\/product"}],"about":[{"href":"https:\/\/sercoma.online\/index.php\/wp-json\/wp\/v2\/types\/product"}],"version-history":[{"count":6,"href":"https:\/\/sercoma.online\/index.php\/wp-json\/wp\/v2\/product\/4041\/revisions"}],"predecessor-version":[{"id":4433,"href":"https:\/\/sercoma.online\/index.php\/wp-json\/wp\/v2\/product\/4041\/revisions\/4433"}],"wp:featuredmedia":[{"embeddable":true,"href":"https:\/\/sercoma.online\/index.php\/wp-json\/wp\/v2\/media\/4042"}],"wp:attachment":[{"href":"https:\/\/sercoma.online\/index.php\/wp-json\/wp\/v2\/media?parent=4041"}],"wp:term":[{"taxonomy":"product_cat","embeddable":true,"href":"https:\/\/sercoma.online\/index.php\/wp-json\/wp\/v2\/product_cat?post=4041"},{"taxonomy":"product_tag","embeddable":true,"href":"https:\/\/sercoma.online\/index.php\/wp-json\/wp\/v2\/product_tag?post=4041"}],"curies":[{"name":"wp","href":"https:\/\/api.w.org\/{rel}","templated":true}]}}