{"id":3766,"date":"2024-03-19T23:46:48","date_gmt":"2024-03-19T23:46:48","guid":{"rendered":"https:\/\/sercoma.online\/?post_type=product&#038;p=3766"},"modified":"2024-11-19T22:13:00","modified_gmt":"2024-11-19T22:13:00","slug":"botella-de-tinta-negra-epson-t49m2","status":"publish","type":"product","link":"https:\/\/sercoma.online\/index.php\/product\/botella-de-tinta-negra-epson-t49m2\/","title":{"rendered":"Botella de Tinta Cyan Epson T49M2"},"content":{"rendered":"<p>Las\u00a0tintas de sublimaci\u00f3n Epson T49M en botellas de 140 ml han sido desarrolladas por Epson para que puedas reproducir tus im\u00e1genes con los colores m\u00e1s intensos, contornos n\u00edtidos, suaves gradaciones de color y negro verdadero en la impresora de sublimaci\u00f3n de tinta Epson SureColor F170 Y F570 La tinta de sublimaci\u00f3n UltraChrome DS ofrece una extraordinaria saturaci\u00f3n de color y alto contraste. Las botellas de tinta simples de alta capacidad (140 ml) ofrecen tecnolog\u00eda de frenado autom\u00e1tico para menos desperdicio de tinta y menos impacto ambiental en comparaci\u00f3n con los cartuchos de pl\u00e1stico est\u00e1ndar. Las tintas de sublimaci\u00f3n genuinas de Epson est\u00e1n probadas y verificadas por OEKO-Tex para la impresi\u00f3n textil.<\/p>\n<hr \/>\n<h4><strong>Caracter\u00edsticas:<\/strong><\/h4>\n<ul>\n<li><strong>Marca<\/strong>: Epson<\/li>\n<li><strong>Color<\/strong>: Cyan<\/li>\n<li><strong>Contenido<\/strong>: 140ml.<\/li>\n<li><span class=\"list-attribute\"><strong>Tipo de producto:<\/strong>\u00a0Botella de Tinta<\/span>\u00ae para Sublimaci\u00f3n<\/li>\n<li><strong>Compatible con:<\/strong> SC-F170 y SC-F570<\/li>\n<li><strong>Condici\u00f3n<\/strong>: Original-Nuevo<\/li>\n<\/ul>\n","protected":false},"excerpt":{"rendered":"<p>Las\u00a0tintas de sublimaci\u00f3n Epson T49M en botellas de 140 ml han sido desarrolladas por Epson para que puedas reproducir tus im\u00e1genes con los colores m\u00e1s intensos, contornos n\u00edtidos, suaves gradaciones de color y negro verdadero en la impresora de sublimaci\u00f3n de tinta Epson SureColor F170 Y F570 La tinta de sublimaci\u00f3n UltraChrome DS ofrece una extraordinaria saturaci\u00f3n de color y alto contraste. Las botellas de tinta simples de alta capacidad (140 ml) ofrecen tecnolog\u00eda de frenado autom\u00e1tico para menos desperdicio de tinta y menos impacto ambiental en comparaci\u00f3n con los cartuchos de pl\u00e1stico est\u00e1ndar. Las tintas de sublimaci\u00f3n genuinas de Epson est\u00e1n probadas y verificadas por OEKO-Tex para la impresi\u00f3n textil.<\/p>\n","protected":false},"featured_media":3780,"template":"","meta":{"_uag_custom_page_level_css":"","_monsterinsights_skip_tracking":false,"_monsterinsights_sitenote_active":false,"_monsterinsights_sitenote_note":"","_monsterinsights_sitenote_category":0,"site-sidebar-layout":"default","site-content-layout":"","ast-site-content-layout":"default","site-content-style":"default","site-sidebar-style":"default","ast-global-header-display":"","ast-banner-title-visibility":"","ast-main-header-display":"","ast-hfb-above-header-display":"","ast-hfb-below-header-display":"","ast-hfb-mobile-header-display":"","site-post-title":"","ast-breadcrumbs-content":"","ast-featured-img":"","footer-sml-layout":"","theme-transparent-header-meta":"default","adv-header-id-meta":"","stick-header-meta":"","header-above-stick-meta":"","header-main-stick-meta":"","header-below-stick-meta":"","astra-migrate-meta-layouts":"set","ast-page-background-enabled":"default","ast-page-background-meta":{"desktop":{"background-color":"","background-image":"","background-repeat":"repeat","background-position":"center center","background-size":"auto","background-attachment":"scroll","background-type":"","background-media":"","overlay-type":"","overlay-color":"","overlay-gradient":""},"tablet":{"background-color":"","background-image":"","background-repeat":"repeat","background-position":"center center","background-size":"auto","background-attachment":"scroll","background-type":"","background-media":"","overlay-type":"","overlay-color":"","overlay-gradient":""},"mobile":{"background-color":"","background-image":"","background-repeat":"repeat","background-position":"center center","background-size":"auto","background-attachment":"scroll","background-type":"","background-media":"","overlay-type":"","overlay-color":"","overlay-gradient":""}},"ast-content-background-meta":{"desktop":{"background-color":"var(--ast-global-color-5)","background-image":"","background-repeat":"repeat","background-position":"center center","background-size":"auto","background-attachment":"scroll","background-type":"","background-media":"","overlay-type":"","overlay-color":"","overlay-gradient":""},"tablet":{"background-color":"var(--ast-global-color-5)","background-image":"","background-repeat":"repeat","background-position":"center center","background-size":"auto","background-attachment":"scroll","background-type":"","background-media":"","overlay-type":"","overlay-color":"","overlay-gradient":""},"mobile":{"background-color":"var(--ast-global-color-5)","background-image":"","background-repeat":"repeat","background-position":"center center","background-size":"auto","background-attachment":"scroll","background-type":"","background-media":"","overlay-type":"","overlay-color":"","overlay-gradient":""}}},"product_cat":[56],"product_tag":[],"class_list":{"0":"post-3766","1":"product","2":"type-product","3":"status-publish","4":"has-post-thumbnail","6":"product_cat-tintas","7":"desktop-align-center","8":"tablet-align-center","9":"mobile-align-center","11":"first","12":"instock","13":"taxable","14":"shipping-taxable","15":"product-type-simple"},"aioseo_notices":[],"jetpack_sharing_enabled":true,"uagb_featured_image_src":{"full":["https:\/\/sercoma.online\/wp-content\/uploads\/2024\/03\/TINTA-T49M2-1-1.png",2080,2080,false],"thumbnail":["https:\/\/sercoma.online\/wp-content\/uploads\/2024\/03\/TINTA-T49M2-1-1-150x150.png",150,150,true],"medium":["https:\/\/sercoma.online\/wp-content\/uploads\/2024\/03\/TINTA-T49M2-1-1-300x300.png",300,300,true],"medium_large":["https:\/\/sercoma.online\/wp-content\/uploads\/2024\/03\/TINTA-T49M2-1-1-768x768.png",768,768,true],"large":["https:\/\/sercoma.online\/wp-content\/uploads\/2024\/03\/TINTA-T49M2-1-1-1024x1024.png",1024,1024,true],"1536x1536":["https:\/\/sercoma.online\/wp-content\/uploads\/2024\/03\/TINTA-T49M2-1-1-1536x1536.png",1536,1536,true],"2048x2048":["https:\/\/sercoma.online\/wp-content\/uploads\/2024\/03\/TINTA-T49M2-1-1-2048x2048.png",2048,2048,true],"woocommerce_thumbnail":["https:\/\/sercoma.online\/wp-content\/uploads\/2024\/03\/TINTA-T49M2-1-1-300x300.png",300,300,true],"woocommerce_single":["https:\/\/sercoma.online\/wp-content\/uploads\/2024\/03\/TINTA-T49M2-1-1-600x600.png",600,600,true],"woocommerce_gallery_thumbnail":["https:\/\/sercoma.online\/wp-content\/uploads\/2024\/03\/TINTA-T49M2-1-1-100x100.png",100,100,true]},"uagb_author_info":{"display_name":"sercoma.online","author_link":"https:\/\/sercoma.online\/index.php\/author\/"},"uagb_comment_info":0,"uagb_excerpt":"Las\u00a0tintas de sublimaci\u00f3n Epson T49M en botellas de 140 ml han sido desarrolladas por Epson para que puedas reproducir tus im\u00e1genes con los colores m\u00e1s intensos, contornos n\u00edtidos, suaves gradaciones de color y negro verdadero en la impresora de sublimaci\u00f3n de tinta Epson SureColor F170 Y F570 La tinta de sublimaci\u00f3n UltraChrome DS ofrece una&hellip;","_links":{"self":[{"href":"https:\/\/sercoma.online\/index.php\/wp-json\/wp\/v2\/product\/3766"}],"collection":[{"href":"https:\/\/sercoma.online\/index.php\/wp-json\/wp\/v2\/product"}],"about":[{"href":"https:\/\/sercoma.online\/index.php\/wp-json\/wp\/v2\/types\/product"}],"version-history":[{"count":1,"href":"https:\/\/sercoma.online\/index.php\/wp-json\/wp\/v2\/product\/3766\/revisions"}],"predecessor-version":[{"id":3767,"href":"https:\/\/sercoma.online\/index.php\/wp-json\/wp\/v2\/product\/3766\/revisions\/3767"}],"wp:featuredmedia":[{"embeddable":true,"href":"https:\/\/sercoma.online\/index.php\/wp-json\/wp\/v2\/media\/3780"}],"wp:attachment":[{"href":"https:\/\/sercoma.online\/index.php\/wp-json\/wp\/v2\/media?parent=3766"}],"wp:term":[{"taxonomy":"product_cat","embeddable":true,"href":"https:\/\/sercoma.online\/index.php\/wp-json\/wp\/v2\/product_cat?post=3766"},{"taxonomy":"product_tag","embeddable":true,"href":"https:\/\/sercoma.online\/index.php\/wp-json\/wp\/v2\/product_tag?post=3766"}],"curies":[{"name":"wp","href":"https:\/\/api.w.org\/{rel}","templated":true}]}}