{"id":3761,"date":"2024-03-19T22:54:17","date_gmt":"2024-03-19T22:54:17","guid":{"rendered":"https:\/\/sercoma.online\/?post_type=product&#038;p=3761"},"modified":"2024-11-12T23:03:22","modified_gmt":"2024-11-12T23:03:22","slug":"caja-de-mantenimiento-para-impresora-epson-surecolor-f170","status":"publish","type":"product","link":"https:\/\/sercoma.online\/index.php\/product\/caja-de-mantenimiento-para-impresora-epson-surecolor-f170\/","title":{"rendered":"Caja de Mantenimiento para Impresora Epson SureColor F170"},"content":{"rendered":"<p>El Tanque de Mantenimiento de Tinta para la impresora Epson SureColor F170 almacena la tinta que se vac\u00eda del sistema durante la limpieza del cabezal de impresi\u00f3n. Su impresora y el software le permitir\u00e1n saber cuando es necesario reemplazar el Tanque de mantenimiento.<\/p>\n<hr \/>\n<h4><strong>Caracter\u00edsticas:<\/strong><\/h4>\n<ul>\n<li>Cartucho Epson original.<\/li>\n<li>Mantenga la impresi\u00f3n de su impresora en las mejores condiciones.<\/li>\n<li>Caja sellada de f\u00e1brica y cartucho envasado al vac\u00edo.<\/li>\n<li>Use este cartucho de mantenimiento cuando su impresora de sublimaci\u00f3n le avise.<\/li>\n<\/ul>\n","protected":false},"excerpt":{"rendered":"<p>El Tanque de Mantenimiento de Tinta para la impresora Epson SureColor F170 almacena la tinta que se vac\u00eda del sistema durante la limpieza del cabezal de impresi\u00f3n. Su impresora y el software le permitir\u00e1n saber cuando es necesario reemplazar el Tanque de mantenimiento.<\/p>\n","protected":false},"featured_media":3785,"template":"","meta":{"_uag_custom_page_level_css":"","_monsterinsights_skip_tracking":false,"_monsterinsights_sitenote_active":false,"_monsterinsights_sitenote_note":"","_monsterinsights_sitenote_category":0,"site-sidebar-layout":"default","site-content-layout":"","ast-site-content-layout":"default","site-content-style":"default","site-sidebar-style":"default","ast-global-header-display":"","ast-banner-title-visibility":"","ast-main-header-display":"","ast-hfb-above-header-display":"","ast-hfb-below-header-display":"","ast-hfb-mobile-header-display":"","site-post-title":"","ast-breadcrumbs-content":"","ast-featured-img":"","footer-sml-layout":"","theme-transparent-header-meta":"default","adv-header-id-meta":"","stick-header-meta":"","header-above-stick-meta":"","header-main-stick-meta":"","header-below-stick-meta":"","astra-migrate-meta-layouts":"set","ast-page-background-enabled":"default","ast-page-background-meta":{"desktop":{"background-color":"","background-image":"","background-repeat":"repeat","background-position":"center center","background-size":"auto","background-attachment":"scroll","background-type":"","background-media":"","overlay-type":"","overlay-color":"","overlay-gradient":""},"tablet":{"background-color":"","background-image":"","background-repeat":"repeat","background-position":"center center","background-size":"auto","background-attachment":"scroll","background-type":"","background-media":"","overlay-type":"","overlay-color":"","overlay-gradient":""},"mobile":{"background-color":"","background-image":"","background-repeat":"repeat","background-position":"center center","background-size":"auto","background-attachment":"scroll","background-type":"","background-media":"","overlay-type":"","overlay-color":"","overlay-gradient":""}},"ast-content-background-meta":{"desktop":{"background-color":"var(--ast-global-color-5)","background-image":"","background-repeat":"repeat","background-position":"center center","background-size":"auto","background-attachment":"scroll","background-type":"","background-media":"","overlay-type":"","overlay-color":"","overlay-gradient":""},"tablet":{"background-color":"var(--ast-global-color-5)","background-image":"","background-repeat":"repeat","background-position":"center center","background-size":"auto","background-attachment":"scroll","background-type":"","background-media":"","overlay-type":"","overlay-color":"","overlay-gradient":""},"mobile":{"background-color":"var(--ast-global-color-5)","background-image":"","background-repeat":"repeat","background-position":"center center","background-size":"auto","background-attachment":"scroll","background-type":"","background-media":"","overlay-type":"","overlay-color":"","overlay-gradient":""}}},"product_cat":[60,59],"product_tag":[],"class_list":{"0":"post-3761","1":"product","2":"type-product","3":"status-publish","4":"has-post-thumbnail","6":"product_cat-cabezales","7":"product_cat-repuestos","8":"desktop-align-center","9":"tablet-align-center","10":"mobile-align-center","12":"first","13":"instock","14":"taxable","15":"shipping-taxable","16":"product-type-simple"},"aioseo_notices":[],"jetpack_sharing_enabled":true,"uagb_featured_image_src":{"full":["https:\/\/sercoma.online\/wp-content\/uploads\/2024\/03\/Almohadilla-F170-1.png",2080,2080,false],"thumbnail":["https:\/\/sercoma.online\/wp-content\/uploads\/2024\/03\/Almohadilla-F170-1-150x150.png",150,150,true],"medium":["https:\/\/sercoma.online\/wp-content\/uploads\/2024\/03\/Almohadilla-F170-1-300x300.png",300,300,true],"medium_large":["https:\/\/sercoma.online\/wp-content\/uploads\/2024\/03\/Almohadilla-F170-1-768x768.png",768,768,true],"large":["https:\/\/sercoma.online\/wp-content\/uploads\/2024\/03\/Almohadilla-F170-1-1024x1024.png",1024,1024,true],"1536x1536":["https:\/\/sercoma.online\/wp-content\/uploads\/2024\/03\/Almohadilla-F170-1-1536x1536.png",1536,1536,true],"2048x2048":["https:\/\/sercoma.online\/wp-content\/uploads\/2024\/03\/Almohadilla-F170-1-2048x2048.png",2048,2048,true],"woocommerce_thumbnail":["https:\/\/sercoma.online\/wp-content\/uploads\/2024\/03\/Almohadilla-F170-1-300x300.png",300,300,true],"woocommerce_single":["https:\/\/sercoma.online\/wp-content\/uploads\/2024\/03\/Almohadilla-F170-1-600x600.png",600,600,true],"woocommerce_gallery_thumbnail":["https:\/\/sercoma.online\/wp-content\/uploads\/2024\/03\/Almohadilla-F170-1-100x100.png",100,100,true]},"uagb_author_info":{"display_name":"sercoma.online","author_link":"https:\/\/sercoma.online\/index.php\/author\/"},"uagb_comment_info":0,"uagb_excerpt":"El Tanque de Mantenimiento de Tinta para la impresora Epson SureColor F170 almacena la tinta que se vac\u00eda del sistema durante la limpieza del cabezal de impresi\u00f3n. Su impresora y el software le permitir\u00e1n saber cuando es necesario reemplazar el Tanque de mantenimiento.","_links":{"self":[{"href":"https:\/\/sercoma.online\/index.php\/wp-json\/wp\/v2\/product\/3761"}],"collection":[{"href":"https:\/\/sercoma.online\/index.php\/wp-json\/wp\/v2\/product"}],"about":[{"href":"https:\/\/sercoma.online\/index.php\/wp-json\/wp\/v2\/types\/product"}],"version-history":[{"count":2,"href":"https:\/\/sercoma.online\/index.php\/wp-json\/wp\/v2\/product\/3761\/revisions"}],"predecessor-version":[{"id":3763,"href":"https:\/\/sercoma.online\/index.php\/wp-json\/wp\/v2\/product\/3761\/revisions\/3763"}],"wp:featuredmedia":[{"embeddable":true,"href":"https:\/\/sercoma.online\/index.php\/wp-json\/wp\/v2\/media\/3785"}],"wp:attachment":[{"href":"https:\/\/sercoma.online\/index.php\/wp-json\/wp\/v2\/media?parent=3761"}],"wp:term":[{"taxonomy":"product_cat","embeddable":true,"href":"https:\/\/sercoma.online\/index.php\/wp-json\/wp\/v2\/product_cat?post=3761"},{"taxonomy":"product_tag","embeddable":true,"href":"https:\/\/sercoma.online\/index.php\/wp-json\/wp\/v2\/product_tag?post=3761"}],"curies":[{"name":"wp","href":"https:\/\/api.w.org\/{rel}","templated":true}]}}