{"id":3748,"date":"2024-03-19T00:14:04","date_gmt":"2024-03-19T00:14:04","guid":{"rendered":"https:\/\/sercoma.online\/?post_type=product&#038;p=3748"},"modified":"2024-11-20T15:16:17","modified_gmt":"2024-11-20T15:16:17","slug":"rollo-epson-premium-luster-photo-paper-s042081-24-x-100","status":"publish","type":"product","link":"https:\/\/sercoma.online\/index.php\/product\/rollo-epson-premium-luster-photo-paper-s042081-24-x-100\/","title":{"rendered":"Rollo Epson Premium Luster Photo Paper (S042081) 24&#8243; x 100&#8242;"},"content":{"rendered":"<p>El papel premium luster Photo Paper de 260gr. Especial para impresiones fotogr\u00e1ficas con calidad y nitidez superior. El acabado es igual a una impresi\u00f3n de laboratorio. Si deseas una apariencia satinada en tus fotograf\u00edas, los papeles EPSON Luster son la opci\u00f3n l\u00f3gica para imprimir tus fotos digitales, ya que el resultado ser\u00e1n fotograf\u00edas similares a las fotos tradicionales.<\/p>\n<p>El Papel Epson es la mejor opci\u00f3n a la hora de imprimir fotograf\u00edas de alta calidad, logrando junto a las impresoras y tintas originales Epson, resultados insuperables, nuestros papeles originales Epson son compatibles con una amplia gama de impresoras Epson, que nos permiten imprimir en la igualmente amplia gama de papeles originales Epson.<\/p>\n<hr \/>\n<h4><strong>Especificaciones<\/strong><strong>:<\/strong><\/h4>\n<ul>\n<li><strong>Marca:<\/strong> Epson<\/li>\n<li><strong>Tama\u00f1o:<\/strong> 24 Pulgadas x 100 Pies .<\/li>\n<li><strong>Tipo de Papel:<\/strong> Premium Luster Photo 260.<\/li>\n<li><strong>Peso base:<\/strong> 240 g \/ m2.<\/li>\n<li><strong>Espesor:<\/strong> 10 mil\u00e9simas.<\/li>\n<li><strong>Brillo ISO:<\/strong> 97%.<\/li>\n<li><strong>Opacidad:<\/strong> 97%.<\/li>\n<li><strong>Brillo a 60 \u00b0:<\/strong> 16.<\/li>\n<li><strong>Material base:<\/strong> papel encapsulado de polietileno.<\/li>\n<li><strong>Acabado de superficie:<\/strong> brillo.<\/li>\n<\/ul>\n<h4><strong>Caracteristicas<\/strong><strong>:<\/strong><\/h4>\n<ul>\n<li>Este es uno de nuestros papeles fotogr\u00e1ficos de mayor performace.<\/li>\n<li>Popular papel de superficie para impresores digitales.<\/li>\n<li>Papel de secado instant\u00e1neo.<\/li>\n<li>Produce im\u00e1genes v\u00edvidas y realistas.<\/li>\n<li>Ofrece impresiones altamente saturadas.<\/li>\n<li>M\u00e1xima cobertura de tinta y un alto D-Max para verdaderas reproducciones fotogr\u00e1ficas.<\/li>\n<li>Los fot\u00f3grafos de bodas, retratos y escuelas han usado tradicionalmente papel de lustre para sus fotos.<\/li>\n<\/ul>\n","protected":false},"excerpt":{"rendered":"<p>El papel premium luster Photo Paper de 260gr. Especial para impresiones fotogr\u00e1ficas con calidad y nitidez superior. El acabado es igual a una impresi\u00f3n de laboratorio. Si deseas una apariencia satinada en tus fotograf\u00edas, los papeles EPSON Luster son la opci\u00f3n l\u00f3gica para imprimir tus fotos digitales, ya que el resultado ser\u00e1n fotograf\u00edas similares a las fotos tradicionales.<\/p>\n<p>El Papel Epson es la mejor opci\u00f3n a la hora de imprimir fotograf\u00edas de alta calidad, logrando junto a las impresoras y tintas originales Epson, resultados insuperables, nuestros papeles originales Epson son compatibles con una amplia gama de impresoras Epson, que nos permiten imprimir en la igualmente amplia gama de papeles originales Epson.<\/p>\n","protected":false},"featured_media":3836,"template":"","meta":{"_uag_custom_page_level_css":"","_monsterinsights_skip_tracking":false,"_monsterinsights_sitenote_active":false,"_monsterinsights_sitenote_note":"","_monsterinsights_sitenote_category":0,"site-sidebar-layout":"default","site-content-layout":"","ast-site-content-layout":"default","site-content-style":"default","site-sidebar-style":"default","ast-global-header-display":"","ast-banner-title-visibility":"","ast-main-header-display":"","ast-hfb-above-header-display":"","ast-hfb-below-header-display":"","ast-hfb-mobile-header-display":"","site-post-title":"","ast-breadcrumbs-content":"","ast-featured-img":"","footer-sml-layout":"","theme-transparent-header-meta":"default","adv-header-id-meta":"","stick-header-meta":"","header-above-stick-meta":"","header-main-stick-meta":"","header-below-stick-meta":"","astra-migrate-meta-layouts":"set","ast-page-background-enabled":"default","ast-page-background-meta":{"desktop":{"background-color":"","background-image":"","background-repeat":"repeat","background-position":"center center","background-size":"auto","background-attachment":"scroll","background-type":"","background-media":"","overlay-type":"","overlay-color":"","overlay-gradient":""},"tablet":{"background-color":"","background-image":"","background-repeat":"repeat","background-position":"center center","background-size":"auto","background-attachment":"scroll","background-type":"","background-media":"","overlay-type":"","overlay-color":"","overlay-gradient":""},"mobile":{"background-color":"","background-image":"","background-repeat":"repeat","background-position":"center center","background-size":"auto","background-attachment":"scroll","background-type":"","background-media":"","overlay-type":"","overlay-color":"","overlay-gradient":""}},"ast-content-background-meta":{"desktop":{"background-color":"var(--ast-global-color-5)","background-image":"","background-repeat":"repeat","background-position":"center center","background-size":"auto","background-attachment":"scroll","background-type":"","background-media":"","overlay-type":"","overlay-color":"","overlay-gradient":""},"tablet":{"background-color":"var(--ast-global-color-5)","background-image":"","background-repeat":"repeat","background-position":"center center","background-size":"auto","background-attachment":"scroll","background-type":"","background-media":"","overlay-type":"","overlay-color":"","overlay-gradient":""},"mobile":{"background-color":"var(--ast-global-color-5)","background-image":"","background-repeat":"repeat","background-position":"center center","background-size":"auto","background-attachment":"scroll","background-type":"","background-media":"","overlay-type":"","overlay-color":"","overlay-gradient":""}}},"product_cat":[57],"product_tag":[],"class_list":{"0":"post-3748","1":"product","2":"type-product","3":"status-publish","4":"has-post-thumbnail","6":"product_cat-papel","7":"desktop-align-center","8":"tablet-align-center","9":"mobile-align-center","11":"first","12":"instock","13":"taxable","14":"shipping-taxable","15":"product-type-simple"},"aioseo_notices":[],"jetpack_sharing_enabled":true,"uagb_featured_image_src":{"full":["https:\/\/sercoma.online\/wp-content\/uploads\/2024\/03\/Rollo-Luster-Photo-1.png",2080,2080,false],"thumbnail":["https:\/\/sercoma.online\/wp-content\/uploads\/2024\/03\/Rollo-Luster-Photo-1-150x150.png",150,150,true],"medium":["https:\/\/sercoma.online\/wp-content\/uploads\/2024\/03\/Rollo-Luster-Photo-1-300x300.png",300,300,true],"medium_large":["https:\/\/sercoma.online\/wp-content\/uploads\/2024\/03\/Rollo-Luster-Photo-1-768x768.png",768,768,true],"large":["https:\/\/sercoma.online\/wp-content\/uploads\/2024\/03\/Rollo-Luster-Photo-1-1024x1024.png",1024,1024,true],"1536x1536":["https:\/\/sercoma.online\/wp-content\/uploads\/2024\/03\/Rollo-Luster-Photo-1-1536x1536.png",1536,1536,true],"2048x2048":["https:\/\/sercoma.online\/wp-content\/uploads\/2024\/03\/Rollo-Luster-Photo-1-2048x2048.png",2048,2048,true],"woocommerce_thumbnail":["https:\/\/sercoma.online\/wp-content\/uploads\/2024\/03\/Rollo-Luster-Photo-1-300x300.png",300,300,true],"woocommerce_single":["https:\/\/sercoma.online\/wp-content\/uploads\/2024\/03\/Rollo-Luster-Photo-1-600x600.png",600,600,true],"woocommerce_gallery_thumbnail":["https:\/\/sercoma.online\/wp-content\/uploads\/2024\/03\/Rollo-Luster-Photo-1-100x100.png",100,100,true]},"uagb_author_info":{"display_name":"sercoma.online","author_link":"https:\/\/sercoma.online\/index.php\/author\/"},"uagb_comment_info":0,"uagb_excerpt":"El papel premium luster Photo Paper de 260gr. Especial para impresiones fotogr\u00e1ficas con calidad y nitidez superior. El acabado es igual a una impresi\u00f3n de laboratorio. Si deseas una apariencia satinada en tus fotograf\u00edas, los papeles EPSON Luster son la opci\u00f3n l\u00f3gica para imprimir tus fotos digitales, ya que el resultado ser\u00e1n fotograf\u00edas similares a&hellip;","_links":{"self":[{"href":"https:\/\/sercoma.online\/index.php\/wp-json\/wp\/v2\/product\/3748"}],"collection":[{"href":"https:\/\/sercoma.online\/index.php\/wp-json\/wp\/v2\/product"}],"about":[{"href":"https:\/\/sercoma.online\/index.php\/wp-json\/wp\/v2\/types\/product"}],"version-history":[{"count":4,"href":"https:\/\/sercoma.online\/index.php\/wp-json\/wp\/v2\/product\/3748\/revisions"}],"predecessor-version":[{"id":3752,"href":"https:\/\/sercoma.online\/index.php\/wp-json\/wp\/v2\/product\/3748\/revisions\/3752"}],"wp:featuredmedia":[{"embeddable":true,"href":"https:\/\/sercoma.online\/index.php\/wp-json\/wp\/v2\/media\/3836"}],"wp:attachment":[{"href":"https:\/\/sercoma.online\/index.php\/wp-json\/wp\/v2\/media?parent=3748"}],"wp:term":[{"taxonomy":"product_cat","embeddable":true,"href":"https:\/\/sercoma.online\/index.php\/wp-json\/wp\/v2\/product_cat?post=3748"},{"taxonomy":"product_tag","embeddable":true,"href":"https:\/\/sercoma.online\/index.php\/wp-json\/wp\/v2\/product_tag?post=3748"}],"curies":[{"name":"wp","href":"https:\/\/api.w.org\/{rel}","templated":true}]}}