{"id":3745,"date":"2024-03-18T20:49:36","date_gmt":"2024-03-18T20:49:36","guid":{"rendered":"https:\/\/sercoma.online\/?post_type=product&#038;p=3745"},"modified":"2024-09-30T18:06:32","modified_gmt":"2024-09-30T18:06:32","slug":"impresora-multifuncional-epson-ecotank-l14150","status":"publish","type":"product","link":"https:\/\/sercoma.online\/index.php\/product\/impresora-multifuncional-epson-ecotank-l14150\/","title":{"rendered":"Impresora Multifuncional Epson EcoTank L14150"},"content":{"rendered":"<p>La nueva multifuncional inal\u00e1mbrica EcoTank 4 en 1 te ofrece impresi\u00f3n 100% sin cartuchos con soporte para formatos anchos hasta A3+, con botellas de tinta dise\u00f1adas para evitar derrames y codificadas para llenado f\u00e1cil de cada color. La EcoTank L14150 te permite imprimir hasta 7.500 p\u00e1ginas en negro o 6.000 p\u00e1ginas a color. Imprime cientos de proyectos sin interrupciones, con los juegos de botellas de tinta original Epson que equivalen a unos 35 juegos de cartuchos de tinta, ahorrando hasta 90% en tinta con las botellas de reemplazo de bajo costo. Imprime sin la necesidad de una PC, gracias a su pantalla de 2,4&#8243;.<\/p>\n<hr \/>\n<h4><strong>Especificaciones<\/strong><strong>:<\/strong><\/h4>\n<ul>\n<li><strong>Marca<\/strong>: Epson<\/li>\n<li><strong>Peso: <\/strong>9,7 kg<\/li>\n<li><span class=\"list-attribute\"><strong>Tipo de producto:<\/strong> Impresora multifuncional 4 en 1<\/span><\/li>\n<li><strong>\u00a0Dimensiones (An. x Pr. x Al.):<\/strong> 498 mm x 752 mm x 363 mm<\/li>\n<li><strong>Velocidad de impresi\u00f3n m\u00e1xima:<\/strong> Negro 38 ppm y color 24 ppm (borrador, A4\/carta)<\/li>\n<li><strong>Tama\u00f1o m\u00e1ximo de copia:<\/strong> Oficio\/Legal (ADF y cama de esc\u00e1ner)<\/li>\n<li><strong>Impresora inalambrica:<\/strong> S\u00ed<\/li>\n<li><strong>Condici\u00f3n<\/strong>: Original-Nuevo<\/li>\n<\/ul>\n<p><span style=\"color: #00a7f8;\"><a style=\"color: #00a7f8;\" title=\"FICHA T\u00c9CNICA\" href=\"https:\/\/mediaserver.goepson.com\/ImConvServlet\/imconv\/551028f29ce408a579ccefa2f33c48b368159925\/original?assetDescr=Especificaciones-EcoTank-L14150-v4.pdf\" target=\"_blank\" rel=\"noopener\">[ FICHA T\u00c9CNICA ]<\/a><\/span><\/p>\n<hr \/>\n<h4><strong>Caracteristicas<\/strong><strong>:<\/strong><\/h4>\n<ul>\n<li><strong>Alta Productividad:<\/strong> Gracias al\u00a0 ADF de 35 paginas (A4\/carta), impresi\u00f3n d\u00faplex (A4\/carta), impresi\u00f3n\u00a0 hasta A3+ , cama de esc\u00e1ner con soporte de tama\u00f1o oficio y FAX.<\/li>\n<li><strong>Conectividad de red avanzada:<\/strong> Wifi, Wifi Direct, Ethernet para compartir y agregar f\u00e1cilmente a tu grupo de trabajo.<\/li>\n<li><strong>Alta velocidad de impresi\u00f3n ISO:<\/strong> negro 17 ppm | Color 9 ppm.<\/li>\n<li><strong>Impresiones ultra n\u00edtidas:<\/strong> con la tecnolog\u00eda PrecisionCore sin calor de Epson, nuestro cabezal de impresi\u00f3n de alta resoluci\u00f3n m\u00e1s avanzado.<\/li>\n<\/ul>\n","protected":false},"excerpt":{"rendered":"<p>La nueva multifuncional inal\u00e1mbrica EcoTank 4 en 1 te ofrece impresi\u00f3n 100% sin cartuchos con soporte para formatos anchos hasta A3+, con botellas de tinta dise\u00f1adas para evitar derrames y codificadas para llenado f\u00e1cil de cada color. La EcoTank L14150 te permite imprimir hasta 7.500 p\u00e1ginas en negro o 6.000 p\u00e1ginas a color. Imprime cientos de proyectos sin interrupciones, con los juegos de botellas de tinta original Epson que equivalen a unos 35 juegos de cartuchos de tinta, ahorrando hasta 90% en tinta con las botellas de reemplazo de bajo costo. Imprime sin la necesidad de una PC, gracias a su pantalla de 2,4&#8243;.<\/p>\n","protected":false},"featured_media":3809,"template":"","meta":{"_uag_custom_page_level_css":"","_monsterinsights_skip_tracking":false,"_monsterinsights_sitenote_active":false,"_monsterinsights_sitenote_note":"","_monsterinsights_sitenote_category":0,"site-sidebar-layout":"default","site-content-layout":"","ast-site-content-layout":"default","site-content-style":"default","site-sidebar-style":"default","ast-global-header-display":"","ast-banner-title-visibility":"","ast-main-header-display":"","ast-hfb-above-header-display":"","ast-hfb-below-header-display":"","ast-hfb-mobile-header-display":"","site-post-title":"","ast-breadcrumbs-content":"","ast-featured-img":"","footer-sml-layout":"","theme-transparent-header-meta":"default","adv-header-id-meta":"","stick-header-meta":"","header-above-stick-meta":"","header-main-stick-meta":"","header-below-stick-meta":"","astra-migrate-meta-layouts":"set","ast-page-background-enabled":"default","ast-page-background-meta":{"desktop":{"background-color":"","background-image":"","background-repeat":"repeat","background-position":"center center","background-size":"auto","background-attachment":"scroll","background-type":"","background-media":"","overlay-type":"","overlay-color":"","overlay-gradient":""},"tablet":{"background-color":"","background-image":"","background-repeat":"repeat","background-position":"center center","background-size":"auto","background-attachment":"scroll","background-type":"","background-media":"","overlay-type":"","overlay-color":"","overlay-gradient":""},"mobile":{"background-color":"","background-image":"","background-repeat":"repeat","background-position":"center center","background-size":"auto","background-attachment":"scroll","background-type":"","background-media":"","overlay-type":"","overlay-color":"","overlay-gradient":""}},"ast-content-background-meta":{"desktop":{"background-color":"var(--ast-global-color-5)","background-image":"","background-repeat":"repeat","background-position":"center center","background-size":"auto","background-attachment":"scroll","background-type":"","background-media":"","overlay-type":"","overlay-color":"","overlay-gradient":""},"tablet":{"background-color":"var(--ast-global-color-5)","background-image":"","background-repeat":"repeat","background-position":"center center","background-size":"auto","background-attachment":"scroll","background-type":"","background-media":"","overlay-type":"","overlay-color":"","overlay-gradient":""},"mobile":{"background-color":"var(--ast-global-color-5)","background-image":"","background-repeat":"repeat","background-position":"center center","background-size":"auto","background-attachment":"scroll","background-type":"","background-media":"","overlay-type":"","overlay-color":"","overlay-gradient":""}}},"product_cat":[23,49],"product_tag":[],"class_list":{"0":"post-3745","1":"product","2":"type-product","3":"status-publish","4":"has-post-thumbnail","6":"product_cat-impresoras","7":"product_cat-oficina","8":"desktop-align-center","9":"tablet-align-center","10":"mobile-align-center","12":"first","13":"instock","14":"taxable","15":"shipping-taxable","16":"product-type-simple"},"aioseo_notices":[],"jetpack_sharing_enabled":true,"uagb_featured_image_src":{"full":["https:\/\/sercoma.online\/wp-content\/uploads\/2024\/03\/L14150-1.png",2080,2080,false],"thumbnail":["https:\/\/sercoma.online\/wp-content\/uploads\/2024\/03\/L14150-1-150x150.png",150,150,true],"medium":["https:\/\/sercoma.online\/wp-content\/uploads\/2024\/03\/L14150-1-300x300.png",300,300,true],"medium_large":["https:\/\/sercoma.online\/wp-content\/uploads\/2024\/03\/L14150-1-768x768.png",768,768,true],"large":["https:\/\/sercoma.online\/wp-content\/uploads\/2024\/03\/L14150-1-1024x1024.png",1024,1024,true],"1536x1536":["https:\/\/sercoma.online\/wp-content\/uploads\/2024\/03\/L14150-1-1536x1536.png",1536,1536,true],"2048x2048":["https:\/\/sercoma.online\/wp-content\/uploads\/2024\/03\/L14150-1-2048x2048.png",2048,2048,true],"woocommerce_thumbnail":["https:\/\/sercoma.online\/wp-content\/uploads\/2024\/03\/L14150-1-300x300.png",300,300,true],"woocommerce_single":["https:\/\/sercoma.online\/wp-content\/uploads\/2024\/03\/L14150-1-600x600.png",600,600,true],"woocommerce_gallery_thumbnail":["https:\/\/sercoma.online\/wp-content\/uploads\/2024\/03\/L14150-1-100x100.png",100,100,true]},"uagb_author_info":{"display_name":"sercoma.online","author_link":"https:\/\/sercoma.online\/index.php\/author\/"},"uagb_comment_info":0,"uagb_excerpt":"La nueva multifuncional inal\u00e1mbrica EcoTank 4 en 1 te ofrece impresi\u00f3n 100% sin cartuchos con soporte para formatos anchos hasta A3+, con botellas de tinta dise\u00f1adas para evitar derrames y codificadas para llenado f\u00e1cil de cada color. La EcoTank L14150 te permite imprimir hasta 7.500 p\u00e1ginas en negro o 6.000 p\u00e1ginas a color. Imprime cientos&hellip;","_links":{"self":[{"href":"https:\/\/sercoma.online\/index.php\/wp-json\/wp\/v2\/product\/3745"}],"collection":[{"href":"https:\/\/sercoma.online\/index.php\/wp-json\/wp\/v2\/product"}],"about":[{"href":"https:\/\/sercoma.online\/index.php\/wp-json\/wp\/v2\/types\/product"}],"version-history":[{"count":3,"href":"https:\/\/sercoma.online\/index.php\/wp-json\/wp\/v2\/product\/3745\/revisions"}],"predecessor-version":[{"id":4212,"href":"https:\/\/sercoma.online\/index.php\/wp-json\/wp\/v2\/product\/3745\/revisions\/4212"}],"wp:featuredmedia":[{"embeddable":true,"href":"https:\/\/sercoma.online\/index.php\/wp-json\/wp\/v2\/media\/3809"}],"wp:attachment":[{"href":"https:\/\/sercoma.online\/index.php\/wp-json\/wp\/v2\/media?parent=3745"}],"wp:term":[{"taxonomy":"product_cat","embeddable":true,"href":"https:\/\/sercoma.online\/index.php\/wp-json\/wp\/v2\/product_cat?post=3745"},{"taxonomy":"product_tag","embeddable":true,"href":"https:\/\/sercoma.online\/index.php\/wp-json\/wp\/v2\/product_tag?post=3745"}],"curies":[{"name":"wp","href":"https:\/\/api.w.org\/{rel}","templated":true}]}}