{"id":3725,"date":"2024-03-14T14:57:31","date_gmt":"2024-03-14T14:57:31","guid":{"rendered":"https:\/\/sercoma.online\/?post_type=product&#038;p=3725"},"modified":"2024-11-20T15:51:25","modified_gmt":"2024-11-20T15:51:25","slug":"impresora-epson-surecolor-p9570","status":"publish","type":"product","link":"https:\/\/sercoma.online\/index.php\/product\/impresora-epson-surecolor-p9570\/","title":{"rendered":"Impresora Epson SureColor P9570"},"content":{"rendered":"<p>Desde fotograf\u00eda profesional hasta pruebas de color y dise\u00f1o gr\u00e1fico, la SureColor P9570 fue construida desde cero para satisfacer de manera \u00fanica el espectro completo de necesidades creativas. Con la nueva tinta UltraChrome<sup>\u00ae\u00a0<\/sup>PRO12, la SureColor P9570 captura cada detalle con un brillo y precisi\u00f3n de color incomparables. Y, con un nuevo cabezal de impresi\u00f3n PrecisionCore<sup>\u00ae\u00a0<\/sup>de 2.6 \u00ab, obtiene una calidad de imagen inigualable a velocidades hasta 2.4 veces m\u00e1s r\u00e1pidas que nuestra generaci\u00f3n anterior.<\/p>\n<hr \/>\n<h4><strong>Especificaciones<\/strong><strong>:<\/strong><\/h4>\n<ul>\n<li><strong>Marca<\/strong>: Epson<\/li>\n<li><strong>Peso:<\/strong> 269 lb (122 kg)<\/li>\n<li><span class=\"list-attribute\"><strong>Tipo de producto:<\/strong> Impresora para fotograf\u00eda<\/span><\/li>\n<li><strong>Ancho m\u00e1ximo del papel:<\/strong> 44&#8243; (111,76 cm)<\/li>\n<li><strong>Largo m\u00e1ximo de impresi\u00f3n del rollo:<\/strong> 6 708,66&#8243; (1,8 m)<\/li>\n<li><strong>Consumo de energ\u00eda:<\/strong>aprox. 110 W Lista: aprox. 32 W Modo reposo: aprox. 3,4 W (Ethernet 1000Base-T en reposo) Apagado: menos de 0,3 W<\/li>\n<li><strong>Dimensiones del producto (L. x A. x Alt.):\u00a0<\/strong>75,1&#8243; x 26.3&#8243; x 48&#8243; (1.909 mm x 667 mm x 1.218 mm)<\/li>\n<li><strong>Condici\u00f3n<\/strong>: Original-Nuevo<\/li>\n<\/ul>\n<p><span style=\"color: #00a7f8;\"><a style=\"color: #00a7f8;\" title=\"FICHA T\u00c9CNICA\" href=\"https:\/\/mediaserver.goepson.com\/ImConvServlet\/imconv\/f2b951a40d97d129bb6adb5fce007caa427d2f6c\/original?assetDescr=Ficha-T%C3%A9cnica-SureColor-P9570\" target=\"_blank\" rel=\"noopener\">[ FICHA T\u00c9CNICA ]<\/a><\/span><\/p>\n<hr \/>\n<h4><strong>Caracteristicas<\/strong><strong>:<\/strong><\/h4>\n<ul>\n<li><strong>Extrema gama de color:<\/strong>\u00a0las nuevas tintas UltraChrome\u00ae PRO12, que incluyen color violeta, reproducen colores asombrosos, cubriendo hasta el 99% de la gu\u00eda de f\u00f3rmulas de Pantone\u00ae para colores s\u00f3lidos y recubrimientos est\u00e1ndar<sup>2<\/sup>.<\/li>\n<li><strong>Nuestra impresora de gran formato m\u00e1s avanzada hasta ahora:<\/strong>\u00a0para fotograf\u00eda, reproducci\u00f3n de arte, pruebas de color e impresiones de dise\u00f1o gr\u00e1fico de calidad y rendimiento inigualables.<\/li>\n<li><strong>Impulsada por PrecisionCore\u00ae:<\/strong>\u00a0el nuevo cabezal MicroTFP\u00ae de 12 canales imprime al doble de la velocidad de las generaciones anteriores<sup>1<\/sup>.<\/li>\n<li><strong>Cambio en tiempo real de las tintas foto y mate:<\/strong>\u00a0las boquillas dedicadas para ambos tipos de tinta no requieren intercambio.<\/li>\n<li><strong>\u00cdndices de permanencia l\u00edderes en la industria:<\/strong>\u00a0reproduce impresiones a color que pueden durar hasta 200 a\u00f1os y hasta 400 a\u00f1os en blanco y negro<sup>3<\/sup>.<\/li>\n<li><strong>Tinta negra de densidad aumentada con BEO -Recubrimiento Intensificador del Negro:<\/strong>\u00a0con el DMAX mejorado, se obtiene un cociente de contraste m\u00e1s amplio y de mayor claridad, como tambi\u00e9n, una mejor definici\u00f3n en papeles brillantes.<\/li>\n<li><strong>Nueva pantalla digital personalizable:<\/strong>\u00a0la primera impresora en su clase en presentar una pantalla a color personalizable de 4,3&#8243; y de navegaci\u00f3n simple.<\/li>\n<li><strong>Epson\u00ae SpectroProofer\u00ae opcional:<\/strong>\u00a0automatiza la calibraci\u00f3n de color y las pruebas de verificaci\u00f3n para aplicaciones de pruebas de color con software de RIP y flujos de trabajo de terceros.<\/li>\n<\/ul>\n","protected":false},"excerpt":{"rendered":"<p>Desde fotograf\u00eda profesional hasta pruebas de color y dise\u00f1o gr\u00e1fico, la SureColor P9570 fue construida desde cero para satisfacer de manera \u00fanica el espectro completo de necesidades creativas. Con la nueva tinta UltraChrome<sup>\u00ae\u00a0<\/sup>PRO12, la SureColor P9570 captura cada detalle con un brillo y precisi\u00f3n de color incomparables. Con un nuevo cabezal de impresi\u00f3n PrecisionCore<sup>\u00ae\u00a0<\/sup>de 2.6 \u00ab, obtiene una calidad de imagen inigualable a velocidades hasta 2.4 veces m\u00e1s r\u00e1pidas que nuestra generaci\u00f3n anterior.<\/p>\n","protected":false},"featured_media":3800,"template":"","meta":{"_uag_custom_page_level_css":"","_monsterinsights_skip_tracking":false,"_monsterinsights_sitenote_active":false,"_monsterinsights_sitenote_note":"","_monsterinsights_sitenote_category":0,"site-sidebar-layout":"default","site-content-layout":"","ast-site-content-layout":"default","site-content-style":"default","site-sidebar-style":"default","ast-global-header-display":"","ast-banner-title-visibility":"","ast-main-header-display":"","ast-hfb-above-header-display":"","ast-hfb-below-header-display":"","ast-hfb-mobile-header-display":"","site-post-title":"","ast-breadcrumbs-content":"","ast-featured-img":"","footer-sml-layout":"","theme-transparent-header-meta":"default","adv-header-id-meta":"","stick-header-meta":"","header-above-stick-meta":"","header-main-stick-meta":"","header-below-stick-meta":"","astra-migrate-meta-layouts":"set","ast-page-background-enabled":"default","ast-page-background-meta":{"desktop":{"background-color":"","background-image":"","background-repeat":"repeat","background-position":"center center","background-size":"auto","background-attachment":"scroll","background-type":"","background-media":"","overlay-type":"","overlay-color":"","overlay-gradient":""},"tablet":{"background-color":"","background-image":"","background-repeat":"repeat","background-position":"center center","background-size":"auto","background-attachment":"scroll","background-type":"","background-media":"","overlay-type":"","overlay-color":"","overlay-gradient":""},"mobile":{"background-color":"","background-image":"","background-repeat":"repeat","background-position":"center center","background-size":"auto","background-attachment":"scroll","background-type":"","background-media":"","overlay-type":"","overlay-color":"","overlay-gradient":""}},"ast-content-background-meta":{"desktop":{"background-color":"var(--ast-global-color-5)","background-image":"","background-repeat":"repeat","background-position":"center center","background-size":"auto","background-attachment":"scroll","background-type":"","background-media":"","overlay-type":"","overlay-color":"","overlay-gradient":""},"tablet":{"background-color":"var(--ast-global-color-5)","background-image":"","background-repeat":"repeat","background-position":"center center","background-size":"auto","background-attachment":"scroll","background-type":"","background-media":"","overlay-type":"","overlay-color":"","overlay-gradient":""},"mobile":{"background-color":"var(--ast-global-color-5)","background-image":"","background-repeat":"repeat","background-position":"center center","background-size":"auto","background-attachment":"scroll","background-type":"","background-media":"","overlay-type":"","overlay-color":"","overlay-gradient":""}}},"product_cat":[54,52],"product_tag":[],"class_list":{"0":"post-3725","1":"product","2":"type-product","3":"status-publish","4":"has-post-thumbnail","6":"product_cat-fotografia-plotters","7":"product_cat-plotters","8":"desktop-align-center","9":"tablet-align-center","10":"mobile-align-center","12":"first","13":"instock","14":"taxable","15":"shipping-taxable","16":"product-type-simple"},"aioseo_notices":[],"jetpack_sharing_enabled":true,"uagb_featured_image_src":{"full":["https:\/\/sercoma.online\/wp-content\/uploads\/2024\/03\/SureColor-P9570-1.png",2080,2080,false],"thumbnail":["https:\/\/sercoma.online\/wp-content\/uploads\/2024\/03\/SureColor-P9570-1-150x150.png",150,150,true],"medium":["https:\/\/sercoma.online\/wp-content\/uploads\/2024\/03\/SureColor-P9570-1-300x300.png",300,300,true],"medium_large":["https:\/\/sercoma.online\/wp-content\/uploads\/2024\/03\/SureColor-P9570-1-768x768.png",768,768,true],"large":["https:\/\/sercoma.online\/wp-content\/uploads\/2024\/03\/SureColor-P9570-1-1024x1024.png",1024,1024,true],"1536x1536":["https:\/\/sercoma.online\/wp-content\/uploads\/2024\/03\/SureColor-P9570-1-1536x1536.png",1536,1536,true],"2048x2048":["https:\/\/sercoma.online\/wp-content\/uploads\/2024\/03\/SureColor-P9570-1-2048x2048.png",2048,2048,true],"woocommerce_thumbnail":["https:\/\/sercoma.online\/wp-content\/uploads\/2024\/03\/SureColor-P9570-1-300x300.png",300,300,true],"woocommerce_single":["https:\/\/sercoma.online\/wp-content\/uploads\/2024\/03\/SureColor-P9570-1-600x600.png",600,600,true],"woocommerce_gallery_thumbnail":["https:\/\/sercoma.online\/wp-content\/uploads\/2024\/03\/SureColor-P9570-1-100x100.png",100,100,true]},"uagb_author_info":{"display_name":"sercoma.online","author_link":"https:\/\/sercoma.online\/index.php\/author\/"},"uagb_comment_info":0,"uagb_excerpt":"Desde fotograf\u00eda profesional hasta pruebas de color y dise\u00f1o gr\u00e1fico, la SureColor P9570 fue construida desde cero para satisfacer de manera \u00fanica el espectro completo de necesidades creativas. Con la nueva tinta UltraChrome\u00ae\u00a0PRO12, la SureColor P9570 captura cada detalle con un brillo y precisi\u00f3n de color incomparables. Con un nuevo cabezal de impresi\u00f3n PrecisionCore\u00ae\u00a0de 2.6&hellip;","_links":{"self":[{"href":"https:\/\/sercoma.online\/index.php\/wp-json\/wp\/v2\/product\/3725"}],"collection":[{"href":"https:\/\/sercoma.online\/index.php\/wp-json\/wp\/v2\/product"}],"about":[{"href":"https:\/\/sercoma.online\/index.php\/wp-json\/wp\/v2\/types\/product"}],"version-history":[{"count":3,"href":"https:\/\/sercoma.online\/index.php\/wp-json\/wp\/v2\/product\/3725\/revisions"}],"predecessor-version":[{"id":3730,"href":"https:\/\/sercoma.online\/index.php\/wp-json\/wp\/v2\/product\/3725\/revisions\/3730"}],"wp:featuredmedia":[{"embeddable":true,"href":"https:\/\/sercoma.online\/index.php\/wp-json\/wp\/v2\/media\/3800"}],"wp:attachment":[{"href":"https:\/\/sercoma.online\/index.php\/wp-json\/wp\/v2\/media?parent=3725"}],"wp:term":[{"taxonomy":"product_cat","embeddable":true,"href":"https:\/\/sercoma.online\/index.php\/wp-json\/wp\/v2\/product_cat?post=3725"},{"taxonomy":"product_tag","embeddable":true,"href":"https:\/\/sercoma.online\/index.php\/wp-json\/wp\/v2\/product_tag?post=3725"}],"curies":[{"name":"wp","href":"https:\/\/api.w.org\/{rel}","templated":true}]}}