{"id":3606,"date":"2024-01-24T17:35:36","date_gmt":"2024-01-24T17:35:36","guid":{"rendered":"https:\/\/sercoma.online\/?post_type=product&#038;p=3606"},"modified":"2024-09-06T22:22:57","modified_gmt":"2024-09-06T22:22:57","slug":"impresora-epson-surecolor-f570","status":"publish","type":"product","link":"https:\/\/sercoma.online\/index.php\/product\/impresora-epson-surecolor-f570\/","title":{"rendered":"Impresora Epson SureColor F570"},"content":{"rendered":"<p>Obtenga impresiones r\u00e1pidas y confiables con la SureColor\u00ae F570 de 24&#8243;. Ideal para personalizar premios, tazas, almohadillas y m\u00e1s, esta impresora de sublimaci\u00f3n de tinta de alto rendimiento, ofrece calidad profesional utilizando la potente tecnolog\u00eda PrecisionCore\u00ae.<\/p>\n<p>Una soluci\u00f3n clave en mano, la SureColor\u00ae F570 consta de una serie de caracter\u00edsticas convenientes para agilizar el flujo de trabajo, incluido el papel de transferencia especializado para medios r\u00edgidos y blandos, una bandeja de alimentaci\u00f3n autom\u00e1tica de 50 hojas, un cortador incorporado, y controladores para Windows\u00ae y Mac\u00ae. Adem\u00e1s, con su dise\u00f1o notablemente compacto<sup>1<\/sup>, puede maximizar el espacio en su taller.<\/p>\n<hr \/>\n<h4><strong>Especificaciones<\/strong><strong>:<\/strong><\/h4>\n<ul>\n<li><strong>Marca<\/strong>: Epson<\/li>\n<li><strong>Peso:<\/strong>29 kg<\/li>\n<li><span class=\"list-attribute\"><strong>Tipo de producto:<\/strong>\u00a0Impresora para sublimaci\u00f3n<\/span><\/li>\n<li><strong>Velocidad de Impresi\u00f3n:<\/strong> Tama\u00f1o A1\/D: 62 segundos<sup>3<\/sup><\/li>\n<li><strong>Ancho M\u00e1ximo del Papel:<\/strong> 24.4&#8243;<\/li>\n<li><strong>Ancho M\u00ednimo del Papel: <\/strong>Roll: 13&#8243;\/Sheet: 8.27&#8243;<\/li>\n<li><strong>Alimentaci\u00f3n de Hojas:<\/strong> Alimentador Autom\u00e1tico, hasta 11.7&#8243; de ancho<\/li>\n<li><strong>Condici\u00f3n<\/strong>: Original-Nuevo<\/li>\n<\/ul>\n<p style=\"padding-left: 40px;\"><span style=\"color: #00a7f8;\"><a style=\"color: #00a7f8;\" title=\"FICHA T\u00c9CNICA\" href=\"https:\/\/mediaserver.goepson.com\/ImConvServlet\/imconv\/2fc652dfc9d3dfabbd5ba540cc1c59f16483bf6e\/original?assetDescr=Ficha-T%C3%A9cnica-F570-para-web\" target=\"_blank\" rel=\"noopener\">[ FICHA T\u00c9CNICA ]<\/a><\/span><\/p>\n<hr \/>\n<h4><strong>Caracteristicas<\/strong><strong>:<\/strong><\/h4>\n<ul>\n<li><strong>Asombrosa calidad de impresi\u00f3n:<\/strong>\u00a0el cabezal de impresi\u00f3n PrecisionCore\u00ae Micro TFP\u00ae ofrece el control preciso de las gotas para una claridad sobresaliente, adem\u00e1s de una confiabilidad de grado comercial con la tecnolog\u00eda de verificaci\u00f3n de inyectores.<\/li>\n<li><strong>Obtenga im\u00e1genes luminosas y brillantes:<\/strong>\u00a0la tinta vibrante ofrece una extraordinaria saturaci\u00f3n de color y alto contraste.<\/li>\n<li><strong>Soporte de medios vers\u00e1til:<\/strong>\u00a0admite rollos y hojas de hasta 24&#8243; de ancho; incluye una bandeja de alimentaci\u00f3n autom\u00e1tica de 50 hojas y un cortador incorporado para mayor eficiencia.<\/li>\n<li><strong>Reemplace la tinta con menos frecuencia:<\/strong>\u00a0botellas de tinta de alta capacidad con detenci\u00f3n autom\u00e1tica para un llenado f\u00e1cil y sin problemas*.<\/li>\n<li><strong style=\"font-size: 16px;\">Realice una variedad de trabajos de impresi\u00f3n:<\/strong><span style=\"font-size: 16px;\">\u00a0el papel de transferencia de uso general produce im\u00e1genes sorprendentes tanto en materiales blandos como r\u00edgidos.<\/span><\/li>\n<\/ul>\n<p>&nbsp;<\/p>\n","protected":false},"excerpt":{"rendered":"<p>Obtenga impresiones r\u00e1pidas y confiables con la SureColor\u00ae F570 de 24&#8243;. Ideal para personalizar premios, tazas, almohadillas y m\u00e1s, esta impresora de sublimaci\u00f3n de tinta de alto rendimiento, ofrece calidad profesional utilizando la potente tecnolog\u00eda PrecisionCore\u00ae.<\/p>\n<p>Una soluci\u00f3n clave en mano, la SureColor\u00ae F570 consta de una serie de caracter\u00edsticas convenientes para agilizar el flujo de trabajo, incluido el papel de transferencia especializado para medios r\u00edgidos y blandos, una bandeja de alimentaci\u00f3n autom\u00e1tica de 50 hojas, un cortador incorporado, y controladores para Windows\u00ae y Mac\u00ae. Adem\u00e1s, con su dise\u00f1o notablemente compacto<sup>1<\/sup>, puede maximizar el espacio en su taller.<\/p>\n","protected":false},"featured_media":3607,"template":"","meta":{"_uag_custom_page_level_css":"","_monsterinsights_skip_tracking":false,"_monsterinsights_sitenote_active":false,"_monsterinsights_sitenote_note":"","_monsterinsights_sitenote_category":0,"site-sidebar-layout":"default","site-content-layout":"","ast-site-content-layout":"default","site-content-style":"default","site-sidebar-style":"default","ast-global-header-display":"","ast-banner-title-visibility":"","ast-main-header-display":"","ast-hfb-above-header-display":"","ast-hfb-below-header-display":"","ast-hfb-mobile-header-display":"","site-post-title":"","ast-breadcrumbs-content":"","ast-featured-img":"","footer-sml-layout":"","theme-transparent-header-meta":"default","adv-header-id-meta":"","stick-header-meta":"","header-above-stick-meta":"","header-main-stick-meta":"","header-below-stick-meta":"","astra-migrate-meta-layouts":"set","ast-page-background-enabled":"default","ast-page-background-meta":{"desktop":{"background-color":"","background-image":"","background-repeat":"repeat","background-position":"center center","background-size":"auto","background-attachment":"scroll","background-type":"","background-media":"","overlay-type":"","overlay-color":"","overlay-gradient":""},"tablet":{"background-color":"","background-image":"","background-repeat":"repeat","background-position":"center center","background-size":"auto","background-attachment":"scroll","background-type":"","background-media":"","overlay-type":"","overlay-color":"","overlay-gradient":""},"mobile":{"background-color":"","background-image":"","background-repeat":"repeat","background-position":"center center","background-size":"auto","background-attachment":"scroll","background-type":"","background-media":"","overlay-type":"","overlay-color":"","overlay-gradient":""}},"ast-content-background-meta":{"desktop":{"background-color":"var(--ast-global-color-5)","background-image":"","background-repeat":"repeat","background-position":"center center","background-size":"auto","background-attachment":"scroll","background-type":"","background-media":"","overlay-type":"","overlay-color":"","overlay-gradient":""},"tablet":{"background-color":"var(--ast-global-color-5)","background-image":"","background-repeat":"repeat","background-position":"center center","background-size":"auto","background-attachment":"scroll","background-type":"","background-media":"","overlay-type":"","overlay-color":"","overlay-gradient":""},"mobile":{"background-color":"var(--ast-global-color-5)","background-image":"","background-repeat":"repeat","background-position":"center center","background-size":"auto","background-attachment":"scroll","background-type":"","background-media":"","overlay-type":"","overlay-color":"","overlay-gradient":""}}},"product_cat":[52,53],"product_tag":[],"class_list":{"0":"post-3606","1":"product","2":"type-product","3":"status-publish","4":"has-post-thumbnail","6":"product_cat-plotters","7":"product_cat-sublimacion-plotters","8":"desktop-align-center","9":"tablet-align-center","10":"mobile-align-center","12":"first","13":"instock","14":"taxable","15":"shipping-taxable","16":"product-type-simple"},"aioseo_notices":[],"jetpack_sharing_enabled":true,"uagb_featured_image_src":{"full":["https:\/\/sercoma.online\/wp-content\/uploads\/2024\/01\/SureColor-F570-1.png",2080,2080,false],"thumbnail":["https:\/\/sercoma.online\/wp-content\/uploads\/2024\/01\/SureColor-F570-1-150x150.png",150,150,true],"medium":["https:\/\/sercoma.online\/wp-content\/uploads\/2024\/01\/SureColor-F570-1-300x300.png",300,300,true],"medium_large":["https:\/\/sercoma.online\/wp-content\/uploads\/2024\/01\/SureColor-F570-1-768x768.png",768,768,true],"large":["https:\/\/sercoma.online\/wp-content\/uploads\/2024\/01\/SureColor-F570-1-1024x1024.png",1024,1024,true],"1536x1536":["https:\/\/sercoma.online\/wp-content\/uploads\/2024\/01\/SureColor-F570-1-1536x1536.png",1536,1536,true],"2048x2048":["https:\/\/sercoma.online\/wp-content\/uploads\/2024\/01\/SureColor-F570-1-2048x2048.png",2048,2048,true],"woocommerce_thumbnail":["https:\/\/sercoma.online\/wp-content\/uploads\/2024\/01\/SureColor-F570-1-300x300.png",300,300,true],"woocommerce_single":["https:\/\/sercoma.online\/wp-content\/uploads\/2024\/01\/SureColor-F570-1-600x600.png",600,600,true],"woocommerce_gallery_thumbnail":["https:\/\/sercoma.online\/wp-content\/uploads\/2024\/01\/SureColor-F570-1-100x100.png",100,100,true]},"uagb_author_info":{"display_name":"sercoma.online","author_link":"https:\/\/sercoma.online\/index.php\/author\/"},"uagb_comment_info":0,"uagb_excerpt":"Obtenga impresiones r\u00e1pidas y confiables con la SureColor\u00ae F570 de 24\". Ideal para personalizar premios, tazas, almohadillas y m\u00e1s, esta impresora de sublimaci\u00f3n de tinta de alto rendimiento, ofrece calidad profesional utilizando la potente tecnolog\u00eda PrecisionCore\u00ae. Una soluci\u00f3n clave en mano, la SureColor\u00ae F570 consta de una serie de caracter\u00edsticas convenientes para agilizar el flujo&hellip;","_links":{"self":[{"href":"https:\/\/sercoma.online\/index.php\/wp-json\/wp\/v2\/product\/3606"}],"collection":[{"href":"https:\/\/sercoma.online\/index.php\/wp-json\/wp\/v2\/product"}],"about":[{"href":"https:\/\/sercoma.online\/index.php\/wp-json\/wp\/v2\/types\/product"}],"version-history":[{"count":8,"href":"https:\/\/sercoma.online\/index.php\/wp-json\/wp\/v2\/product\/3606\/revisions"}],"predecessor-version":[{"id":3618,"href":"https:\/\/sercoma.online\/index.php\/wp-json\/wp\/v2\/product\/3606\/revisions\/3618"}],"wp:featuredmedia":[{"embeddable":true,"href":"https:\/\/sercoma.online\/index.php\/wp-json\/wp\/v2\/media\/3607"}],"wp:attachment":[{"href":"https:\/\/sercoma.online\/index.php\/wp-json\/wp\/v2\/media?parent=3606"}],"wp:term":[{"taxonomy":"product_cat","embeddable":true,"href":"https:\/\/sercoma.online\/index.php\/wp-json\/wp\/v2\/product_cat?post=3606"},{"taxonomy":"product_tag","embeddable":true,"href":"https:\/\/sercoma.online\/index.php\/wp-json\/wp\/v2\/product_tag?post=3606"}],"curies":[{"name":"wp","href":"https:\/\/api.w.org\/{rel}","templated":true}]}}