{"id":3597,"date":"2024-01-24T16:11:19","date_gmt":"2024-01-24T16:11:19","guid":{"rendered":"https:\/\/sercoma.online\/?post_type=product&#038;p=3597"},"modified":"2024-08-26T22:20:22","modified_gmt":"2024-08-26T22:20:22","slug":"impresora-epson-surecolor-f170","status":"publish","type":"product","link":"https:\/\/sercoma.online\/index.php\/product\/impresora-epson-surecolor-f170\/","title":{"rendered":"Impresora Epson SureColor F170"},"content":{"rendered":"<p>Obtenga una impresi\u00f3n de sublimaci\u00f3n de tinta r\u00e1pida y confiable desde el primer momento con la nueva Epson SureColor F170 Sublimaci\u00f3n. Ideal para personalizar premios, tazas, alfombrillas de rat\u00f3n y m\u00e1s, esta impresora de sublimaci\u00f3n de tinta de alto rendimiento ofrece impresiones de calidad profesional utilizando la potente tecnolog\u00eda PrecisionCore\u00ae.\u00a0Una soluci\u00f3n verdaderamente completa, la SureColor F170 llega con la tecnolog\u00eda de sublimaci\u00f3n de tinta original de Epson, una bandeja de alimentaci\u00f3n autom\u00e1tica de 150 hojas y software de impresi\u00f3n para Mac y Windows. Adem\u00e1s, con su dise\u00f1o sorprendentemente compacto que ahorra espacio, puede maximizar el espacio del taller.<\/p>\n<hr \/>\n<h4><strong>Especificaciones:<\/strong><\/h4>\n<ul>\n<li><strong>Marca<\/strong>: Epson<\/li>\n<li><strong>Peso:\u00a0<\/strong>4,6 kg<\/li>\n<li><span class=\"list-attribute\"><strong>Tipo de producto:<\/strong> Impresora para sublimaci\u00f3n<\/span><\/li>\n<li><strong>Velocidad de Impresi\u00f3n:<\/strong> A4: 65 segundos<\/li>\n<li><strong>Ancho M\u00e1ximo del Papel:<\/strong> 8.5&#8243; 21.59 cm<\/li>\n<li><strong>Ancho M\u00ednimo del Papel:<\/strong> 3.5&#8243; 8.89 cm<\/li>\n<li><strong>Condici\u00f3n<\/strong>: Original-Nuevo<\/li>\n<\/ul>\n<p style=\"padding-left: 40px;\"><span style=\"color: #00a7f8;\"><a style=\"color: #00a7f8;\" title=\"FICHA T\u00c9CNICA\" href=\"https:\/\/mediaserver.goepson.com\/ImConvServlet\/imconv\/b4b8997ea06ef4b637500a761ed40eae92e8d0fa\/original?assetDescr=Ficha-t%C3%A9cnica-SureColor-F170\" target=\"_blank\" rel=\"noopener\">[ FICHA T\u00c9CNICA ]<\/a><\/span><\/p>\n<hr \/>\n<h4><strong>Caracteristicas:<\/strong><\/h4>\n<ul>\n<li><strong>Tecnolog\u00eda de Impresi\u00f3n:\u00a0<\/strong>Cabezal de impresi\u00f3n PrecisionCore\u00ae MicroTFP\u00ae<\/li>\n<li><strong>Resoluci\u00f3n M\u00e1xima de Impresi\u00f3n:\u00a0<\/strong>1.200 ppp x 600 ppp<\/li>\n<li><strong>\u00c1rea M\u00e1xima de Impresi\u00f3n:\u00a0<\/strong>Limitado por la aplicaci\u00f3n, el sistema operativo y el controlador\/RIP utilizados<\/li>\n<li><strong>Velocidad de Impresi\u00f3n:\u00a0<\/strong>A4: 65 segundos<\/li>\n<li><strong>Tama\u00f1o M\u00ednimo de la Gota de Tinta:\u00a0<\/strong>Variable-Sized Droplet Technology<\/li>\n<li><strong>Configuraci\u00f3n del Cabezal:\u00a0<\/strong>784 boquillas; 400 boquillas negro, 128 boquillas x cian, magenta y amarillo<\/li>\n<\/ul>\n","protected":false},"excerpt":{"rendered":"<p>Obtenga una impresi\u00f3n de sublimaci\u00f3n de tinta r\u00e1pida y confiable desde el primer momento con la nueva Epson SureColor F170 Sublimaci\u00f3n. Ideal para personalizar premios, tazas, alfombrillas de rat\u00f3n y m\u00e1s, esta impresora de sublimaci\u00f3n de tinta de alto rendimiento ofrece impresiones de calidad profesional utilizando la potente tecnolog\u00eda PrecisionCore\u00ae. Una soluci\u00f3n verdaderamente completa<\/p>\n","protected":false},"featured_media":3598,"template":"","meta":{"_uag_custom_page_level_css":"","_monsterinsights_skip_tracking":false,"_monsterinsights_sitenote_active":false,"_monsterinsights_sitenote_note":"","_monsterinsights_sitenote_category":0,"site-sidebar-layout":"default","site-content-layout":"","ast-site-content-layout":"default","site-content-style":"default","site-sidebar-style":"default","ast-global-header-display":"","ast-banner-title-visibility":"","ast-main-header-display":"","ast-hfb-above-header-display":"","ast-hfb-below-header-display":"","ast-hfb-mobile-header-display":"","site-post-title":"","ast-breadcrumbs-content":"","ast-featured-img":"","footer-sml-layout":"","theme-transparent-header-meta":"default","adv-header-id-meta":"","stick-header-meta":"","header-above-stick-meta":"","header-main-stick-meta":"","header-below-stick-meta":"","astra-migrate-meta-layouts":"set","ast-page-background-enabled":"default","ast-page-background-meta":{"desktop":{"background-color":"","background-image":"","background-repeat":"repeat","background-position":"center center","background-size":"auto","background-attachment":"scroll","background-type":"","background-media":"","overlay-type":"","overlay-color":"","overlay-gradient":""},"tablet":{"background-color":"","background-image":"","background-repeat":"repeat","background-position":"center center","background-size":"auto","background-attachment":"scroll","background-type":"","background-media":"","overlay-type":"","overlay-color":"","overlay-gradient":""},"mobile":{"background-color":"","background-image":"","background-repeat":"repeat","background-position":"center center","background-size":"auto","background-attachment":"scroll","background-type":"","background-media":"","overlay-type":"","overlay-color":"","overlay-gradient":""}},"ast-content-background-meta":{"desktop":{"background-color":"var(--ast-global-color-5)","background-image":"","background-repeat":"repeat","background-position":"center center","background-size":"auto","background-attachment":"scroll","background-type":"","background-media":"","overlay-type":"","overlay-color":"","overlay-gradient":""},"tablet":{"background-color":"var(--ast-global-color-5)","background-image":"","background-repeat":"repeat","background-position":"center center","background-size":"auto","background-attachment":"scroll","background-type":"","background-media":"","overlay-type":"","overlay-color":"","overlay-gradient":""},"mobile":{"background-color":"var(--ast-global-color-5)","background-image":"","background-repeat":"repeat","background-position":"center center","background-size":"auto","background-attachment":"scroll","background-type":"","background-media":"","overlay-type":"","overlay-color":"","overlay-gradient":""}}},"product_cat":[23,51],"product_tag":[],"class_list":{"0":"post-3597","1":"product","2":"type-product","3":"status-publish","4":"has-post-thumbnail","6":"product_cat-impresoras","7":"product_cat-sublimacion","8":"desktop-align-center","9":"tablet-align-center","10":"mobile-align-center","12":"first","13":"instock","14":"taxable","15":"shipping-taxable","16":"product-type-simple"},"aioseo_notices":[],"jetpack_sharing_enabled":true,"uagb_featured_image_src":{"full":["https:\/\/sercoma.online\/wp-content\/uploads\/2024\/01\/SURE-COLOR-F170-1.png",2080,2080,false],"thumbnail":["https:\/\/sercoma.online\/wp-content\/uploads\/2024\/01\/SURE-COLOR-F170-1-150x150.png",150,150,true],"medium":["https:\/\/sercoma.online\/wp-content\/uploads\/2024\/01\/SURE-COLOR-F170-1-300x300.png",300,300,true],"medium_large":["https:\/\/sercoma.online\/wp-content\/uploads\/2024\/01\/SURE-COLOR-F170-1-768x768.png",768,768,true],"large":["https:\/\/sercoma.online\/wp-content\/uploads\/2024\/01\/SURE-COLOR-F170-1-1024x1024.png",1024,1024,true],"1536x1536":["https:\/\/sercoma.online\/wp-content\/uploads\/2024\/01\/SURE-COLOR-F170-1-1536x1536.png",1536,1536,true],"2048x2048":["https:\/\/sercoma.online\/wp-content\/uploads\/2024\/01\/SURE-COLOR-F170-1-2048x2048.png",2048,2048,true],"woocommerce_thumbnail":["https:\/\/sercoma.online\/wp-content\/uploads\/2024\/01\/SURE-COLOR-F170-1-300x300.png",300,300,true],"woocommerce_single":["https:\/\/sercoma.online\/wp-content\/uploads\/2024\/01\/SURE-COLOR-F170-1-600x600.png",600,600,true],"woocommerce_gallery_thumbnail":["https:\/\/sercoma.online\/wp-content\/uploads\/2024\/01\/SURE-COLOR-F170-1-100x100.png",100,100,true]},"uagb_author_info":{"display_name":"sercoma.online","author_link":"https:\/\/sercoma.online\/index.php\/author\/"},"uagb_comment_info":0,"uagb_excerpt":"Obtenga una impresi\u00f3n de sublimaci\u00f3n de tinta r\u00e1pida y confiable desde el primer momento con la nueva Epson SureColor F170 Sublimaci\u00f3n. Ideal para personalizar premios, tazas, alfombrillas de rat\u00f3n y m\u00e1s, esta impresora de sublimaci\u00f3n de tinta de alto rendimiento ofrece impresiones de calidad profesional utilizando la potente tecnolog\u00eda PrecisionCore\u00ae. Una soluci\u00f3n verdaderamente completa","_links":{"self":[{"href":"https:\/\/sercoma.online\/index.php\/wp-json\/wp\/v2\/product\/3597"}],"collection":[{"href":"https:\/\/sercoma.online\/index.php\/wp-json\/wp\/v2\/product"}],"about":[{"href":"https:\/\/sercoma.online\/index.php\/wp-json\/wp\/v2\/types\/product"}],"version-history":[{"count":5,"href":"https:\/\/sercoma.online\/index.php\/wp-json\/wp\/v2\/product\/3597\/revisions"}],"predecessor-version":[{"id":3616,"href":"https:\/\/sercoma.online\/index.php\/wp-json\/wp\/v2\/product\/3597\/revisions\/3616"}],"wp:featuredmedia":[{"embeddable":true,"href":"https:\/\/sercoma.online\/index.php\/wp-json\/wp\/v2\/media\/3598"}],"wp:attachment":[{"href":"https:\/\/sercoma.online\/index.php\/wp-json\/wp\/v2\/media?parent=3597"}],"wp:term":[{"taxonomy":"product_cat","embeddable":true,"href":"https:\/\/sercoma.online\/index.php\/wp-json\/wp\/v2\/product_cat?post=3597"},{"taxonomy":"product_tag","embeddable":true,"href":"https:\/\/sercoma.online\/index.php\/wp-json\/wp\/v2\/product_tag?post=3597"}],"curies":[{"name":"wp","href":"https:\/\/api.w.org\/{rel}","templated":true}]}}