{"id":3574,"date":"2024-01-22T22:00:50","date_gmt":"2024-01-22T22:00:50","guid":{"rendered":"https:\/\/sercoma.online\/?post_type=product&#038;p=3574"},"modified":"2024-11-12T00:29:23","modified_gmt":"2024-11-12T00:29:23","slug":"hojas-epson-premium-ds-transfer-multi-use","status":"publish","type":"product","link":"https:\/\/sercoma.online\/index.php\/product\/hojas-epson-premium-ds-transfer-multi-use\/","title":{"rendered":"Hojas Epson Premium &#8211; DS Transfer Multi Use"},"content":{"rendered":"<p>El papel Epson Transfer Multiuso para tinta de sublimaci\u00f3n es una material vers\u00e1til y sencillo de usar. Es perfecto para los fabricantes de accesorios sublimables en materiales r\u00edgidos ( como Protectores de Iphone o Android, marcos de aluminio fotogr\u00e1ficos, madera y cer\u00e1mica sublimables) pensado y desarrollado para lograr la m\u00e1xima productividad.<\/p>\n<hr \/>\n<h4><strong>Caracter\u00edsticas:<\/strong><\/h4>\n<ul>\n<li><strong>Marca<\/strong>: Epson<\/li>\n<li><strong>Color<\/strong>: Blanco<\/li>\n<li><strong>Contenido<\/strong>: 100 Hojas<\/li>\n<li><strong>Tama\u00f1o:<\/strong> A4 (8.5&#8243; x 11&#8243; || 216mm x 279mm )<\/li>\n<li><strong>Peso Neto:<\/strong> 4.5 Mils || 85g\/ m\u00b2<\/li>\n<li><span class=\"list-attribute\"><strong>Tipo de producto:<\/strong> Papel de transferencia multiuso para sublimaci\u00f3n<\/span><\/li>\n<li><strong>Compatible con:<\/strong> Epson Sure-Color F570 y Epson Sure-Color F170<\/li>\n<li><strong>Condici\u00f3n<\/strong>: Original-Nuevo<\/li>\n<\/ul>\n","protected":false},"excerpt":{"rendered":"<p>El papel Epson Transfer Multiuso para tinta de sublimaci\u00f3n es una material vers\u00e1til y sencillo de usar. Es perfecto para los fabricantes de accesorios sublimables en materiales r\u00edgidos ( como Protectores de Iphone o Android, marcos de aluminio fotogr\u00e1ficos, madera y cer\u00e1mica sublimables) pensado y desarrollado para lograr la m\u00e1xima productividad.<\/p>\n","protected":false},"featured_media":3575,"template":"","meta":{"_uag_custom_page_level_css":"","_monsterinsights_skip_tracking":false,"_monsterinsights_sitenote_active":false,"_monsterinsights_sitenote_note":"","_monsterinsights_sitenote_category":0,"site-sidebar-layout":"default","site-content-layout":"","ast-site-content-layout":"default","site-content-style":"default","site-sidebar-style":"default","ast-global-header-display":"","ast-banner-title-visibility":"","ast-main-header-display":"","ast-hfb-above-header-display":"","ast-hfb-below-header-display":"","ast-hfb-mobile-header-display":"","site-post-title":"","ast-breadcrumbs-content":"","ast-featured-img":"","footer-sml-layout":"","theme-transparent-header-meta":"default","adv-header-id-meta":"","stick-header-meta":"","header-above-stick-meta":"","header-main-stick-meta":"","header-below-stick-meta":"","astra-migrate-meta-layouts":"set","ast-page-background-enabled":"default","ast-page-background-meta":{"desktop":{"background-color":"","background-image":"","background-repeat":"repeat","background-position":"center center","background-size":"auto","background-attachment":"scroll","background-type":"","background-media":"","overlay-type":"","overlay-color":"","overlay-gradient":""},"tablet":{"background-color":"","background-image":"","background-repeat":"repeat","background-position":"center center","background-size":"auto","background-attachment":"scroll","background-type":"","background-media":"","overlay-type":"","overlay-color":"","overlay-gradient":""},"mobile":{"background-color":"","background-image":"","background-repeat":"repeat","background-position":"center center","background-size":"auto","background-attachment":"scroll","background-type":"","background-media":"","overlay-type":"","overlay-color":"","overlay-gradient":""}},"ast-content-background-meta":{"desktop":{"background-color":"var(--ast-global-color-5)","background-image":"","background-repeat":"repeat","background-position":"center center","background-size":"auto","background-attachment":"scroll","background-type":"","background-media":"","overlay-type":"","overlay-color":"","overlay-gradient":""},"tablet":{"background-color":"var(--ast-global-color-5)","background-image":"","background-repeat":"repeat","background-position":"center center","background-size":"auto","background-attachment":"scroll","background-type":"","background-media":"","overlay-type":"","overlay-color":"","overlay-gradient":""},"mobile":{"background-color":"var(--ast-global-color-5)","background-image":"","background-repeat":"repeat","background-position":"center center","background-size":"auto","background-attachment":"scroll","background-type":"","background-media":"","overlay-type":"","overlay-color":"","overlay-gradient":""}}},"product_cat":[57],"product_tag":[],"class_list":{"0":"post-3574","1":"product","2":"type-product","3":"status-publish","4":"has-post-thumbnail","6":"product_cat-papel","7":"desktop-align-center","8":"tablet-align-center","9":"mobile-align-center","11":"first","12":"instock","13":"taxable","14":"shipping-taxable","15":"purchasable","16":"product-type-simple"},"aioseo_notices":[],"jetpack_sharing_enabled":true,"uagb_featured_image_src":{"full":["https:\/\/sercoma.online\/wp-content\/uploads\/2024\/01\/Hojas-DS-Transfer-Multi-Use.png",2080,2080,false],"thumbnail":["https:\/\/sercoma.online\/wp-content\/uploads\/2024\/01\/Hojas-DS-Transfer-Multi-Use-150x150.png",150,150,true],"medium":["https:\/\/sercoma.online\/wp-content\/uploads\/2024\/01\/Hojas-DS-Transfer-Multi-Use-300x300.png",300,300,true],"medium_large":["https:\/\/sercoma.online\/wp-content\/uploads\/2024\/01\/Hojas-DS-Transfer-Multi-Use-768x768.png",768,768,true],"large":["https:\/\/sercoma.online\/wp-content\/uploads\/2024\/01\/Hojas-DS-Transfer-Multi-Use-1024x1024.png",1024,1024,true],"1536x1536":["https:\/\/sercoma.online\/wp-content\/uploads\/2024\/01\/Hojas-DS-Transfer-Multi-Use-1536x1536.png",1536,1536,true],"2048x2048":["https:\/\/sercoma.online\/wp-content\/uploads\/2024\/01\/Hojas-DS-Transfer-Multi-Use-2048x2048.png",2048,2048,true],"woocommerce_thumbnail":["https:\/\/sercoma.online\/wp-content\/uploads\/2024\/01\/Hojas-DS-Transfer-Multi-Use-300x300.png",300,300,true],"woocommerce_single":["https:\/\/sercoma.online\/wp-content\/uploads\/2024\/01\/Hojas-DS-Transfer-Multi-Use-600x600.png",600,600,true],"woocommerce_gallery_thumbnail":["https:\/\/sercoma.online\/wp-content\/uploads\/2024\/01\/Hojas-DS-Transfer-Multi-Use-100x100.png",100,100,true]},"uagb_author_info":{"display_name":"sercoma.online","author_link":"https:\/\/sercoma.online\/index.php\/author\/"},"uagb_comment_info":0,"uagb_excerpt":"El papel Epson Transfer Multiuso para tinta de sublimaci\u00f3n es una material vers\u00e1til y sencillo de usar. Es perfecto para los fabricantes de accesorios sublimables en materiales r\u00edgidos ( como Protectores de Iphone o Android, marcos de aluminio fotogr\u00e1ficos, madera y cer\u00e1mica sublimables) pensado y desarrollado para lograr la m\u00e1xima productividad.","_links":{"self":[{"href":"https:\/\/sercoma.online\/index.php\/wp-json\/wp\/v2\/product\/3574"}],"collection":[{"href":"https:\/\/sercoma.online\/index.php\/wp-json\/wp\/v2\/product"}],"about":[{"href":"https:\/\/sercoma.online\/index.php\/wp-json\/wp\/v2\/types\/product"}],"version-history":[{"count":1,"href":"https:\/\/sercoma.online\/index.php\/wp-json\/wp\/v2\/product\/3574\/revisions"}],"predecessor-version":[{"id":3576,"href":"https:\/\/sercoma.online\/index.php\/wp-json\/wp\/v2\/product\/3574\/revisions\/3576"}],"wp:featuredmedia":[{"embeddable":true,"href":"https:\/\/sercoma.online\/index.php\/wp-json\/wp\/v2\/media\/3575"}],"wp:attachment":[{"href":"https:\/\/sercoma.online\/index.php\/wp-json\/wp\/v2\/media?parent=3574"}],"wp:term":[{"taxonomy":"product_cat","embeddable":true,"href":"https:\/\/sercoma.online\/index.php\/wp-json\/wp\/v2\/product_cat?post=3574"},{"taxonomy":"product_tag","embeddable":true,"href":"https:\/\/sercoma.online\/index.php\/wp-json\/wp\/v2\/product_tag?post=3574"}],"curies":[{"name":"wp","href":"https:\/\/api.w.org\/{rel}","templated":true}]}}