{"id":3570,"date":"2024-01-22T17:30:22","date_gmt":"2024-01-22T17:30:22","guid":{"rendered":"https:\/\/sercoma.online\/?post_type=product&#038;p=3570"},"modified":"2024-11-20T15:02:54","modified_gmt":"2024-11-20T15:02:54","slug":"cartucho-epson-negro-mate-t6945","status":"publish","type":"product","link":"https:\/\/sercoma.online\/index.php\/product\/cartucho-epson-negro-mate-t6945\/","title":{"rendered":"Cartucho Epson Negro Mate T6945"},"content":{"rendered":"<p>Dise\u00f1ada con la m\u00e1s alta calidad para impresiones duraderas y de alto rendimiento. Los cartuchos EPSON original permiten m\u00e1s impresi\u00f3n que un cartucho gen\u00e9rico, cartuchos dise\u00f1ados para ser altamente duraderos. Trabajan de forma sincronizada para la mejor calidad de las impresiones, de modo que eso es exactamente lo que har\u00e1n y te ofrecen resultados similares y confiables sin complicaciones.<\/p>\n<hr \/>\n<h4><strong>Caracter\u00edsticas:<\/strong><\/h4>\n<ul>\n<li><strong>Marca<\/strong>: Epson<\/li>\n<li><strong>Color<\/strong>: Negro Mate<\/li>\n<li><strong>Contenido<\/strong>: 700 ml<\/li>\n<li><span class=\"list-attribute\"><strong>Tipo de producto:<\/strong>\u00a0Cartucho de Tinta<\/span>\u00ae<\/li>\n<li><strong>Compatible con:<\/strong>\u00a0SC-T3000, SC-T3200, SC-T5000, SC-T5200, SC-T7000, SC-T7200, T3270, T5270 y T7270<\/li>\n<li><strong>Condici\u00f3n<\/strong>: Original-Nuevo<\/li>\n<\/ul>\n","protected":false},"excerpt":{"rendered":"<p>Dise\u00f1ada con la m\u00e1s alta calidad para impresiones duraderas y de alto rendimiento. Los cartuchos EPSON original permiten m\u00e1s impresi\u00f3n que un cartucho gen\u00e9rico, cartuchos dise\u00f1ados para ser altamente duraderos. Trabajan de forma sincronizada para la mejor calidad de las impresiones, de modo que eso es exactamente lo que har\u00e1n y te ofrecen resultados similares y confiables sin complicaciones.<\/p>\n","protected":false},"featured_media":3571,"template":"","meta":{"_uag_custom_page_level_css":"","_monsterinsights_skip_tracking":false,"_monsterinsights_sitenote_active":false,"_monsterinsights_sitenote_note":"","_monsterinsights_sitenote_category":0,"site-sidebar-layout":"default","site-content-layout":"","ast-site-content-layout":"default","site-content-style":"default","site-sidebar-style":"default","ast-global-header-display":"","ast-banner-title-visibility":"","ast-main-header-display":"","ast-hfb-above-header-display":"","ast-hfb-below-header-display":"","ast-hfb-mobile-header-display":"","site-post-title":"","ast-breadcrumbs-content":"","ast-featured-img":"","footer-sml-layout":"","theme-transparent-header-meta":"default","adv-header-id-meta":"","stick-header-meta":"","header-above-stick-meta":"","header-main-stick-meta":"","header-below-stick-meta":"","astra-migrate-meta-layouts":"set","ast-page-background-enabled":"default","ast-page-background-meta":{"desktop":{"background-color":"","background-image":"","background-repeat":"repeat","background-position":"center center","background-size":"auto","background-attachment":"scroll","background-type":"","background-media":"","overlay-type":"","overlay-color":"","overlay-gradient":""},"tablet":{"background-color":"","background-image":"","background-repeat":"repeat","background-position":"center center","background-size":"auto","background-attachment":"scroll","background-type":"","background-media":"","overlay-type":"","overlay-color":"","overlay-gradient":""},"mobile":{"background-color":"","background-image":"","background-repeat":"repeat","background-position":"center center","background-size":"auto","background-attachment":"scroll","background-type":"","background-media":"","overlay-type":"","overlay-color":"","overlay-gradient":""}},"ast-content-background-meta":{"desktop":{"background-color":"var(--ast-global-color-5)","background-image":"","background-repeat":"repeat","background-position":"center center","background-size":"auto","background-attachment":"scroll","background-type":"","background-media":"","overlay-type":"","overlay-color":"","overlay-gradient":""},"tablet":{"background-color":"var(--ast-global-color-5)","background-image":"","background-repeat":"repeat","background-position":"center center","background-size":"auto","background-attachment":"scroll","background-type":"","background-media":"","overlay-type":"","overlay-color":"","overlay-gradient":""},"mobile":{"background-color":"var(--ast-global-color-5)","background-image":"","background-repeat":"repeat","background-position":"center center","background-size":"auto","background-attachment":"scroll","background-type":"","background-media":"","overlay-type":"","overlay-color":"","overlay-gradient":""}}},"product_cat":[56],"product_tag":[],"class_list":{"0":"post-3570","1":"product","2":"type-product","3":"status-publish","4":"has-post-thumbnail","6":"product_cat-tintas","7":"desktop-align-center","8":"tablet-align-center","9":"mobile-align-center","11":"first","12":"instock","13":"taxable","14":"shipping-taxable","15":"product-type-simple"},"aioseo_notices":[],"jetpack_sharing_enabled":true,"uagb_featured_image_src":{"full":["https:\/\/sercoma.online\/wp-content\/uploads\/2024\/01\/CARTUCHO-T6945-1.png",2080,2080,false],"thumbnail":["https:\/\/sercoma.online\/wp-content\/uploads\/2024\/01\/CARTUCHO-T6945-1-150x150.png",150,150,true],"medium":["https:\/\/sercoma.online\/wp-content\/uploads\/2024\/01\/CARTUCHO-T6945-1-300x300.png",300,300,true],"medium_large":["https:\/\/sercoma.online\/wp-content\/uploads\/2024\/01\/CARTUCHO-T6945-1-768x768.png",768,768,true],"large":["https:\/\/sercoma.online\/wp-content\/uploads\/2024\/01\/CARTUCHO-T6945-1-1024x1024.png",1024,1024,true],"1536x1536":["https:\/\/sercoma.online\/wp-content\/uploads\/2024\/01\/CARTUCHO-T6945-1-1536x1536.png",1536,1536,true],"2048x2048":["https:\/\/sercoma.online\/wp-content\/uploads\/2024\/01\/CARTUCHO-T6945-1-2048x2048.png",2048,2048,true],"woocommerce_thumbnail":["https:\/\/sercoma.online\/wp-content\/uploads\/2024\/01\/CARTUCHO-T6945-1-300x300.png",300,300,true],"woocommerce_single":["https:\/\/sercoma.online\/wp-content\/uploads\/2024\/01\/CARTUCHO-T6945-1-600x600.png",600,600,true],"woocommerce_gallery_thumbnail":["https:\/\/sercoma.online\/wp-content\/uploads\/2024\/01\/CARTUCHO-T6945-1-100x100.png",100,100,true]},"uagb_author_info":{"display_name":"sercoma.online","author_link":"https:\/\/sercoma.online\/index.php\/author\/"},"uagb_comment_info":0,"uagb_excerpt":"Dise\u00f1ada con la m\u00e1s alta calidad para impresiones duraderas y de alto rendimiento. Los cartuchos EPSON original permiten m\u00e1s impresi\u00f3n que un cartucho gen\u00e9rico, cartuchos dise\u00f1ados para ser altamente duraderos. Trabajan de forma sincronizada para la mejor calidad de las impresiones, de modo que eso es exactamente lo que har\u00e1n y te ofrecen resultados similares&hellip;","_links":{"self":[{"href":"https:\/\/sercoma.online\/index.php\/wp-json\/wp\/v2\/product\/3570"}],"collection":[{"href":"https:\/\/sercoma.online\/index.php\/wp-json\/wp\/v2\/product"}],"about":[{"href":"https:\/\/sercoma.online\/index.php\/wp-json\/wp\/v2\/types\/product"}],"version-history":[{"count":1,"href":"https:\/\/sercoma.online\/index.php\/wp-json\/wp\/v2\/product\/3570\/revisions"}],"predecessor-version":[{"id":3573,"href":"https:\/\/sercoma.online\/index.php\/wp-json\/wp\/v2\/product\/3570\/revisions\/3573"}],"wp:featuredmedia":[{"embeddable":true,"href":"https:\/\/sercoma.online\/index.php\/wp-json\/wp\/v2\/media\/3571"}],"wp:attachment":[{"href":"https:\/\/sercoma.online\/index.php\/wp-json\/wp\/v2\/media?parent=3570"}],"wp:term":[{"taxonomy":"product_cat","embeddable":true,"href":"https:\/\/sercoma.online\/index.php\/wp-json\/wp\/v2\/product_cat?post=3570"},{"taxonomy":"product_tag","embeddable":true,"href":"https:\/\/sercoma.online\/index.php\/wp-json\/wp\/v2\/product_tag?post=3570"}],"curies":[{"name":"wp","href":"https:\/\/api.w.org\/{rel}","templated":true}]}}