{"id":3527,"date":"2024-01-19T21:27:29","date_gmt":"2024-01-19T21:27:29","guid":{"rendered":"https:\/\/sercoma.online\/?post_type=product&#038;p=3527"},"modified":"2024-11-19T22:09:50","modified_gmt":"2024-11-19T22:09:50","slug":"botella-de-tinta-cyan-epson-t49h2","status":"publish","type":"product","link":"https:\/\/sercoma.online\/index.php\/product\/botella-de-tinta-cyan-epson-t49h2\/","title":{"rendered":"Botella de Tinta Cyan Epson T49H2"},"content":{"rendered":"<p>Las tintas, los papeles especiales y las impresoras Epson est\u00e1n dise\u00f1ados para trabajar juntos y as\u00ed lograr los mejores resultados.<\/p>\n<hr \/>\n<h4><strong>Caracter\u00edsticas:<\/strong><\/h4>\n<ul>\n<li><strong>Marca<\/strong>: Epson<\/li>\n<li><strong>Color<\/strong>: Cyan<\/li>\n<li><strong>Contenido<\/strong>: 140ml.<\/li>\n<li><span class=\"list-attribute\"><strong>Tipo de producto:<\/strong>\u00a0Botella de Tinta<\/span>\u00ae<\/li>\n<li><strong>Compatible con:<\/strong>\u00a0SC-T3100X y SC-T3170X<\/li>\n<li><span class=\"list-attribute\"><strong>Rendimiento<\/strong>:<\/span>\u00a0hasta 6,000 paginas<\/li>\n<li><strong>Condici\u00f3n<\/strong>: Original-Nuevo<\/li>\n<\/ul>\n","protected":false},"excerpt":{"rendered":"<p>Las tintas, los papeles especiales y las impresoras Epson est\u00e1n dise\u00f1ados para trabajar juntos y as\u00ed lograr los mejores resultados.<\/p>\n<h4><strong>Caracter\u00edsticas:<\/strong><\/h4>\n<ul>\n<li><strong>Marca<\/strong>: Epson<\/li>\n<li><strong>Color<\/strong>: Cyan<\/li>\n<li><strong>Contenido<\/strong>: 140ml.<\/li>\n<li><span class=\"list-attribute\"><strong>Tipo de producto:<\/strong>\u00a0Botella de Tinta<\/span>\u00ae<\/li>\n<li><strong>Compatible con:<\/strong>\u00a0SC-T3100X y SC-T3170X<\/li>\n<li><span class=\"list-attribute\"><strong>Rendimiento<\/strong>:<\/span>\u00a0hasta 6,000 paginas<\/li>\n<li><strong>Condici\u00f3n<\/strong>: Original-Nuevo<\/li>\n<\/ul>\n","protected":false},"featured_media":3528,"template":"","meta":{"_uag_custom_page_level_css":"","_monsterinsights_skip_tracking":false,"_monsterinsights_sitenote_active":false,"_monsterinsights_sitenote_note":"","_monsterinsights_sitenote_category":0,"site-sidebar-layout":"default","site-content-layout":"","ast-site-content-layout":"default","site-content-style":"default","site-sidebar-style":"default","ast-global-header-display":"","ast-banner-title-visibility":"","ast-main-header-display":"","ast-hfb-above-header-display":"","ast-hfb-below-header-display":"","ast-hfb-mobile-header-display":"","site-post-title":"","ast-breadcrumbs-content":"","ast-featured-img":"","footer-sml-layout":"","theme-transparent-header-meta":"default","adv-header-id-meta":"","stick-header-meta":"","header-above-stick-meta":"","header-main-stick-meta":"","header-below-stick-meta":"","astra-migrate-meta-layouts":"set","ast-page-background-enabled":"default","ast-page-background-meta":{"desktop":{"background-color":"","background-image":"","background-repeat":"repeat","background-position":"center center","background-size":"auto","background-attachment":"scroll","background-type":"","background-media":"","overlay-type":"","overlay-color":"","overlay-gradient":""},"tablet":{"background-color":"","background-image":"","background-repeat":"repeat","background-position":"center center","background-size":"auto","background-attachment":"scroll","background-type":"","background-media":"","overlay-type":"","overlay-color":"","overlay-gradient":""},"mobile":{"background-color":"","background-image":"","background-repeat":"repeat","background-position":"center center","background-size":"auto","background-attachment":"scroll","background-type":"","background-media":"","overlay-type":"","overlay-color":"","overlay-gradient":""}},"ast-content-background-meta":{"desktop":{"background-color":"var(--ast-global-color-5)","background-image":"","background-repeat":"repeat","background-position":"center center","background-size":"auto","background-attachment":"scroll","background-type":"","background-media":"","overlay-type":"","overlay-color":"","overlay-gradient":""},"tablet":{"background-color":"var(--ast-global-color-5)","background-image":"","background-repeat":"repeat","background-position":"center center","background-size":"auto","background-attachment":"scroll","background-type":"","background-media":"","overlay-type":"","overlay-color":"","overlay-gradient":""},"mobile":{"background-color":"var(--ast-global-color-5)","background-image":"","background-repeat":"repeat","background-position":"center center","background-size":"auto","background-attachment":"scroll","background-type":"","background-media":"","overlay-type":"","overlay-color":"","overlay-gradient":""}}},"product_cat":[56],"product_tag":[],"class_list":{"0":"post-3527","1":"product","2":"type-product","3":"status-publish","4":"has-post-thumbnail","6":"product_cat-tintas","7":"desktop-align-center","8":"tablet-align-center","9":"mobile-align-center","11":"first","12":"instock","13":"taxable","14":"shipping-taxable","15":"product-type-simple"},"aioseo_notices":[],"jetpack_sharing_enabled":true,"uagb_featured_image_src":{"full":["https:\/\/sercoma.online\/wp-content\/uploads\/2024\/01\/TINTA-T49H2-1.png",2080,2080,false],"thumbnail":["https:\/\/sercoma.online\/wp-content\/uploads\/2024\/01\/TINTA-T49H2-1-150x150.png",150,150,true],"medium":["https:\/\/sercoma.online\/wp-content\/uploads\/2024\/01\/TINTA-T49H2-1-300x300.png",300,300,true],"medium_large":["https:\/\/sercoma.online\/wp-content\/uploads\/2024\/01\/TINTA-T49H2-1-768x768.png",768,768,true],"large":["https:\/\/sercoma.online\/wp-content\/uploads\/2024\/01\/TINTA-T49H2-1-1024x1024.png",1024,1024,true],"1536x1536":["https:\/\/sercoma.online\/wp-content\/uploads\/2024\/01\/TINTA-T49H2-1-1536x1536.png",1536,1536,true],"2048x2048":["https:\/\/sercoma.online\/wp-content\/uploads\/2024\/01\/TINTA-T49H2-1-2048x2048.png",2048,2048,true],"woocommerce_thumbnail":["https:\/\/sercoma.online\/wp-content\/uploads\/2024\/01\/TINTA-T49H2-1-300x300.png",300,300,true],"woocommerce_single":["https:\/\/sercoma.online\/wp-content\/uploads\/2024\/01\/TINTA-T49H2-1-600x600.png",600,600,true],"woocommerce_gallery_thumbnail":["https:\/\/sercoma.online\/wp-content\/uploads\/2024\/01\/TINTA-T49H2-1-100x100.png",100,100,true]},"uagb_author_info":{"display_name":"sercoma.online","author_link":"https:\/\/sercoma.online\/index.php\/author\/"},"uagb_comment_info":0,"uagb_excerpt":"Las tintas, los papeles especiales y las impresoras Epson est\u00e1n dise\u00f1ados para trabajar juntos y as\u00ed lograr los mejores resultados. Caracter\u00edsticas: Marca: Epson Color: Cyan Contenido: 140ml. Tipo de producto:\u00a0Botella de Tinta\u00ae Compatible con:\u00a0SC-T3100X y SC-T3170X Rendimiento:\u00a0hasta 6,000 paginas Condici\u00f3n: Original-Nuevo","_links":{"self":[{"href":"https:\/\/sercoma.online\/index.php\/wp-json\/wp\/v2\/product\/3527"}],"collection":[{"href":"https:\/\/sercoma.online\/index.php\/wp-json\/wp\/v2\/product"}],"about":[{"href":"https:\/\/sercoma.online\/index.php\/wp-json\/wp\/v2\/types\/product"}],"version-history":[{"count":2,"href":"https:\/\/sercoma.online\/index.php\/wp-json\/wp\/v2\/product\/3527\/revisions"}],"predecessor-version":[{"id":3534,"href":"https:\/\/sercoma.online\/index.php\/wp-json\/wp\/v2\/product\/3527\/revisions\/3534"}],"wp:featuredmedia":[{"embeddable":true,"href":"https:\/\/sercoma.online\/index.php\/wp-json\/wp\/v2\/media\/3528"}],"wp:attachment":[{"href":"https:\/\/sercoma.online\/index.php\/wp-json\/wp\/v2\/media?parent=3527"}],"wp:term":[{"taxonomy":"product_cat","embeddable":true,"href":"https:\/\/sercoma.online\/index.php\/wp-json\/wp\/v2\/product_cat?post=3527"},{"taxonomy":"product_tag","embeddable":true,"href":"https:\/\/sercoma.online\/index.php\/wp-json\/wp\/v2\/product_tag?post=3527"}],"curies":[{"name":"wp","href":"https:\/\/api.w.org\/{rel}","templated":true}]}}