{"id":2093,"date":"2023-10-12T16:37:51","date_gmt":"2023-10-12T16:37:51","guid":{"rendered":"https:\/\/sercoma.online\/?post_type=product&#038;p=2093"},"modified":"2024-11-20T20:38:08","modified_gmt":"2024-11-20T20:38:08","slug":"sky-oven-dtf-a3","status":"publish","type":"product","link":"https:\/\/sercoma.online\/index.php\/product\/sky-oven-dtf-a3\/","title":{"rendered":"Sky-Oven DTF A3"},"content":{"rendered":"<p>Horno de curado DTF tama\u00f1o A3, obt\u00e9n un curado perfecto en tus impresiones DTF (Digital Transfer Film). Dise\u00f1o de segunda generaci\u00f3n, con control de temperatura m\u00e1s preciso, secado y secado de ancho completo sin esquinas muertas, efecto de fusi\u00f3n de curado perfecto. Temporizaci\u00f3n autom\u00e1tica, zumbador de llegada y alarma LED.<\/p>\n<hr \/>\n<h4><strong>Especificaciones:<\/strong><\/h4>\n<ul>\n<li>Cura la pel\u00edcula hasta A3\/ (modelo de caj\u00f3n)<\/li>\n<li>Temperatura de curado hasta 320.0 \u00b0F (320\u00b0F)<\/li>\n<li>Control del temporizador digital del curado en polvo de TPU<\/li>\n<li>Suena una alarma cuando se completa el curado<\/li>\n<li>Consumo el\u00e9ctrico: 1.5KW<\/li>\n<li>N\u00famero de l\u00e1mparas: 6pcs<\/li>\n<li>Temporizador digital controlable: 180 \u2013 300s<\/li>\n<li>Dimensi\u00f3n (L*W*H): 551*531*205.7mm<\/li>\n<li>Tama\u00f1o del embalaje: 23.6 x 22 x 6.5 pulgadas.<\/li>\n<\/ul>\n","protected":false},"excerpt":{"rendered":"<p>Horno de curado DTF tama\u00f1o A3, obt\u00e9n un curado perfecto en tus impresiones DTF (Digital Transfer Film). Dise\u00f1o de segunda generaci\u00f3n, con control de temperatura m\u00e1s preciso, secado y secado de ancho completo sin esquinas muertas, efecto de fusi\u00f3n de curado perfecto. Temporizaci\u00f3n autom\u00e1tica, zumbador de llegada y alarma LED.<\/p>\n","protected":false},"featured_media":2094,"template":"","meta":{"_uag_custom_page_level_css":"","_monsterinsights_skip_tracking":false,"_monsterinsights_sitenote_active":false,"_monsterinsights_sitenote_note":"","_monsterinsights_sitenote_category":0,"site-sidebar-layout":"default","site-content-layout":"","ast-site-content-layout":"default","site-content-style":"default","site-sidebar-style":"default","ast-global-header-display":"","ast-banner-title-visibility":"","ast-main-header-display":"","ast-hfb-above-header-display":"","ast-hfb-below-header-display":"","ast-hfb-mobile-header-display":"","site-post-title":"","ast-breadcrumbs-content":"","ast-featured-img":"","footer-sml-layout":"","theme-transparent-header-meta":"default","adv-header-id-meta":"","stick-header-meta":"","header-above-stick-meta":"","header-main-stick-meta":"","header-below-stick-meta":"","astra-migrate-meta-layouts":"set","ast-page-background-enabled":"default","ast-page-background-meta":{"desktop":{"background-color":"","background-image":"","background-repeat":"repeat","background-position":"center center","background-size":"auto","background-attachment":"scroll","background-type":"","background-media":"","overlay-type":"","overlay-color":"","overlay-gradient":""},"tablet":{"background-color":"","background-image":"","background-repeat":"repeat","background-position":"center center","background-size":"auto","background-attachment":"scroll","background-type":"","background-media":"","overlay-type":"","overlay-color":"","overlay-gradient":""},"mobile":{"background-color":"","background-image":"","background-repeat":"repeat","background-position":"center center","background-size":"auto","background-attachment":"scroll","background-type":"","background-media":"","overlay-type":"","overlay-color":"","overlay-gradient":""}},"ast-content-background-meta":{"desktop":{"background-color":"var(--ast-global-color-5)","background-image":"","background-repeat":"repeat","background-position":"center center","background-size":"auto","background-attachment":"scroll","background-type":"","background-media":"","overlay-type":"","overlay-color":"","overlay-gradient":""},"tablet":{"background-color":"var(--ast-global-color-5)","background-image":"","background-repeat":"repeat","background-position":"center center","background-size":"auto","background-attachment":"scroll","background-type":"","background-media":"","overlay-type":"","overlay-color":"","overlay-gradient":""},"mobile":{"background-color":"var(--ast-global-color-5)","background-image":"","background-repeat":"repeat","background-position":"center center","background-size":"auto","background-attachment":"scroll","background-type":"","background-media":"","overlay-type":"","overlay-color":"","overlay-gradient":""}}},"product_cat":[58],"product_tag":[],"class_list":{"0":"post-2093","1":"product","2":"type-product","3":"status-publish","4":"has-post-thumbnail","6":"product_cat-dtf","7":"desktop-align-center","8":"tablet-align-center","9":"mobile-align-center","11":"first","12":"instock","13":"sale","14":"featured","15":"taxable","16":"shipping-taxable","17":"purchasable","18":"product-type-simple"},"aioseo_notices":[],"jetpack_sharing_enabled":true,"uagb_featured_image_src":{"full":["https:\/\/sercoma.online\/wp-content\/uploads\/2023\/10\/Horno1.png",2080,2080,false],"thumbnail":["https:\/\/sercoma.online\/wp-content\/uploads\/2023\/10\/Horno1-150x150.png",150,150,true],"medium":["https:\/\/sercoma.online\/wp-content\/uploads\/2023\/10\/Horno1-300x300.png",300,300,true],"medium_large":["https:\/\/sercoma.online\/wp-content\/uploads\/2023\/10\/Horno1-768x768.png",768,768,true],"large":["https:\/\/sercoma.online\/wp-content\/uploads\/2023\/10\/Horno1-1024x1024.png",1024,1024,true],"1536x1536":["https:\/\/sercoma.online\/wp-content\/uploads\/2023\/10\/Horno1-1536x1536.png",1536,1536,true],"2048x2048":["https:\/\/sercoma.online\/wp-content\/uploads\/2023\/10\/Horno1-2048x2048.png",2048,2048,true],"woocommerce_thumbnail":["https:\/\/sercoma.online\/wp-content\/uploads\/2023\/10\/Horno1-300x300.png",300,300,true],"woocommerce_single":["https:\/\/sercoma.online\/wp-content\/uploads\/2023\/10\/Horno1-600x600.png",600,600,true],"woocommerce_gallery_thumbnail":["https:\/\/sercoma.online\/wp-content\/uploads\/2023\/10\/Horno1-100x100.png",100,100,true]},"uagb_author_info":{"display_name":"sercoma.online","author_link":"https:\/\/sercoma.online\/index.php\/author\/"},"uagb_comment_info":0,"uagb_excerpt":"Horno de curado DTF tama\u00f1o A3, obt\u00e9n un curado perfecto en tus impresiones DTF (Digital Transfer Film). Dise\u00f1o de segunda generaci\u00f3n, con control de temperatura m\u00e1s preciso, secado y secado de ancho completo sin esquinas muertas, efecto de fusi\u00f3n de curado perfecto. Temporizaci\u00f3n autom\u00e1tica, zumbador de llegada y alarma LED.","_links":{"self":[{"href":"https:\/\/sercoma.online\/index.php\/wp-json\/wp\/v2\/product\/2093"}],"collection":[{"href":"https:\/\/sercoma.online\/index.php\/wp-json\/wp\/v2\/product"}],"about":[{"href":"https:\/\/sercoma.online\/index.php\/wp-json\/wp\/v2\/types\/product"}],"version-history":[{"count":1,"href":"https:\/\/sercoma.online\/index.php\/wp-json\/wp\/v2\/product\/2093\/revisions"}],"predecessor-version":[{"id":4438,"href":"https:\/\/sercoma.online\/index.php\/wp-json\/wp\/v2\/product\/2093\/revisions\/4438"}],"wp:featuredmedia":[{"embeddable":true,"href":"https:\/\/sercoma.online\/index.php\/wp-json\/wp\/v2\/media\/2094"}],"wp:attachment":[{"href":"https:\/\/sercoma.online\/index.php\/wp-json\/wp\/v2\/media?parent=2093"}],"wp:term":[{"taxonomy":"product_cat","embeddable":true,"href":"https:\/\/sercoma.online\/index.php\/wp-json\/wp\/v2\/product_cat?post=2093"},{"taxonomy":"product_tag","embeddable":true,"href":"https:\/\/sercoma.online\/index.php\/wp-json\/wp\/v2\/product_tag?post=2093"}],"curies":[{"name":"wp","href":"https:\/\/api.w.org\/{rel}","templated":true}]}}