{"id":2088,"date":"2023-10-11T23:10:38","date_gmt":"2023-10-11T23:10:38","guid":{"rendered":"https:\/\/sercoma.online\/?post_type=product&#038;p=2088"},"modified":"2024-11-20T20:38:42","modified_gmt":"2024-11-20T20:38:42","slug":"combo-10-en-1-serie-pro","status":"publish","type":"product","link":"https:\/\/sercoma.online\/index.php\/product\/combo-10-en-1-serie-pro\/","title":{"rendered":"Combo 10 en 1 serie pro"},"content":{"rendered":"<p>El Combo 10 en 1 Serie Pro para transferencia de im\u00e1genes de Color Make\u2122, posee dispositivos de precisi\u00f3n para la generaci\u00f3n de calor asegurando uniformidad y estabilidad en la temperatura y transmisi\u00f3n de la energ\u00eda t\u00e9rmica de manera eficiente. Gracias a sus nuevas e innovadoras l\u00e1minas de aluminio garantiza la distribuci\u00f3n uniforme del calor sobre todas las prensas. Su estructura esta elaborada con acero de alta resistencia y combina con la belleza de sus detalles de acabado . El dise\u00f1o de calentador de oscilaci\u00f3n plana puede ser f\u00e1cilmente intercambiado entre otros, tales como calentadores de platos o prensa de tazas. Es una m\u00e1quina de calor ideal para la impresi\u00f3n de variados blanks sublimables.<\/p>\n<hr \/>\n<h4><strong>Caracter\u00edsticas:<\/strong><\/h4>\n<p>Resistencias de \u00faltima tecnolog\u00eda, basadas en placas de aluminio con apenas 1,5 mm. de separaci\u00f3n que garantizan \u00e1reas mejor impresas y con rieles para recambio r\u00e1pido, en segundos y sin necesidad de herramientas. Este equipo es ideal para iniciarse en el mundo de la transferencia de im\u00e1genes en diferentes\u00a0productos promocionales.<\/p>\n<ul>\n<li>Pantalla Digital.<\/li>\n<li>Uso de Alarmas.<\/li>\n<li>Controlador fabricado con componentes japoneses.<\/li>\n<li>Repuestos disponibles.<\/li>\n<li>Garant\u00eda de 2 a\u00f1os.<\/li>\n<li>Voltaje de 110 v.<\/li>\n<li>Rango de temperatura: 0-220\u00b0C.<\/li>\n<li>Rango de tiempo: 0-999s.<\/li>\n<\/ul>\n<hr \/>\n<h4><strong>Incluye:<\/strong><\/h4>\n<ul>\n<li>Prensa plana de 29\u00d738 cm. teflonada.<\/li>\n<li>Prensa para gorras.<\/li>\n<li>Resistencia para platos.<\/li>\n<li>Resistencia cil\u00edndrica de 750 ml.<\/li>\n<li>Resistencia cil\u00edndrica de 11 oz.<\/li>\n<li>Resistencia cil\u00edndrica de 6 oz.<\/li>\n<li>Resistencia c\u00f3nica de tequileros.<\/li>\n<li>Resistencia c\u00f3nica de 17 oz.<\/li>\n<li>Resistencia c\u00f3nica de 12 oz.<\/li>\n<li>Goma para plumas.<\/li>\n<\/ul>\n","protected":false},"excerpt":{"rendered":"<hr \/>\n<p><span style=\"vertical-align: inherit;\"><span style=\"vertical-align: inherit;\">El Combo 10 en 1 Serie Pro para transferencia de im\u00e1genes de Color Make\u2122, posee dispositivos de precisi\u00f3n para la generaci\u00f3n de calor asegurando uniformidad y estabilidad en la temperatura y transmisi\u00f3n de la energ\u00eda t\u00e9rmica de manera eficiente. Gracias a sus nuevas e innovadoras l\u00e1minas de aluminio garantiza la distribuci\u00f3n uniforme del calor sobre todas las prensas. Su estructura esta elaborada con acero de alta resistencia y combina con la belleza de sus detalles de acabado . El dise\u00f1o de calentador de oscilaci\u00f3n plana puede ser f\u00e1cilmente intercambiado entre otros, tales como calentadores de platos o prensa de tazas. Es una m\u00e1quina de calor ideal para la impresi\u00f3n de variados blanks sublimables.<\/span><\/span><\/p>\n","protected":false},"featured_media":2089,"template":"","meta":{"_uag_custom_page_level_css":"","_monsterinsights_skip_tracking":false,"_monsterinsights_sitenote_active":false,"_monsterinsights_sitenote_note":"","_monsterinsights_sitenote_category":0,"site-sidebar-layout":"default","site-content-layout":"","ast-site-content-layout":"default","site-content-style":"default","site-sidebar-style":"default","ast-global-header-display":"","ast-banner-title-visibility":"","ast-main-header-display":"","ast-hfb-above-header-display":"","ast-hfb-below-header-display":"","ast-hfb-mobile-header-display":"","site-post-title":"","ast-breadcrumbs-content":"","ast-featured-img":"","footer-sml-layout":"","theme-transparent-header-meta":"default","adv-header-id-meta":"","stick-header-meta":"","header-above-stick-meta":"","header-main-stick-meta":"","header-below-stick-meta":"","astra-migrate-meta-layouts":"set","ast-page-background-enabled":"default","ast-page-background-meta":{"desktop":{"background-color":"","background-image":"","background-repeat":"repeat","background-position":"center center","background-size":"auto","background-attachment":"scroll","background-type":"","background-media":"","overlay-type":"","overlay-color":"","overlay-gradient":""},"tablet":{"background-color":"","background-image":"","background-repeat":"repeat","background-position":"center center","background-size":"auto","background-attachment":"scroll","background-type":"","background-media":"","overlay-type":"","overlay-color":"","overlay-gradient":""},"mobile":{"background-color":"","background-image":"","background-repeat":"repeat","background-position":"center center","background-size":"auto","background-attachment":"scroll","background-type":"","background-media":"","overlay-type":"","overlay-color":"","overlay-gradient":""}},"ast-content-background-meta":{"desktop":{"background-color":"var(--ast-global-color-5)","background-image":"","background-repeat":"repeat","background-position":"center center","background-size":"auto","background-attachment":"scroll","background-type":"","background-media":"","overlay-type":"","overlay-color":"","overlay-gradient":""},"tablet":{"background-color":"var(--ast-global-color-5)","background-image":"","background-repeat":"repeat","background-position":"center center","background-size":"auto","background-attachment":"scroll","background-type":"","background-media":"","overlay-type":"","overlay-color":"","overlay-gradient":""},"mobile":{"background-color":"var(--ast-global-color-5)","background-image":"","background-repeat":"repeat","background-position":"center center","background-size":"auto","background-attachment":"scroll","background-type":"","background-media":"","overlay-type":"","overlay-color":"","overlay-gradient":""}}},"product_cat":[58],"product_tag":[],"class_list":{"0":"post-2088","1":"product","2":"type-product","3":"status-publish","4":"has-post-thumbnail","6":"product_cat-dtf","7":"desktop-align-center","8":"tablet-align-center","9":"mobile-align-center","11":"first","12":"instock","13":"sale","14":"featured","15":"taxable","16":"shipping-taxable","17":"purchasable","18":"product-type-simple"},"aioseo_notices":[],"jetpack_sharing_enabled":true,"uagb_featured_image_src":{"full":["https:\/\/sercoma.online\/wp-content\/uploads\/2023\/10\/10en1-1.png",2080,2080,false],"thumbnail":["https:\/\/sercoma.online\/wp-content\/uploads\/2023\/10\/10en1-1-150x150.png",150,150,true],"medium":["https:\/\/sercoma.online\/wp-content\/uploads\/2023\/10\/10en1-1-300x300.png",300,300,true],"medium_large":["https:\/\/sercoma.online\/wp-content\/uploads\/2023\/10\/10en1-1-768x768.png",768,768,true],"large":["https:\/\/sercoma.online\/wp-content\/uploads\/2023\/10\/10en1-1-1024x1024.png",1024,1024,true],"1536x1536":["https:\/\/sercoma.online\/wp-content\/uploads\/2023\/10\/10en1-1-1536x1536.png",1536,1536,true],"2048x2048":["https:\/\/sercoma.online\/wp-content\/uploads\/2023\/10\/10en1-1-2048x2048.png",2048,2048,true],"woocommerce_thumbnail":["https:\/\/sercoma.online\/wp-content\/uploads\/2023\/10\/10en1-1-300x300.png",300,300,true],"woocommerce_single":["https:\/\/sercoma.online\/wp-content\/uploads\/2023\/10\/10en1-1-600x600.png",600,600,true],"woocommerce_gallery_thumbnail":["https:\/\/sercoma.online\/wp-content\/uploads\/2023\/10\/10en1-1-100x100.png",100,100,true]},"uagb_author_info":{"display_name":"sercoma.online","author_link":"https:\/\/sercoma.online\/index.php\/author\/"},"uagb_comment_info":0,"uagb_excerpt":"El Combo 10 en 1 Serie Pro para transferencia de im\u00e1genes de Color Make\u2122, posee dispositivos de precisi\u00f3n para la generaci\u00f3n de calor asegurando uniformidad y estabilidad en la temperatura y transmisi\u00f3n de la energ\u00eda t\u00e9rmica de manera eficiente. Gracias a sus nuevas e innovadoras l\u00e1minas de aluminio garantiza la distribuci\u00f3n uniforme del calor sobre&hellip;","_links":{"self":[{"href":"https:\/\/sercoma.online\/index.php\/wp-json\/wp\/v2\/product\/2088"}],"collection":[{"href":"https:\/\/sercoma.online\/index.php\/wp-json\/wp\/v2\/product"}],"about":[{"href":"https:\/\/sercoma.online\/index.php\/wp-json\/wp\/v2\/types\/product"}],"version-history":[{"count":2,"href":"https:\/\/sercoma.online\/index.php\/wp-json\/wp\/v2\/product\/2088\/revisions"}],"predecessor-version":[{"id":4439,"href":"https:\/\/sercoma.online\/index.php\/wp-json\/wp\/v2\/product\/2088\/revisions\/4439"}],"wp:featuredmedia":[{"embeddable":true,"href":"https:\/\/sercoma.online\/index.php\/wp-json\/wp\/v2\/media\/2089"}],"wp:attachment":[{"href":"https:\/\/sercoma.online\/index.php\/wp-json\/wp\/v2\/media?parent=2088"}],"wp:term":[{"taxonomy":"product_cat","embeddable":true,"href":"https:\/\/sercoma.online\/index.php\/wp-json\/wp\/v2\/product_cat?post=2088"},{"taxonomy":"product_tag","embeddable":true,"href":"https:\/\/sercoma.online\/index.php\/wp-json\/wp\/v2\/product_tag?post=2088"}],"curies":[{"name":"wp","href":"https:\/\/api.w.org\/{rel}","templated":true}]}}